{"id":1936,"date":"2022-08-11T13:22:43","date_gmt":"2022-08-11T13:22:43","guid":{"rendered":"https:\/\/wgl-demo.net\/emdene\/?post_type=product&#038;p=1936"},"modified":"2023-11-17T10:53:39","modified_gmt":"2023-11-17T10:53:39","slug":"chateau-de-lhospital","status":"publish","type":"product","link":"https:\/\/chateaudelhospital.fr\/fr\/product\/chateau-de-lhospital\/","title":{"rendered":"Ch\u00e2teau de L&#039;Hospital"},"content":{"rendered":"","protected":false},"excerpt":{"rendered":"<p>Le processus de r\u00e9colte est minutieux, une partie de la r\u00e9colte \u00e9tant effectu\u00e9e \u00e0 la main dans la fra\u00eecheur du matin, garantissant une qualit\u00e9 de fruit optimale.<\/p>\n<p>La composition du sol est caract\u00e9ris\u00e9e par un terroir tr\u00e8s fin de graves argileuses reposant sur un sous-sol calcaire, contribuant aux caract\u00e9ristiques uniques du vin. L&#039;assemblage d&#039;acceptation est \u00e9labor\u00e9 avec pr\u00e9cision, compos\u00e9 de 80% Sauvignon et 20% S\u00e9millon.<\/p>\n<p>Privil\u00e9giant la qualit\u00e9 plut\u00f4t que la quantit\u00e9, le vignoble s&#039;\u00e9tend sur 3 hectares, avec un rendement fix\u00e9 \u00e0 20 hectolitres par hectare et une densit\u00e9 soigneusement g\u00e9r\u00e9e de 5 500 pieds par hectare.<\/p>\n<p>Apr\u00e8s les vendanges, le vin subit un \u00e9levage sur lies fines pendant 9 mois, ajoutant complexit\u00e9 et profondeur au produit final. L&#039;aboutissement de ces efforts se traduit par une production de 6 600 bouteilles, chacune incarnant les qualit\u00e9s distinctives du vignoble. Ce vin d&#039;exception a \u00e9t\u00e9 mis en bouteille le 13 f\u00e9vrier 2023, repr\u00e9sentant un engagement artisanal et d\u00e9livrant un vin d&#039;une qualit\u00e9 exceptionnelle.<\/p>\n<p><strong>Composition des notes<\/strong><\/p>\n<ul class=\"emdene_check list_primary_color\">\n<li>80% Sauvignon<\/li>\n<li>20% S\u00e9millon<\/li>\n<\/ul>","protected":false},"featured_media":2883,"comment_status":"closed","ping_status":"closed","template":"","meta":[],"product_cat":[45],"product_tag":[],"class_list":{"0":"post-1936","1":"product","2":"type-product","3":"status-publish","4":"has-post-thumbnail","6":"product_cat-wine","8":"first","9":"instock","10":"shipping-taxable","11":"purchasable","12":"product-type-simple"},"acf":[],"yoast_head":"<!-- This site is optimized with the Yoast SEO plugin v24.8.1 - https:\/\/yoast.com\/wordpress\/plugins\/seo\/ -->\n<title>Ch\u00e2teau de L&#039;Hospital - Ch\u00e2teau de L&#039;Hospital<\/title>\n<meta name=\"robots\" content=\"index, follow, max-snippet:-1, max-image-preview:large, max-video-preview:-1\" \/>\n<link rel=\"canonical\" href=\"https:\/\/chateaudelhospital.fr\/fr\/produit\/chateau-de-lhospital\/\" \/>\n<meta property=\"og:locale\" content=\"fr_FR\" \/>\n<meta property=\"og:type\" content=\"article\" \/>\n<meta property=\"og:title\" content=\"Ch\u00e2teau de L&#039;Hospital - Ch\u00e2teau de L&#039;Hospital\" \/>\n<meta property=\"og:description\" content=\"The harvest process involves a meticulous approach, with a portion of the harvest being done by hand in the cool of the morning, ensuring optimal fruit quality.  The soil composition is characterized by a very fine terroir of clayey gravel resting on a limestone subsoil, contributing to the unique characteristics of the wine. The acceptance blend is crafted with precision, consisting of 80% Sauvignon and 20% Semillon.  Dedicated to quality over quantity, the vineyard spans 3 hectares, with a yield set at 20 hectolitres per hectare and a carefully managed density of 5,500 vines per hectare.  Following the harvest, the wine undergoes an ageing process, being aged on fine lees for 9 months, adding complexity and depth to the final product. The culmination of these efforts results in a production of 6,600 bottles, each embodying the distinctive qualities of the vineyard. This exceptional wine was bottled on February 13, 2023, representing a commitment to craftsmanship and delivering a wine of exceptional quality.  Grade Composition   80% Sauvignon  20% Semillon\" \/>\n<meta property=\"og:url\" content=\"https:\/\/chateaudelhospital.fr\/fr\/produit\/chateau-de-lhospital\/\" \/>\n<meta property=\"og:site_name\" content=\"Ch\u00e2teau de L&#039;Hospital\" \/>\n<meta property=\"article:modified_time\" content=\"2023-11-17T10:53:39+00:00\" \/>\n<meta property=\"og:image\" content=\"https:\/\/chateaudelhospital.fr\/wp-content\/uploads\/2022\/08\/GRAVES-BLANC-2022.jpg\" \/>\n\t<meta property=\"og:image:width\" content=\"1080\" \/>\n\t<meta property=\"og:image:height\" content=\"1080\" \/>\n\t<meta property=\"og:image:type\" content=\"image\/jpeg\" \/>\n<meta name=\"twitter:card\" content=\"summary_large_image\" \/>\n<script type=\"application\/ld+json\" class=\"yoast-schema-graph\">{\"@context\":\"https:\/\/schema.org\",\"@graph\":[{\"@type\":\"WebPage\",\"@id\":\"https:\/\/chateaudelhospital.fr\/en_us\/product\/chateau-de-lhospital\/\",\"url\":\"https:\/\/chateaudelhospital.fr\/en_us\/product\/chateau-de-lhospital\/\",\"name\":\"Ch\u00e2teau de L'Hospital - Ch\u00e2teau de L&#039;Hospital\",\"isPartOf\":{\"@id\":\"https:\/\/chateaudelhospital.fr\/fr\/#website\"},\"primaryImageOfPage\":{\"@id\":\"https:\/\/chateaudelhospital.fr\/en_us\/product\/chateau-de-lhospital\/#primaryimage\"},\"image\":{\"@id\":\"https:\/\/chateaudelhospital.fr\/en_us\/product\/chateau-de-lhospital\/#primaryimage\"},\"thumbnailUrl\":\"https:\/\/chateaudelhospital.fr\/wp-content\/uploads\/2022\/08\/GRAVES-BLANC-2022.jpg\",\"datePublished\":\"2022-08-11T13:22:43+00:00\",\"dateModified\":\"2023-11-17T10:53:39+00:00\",\"breadcrumb\":{\"@id\":\"https:\/\/chateaudelhospital.fr\/en_us\/product\/chateau-de-lhospital\/#breadcrumb\"},\"inLanguage\":\"fr-FR\",\"potentialAction\":[{\"@type\":\"ReadAction\",\"target\":[\"https:\/\/chateaudelhospital.fr\/en_us\/product\/chateau-de-lhospital\/\"]}]},{\"@type\":\"ImageObject\",\"inLanguage\":\"fr-FR\",\"@id\":\"https:\/\/chateaudelhospital.fr\/en_us\/product\/chateau-de-lhospital\/#primaryimage\",\"url\":\"https:\/\/chateaudelhospital.fr\/wp-content\/uploads\/2022\/08\/GRAVES-BLANC-2022.jpg\",\"contentUrl\":\"https:\/\/chateaudelhospital.fr\/wp-content\/uploads\/2022\/08\/GRAVES-BLANC-2022.jpg\",\"width\":1080,\"height\":1080},{\"@type\":\"BreadcrumbList\",\"@id\":\"https:\/\/chateaudelhospital.fr\/en_us\/product\/chateau-de-lhospital\/#breadcrumb\",\"itemListElement\":[{\"@type\":\"ListItem\",\"position\":1,\"name\":\"Home\",\"item\":\"https:\/\/chateaudelhospital.fr\/\"},{\"@type\":\"ListItem\",\"position\":2,\"name\":\"Shop\",\"item\":\"https:\/\/chateaudelhospital.fr\/fr\/shop\/\"},{\"@type\":\"ListItem\",\"position\":3,\"name\":\"Ch\u00e2teau de L&#8217;Hospital\"}]},{\"@type\":\"WebSite\",\"@id\":\"https:\/\/chateaudelhospital.fr\/fr\/#website\",\"url\":\"https:\/\/chateaudelhospital.fr\/fr\/\",\"name\":\"Ch\u00e2teau de L&#039;Hospital\",\"description\":\"\",\"potentialAction\":[{\"@type\":\"SearchAction\",\"target\":{\"@type\":\"EntryPoint\",\"urlTemplate\":\"https:\/\/chateaudelhospital.fr\/fr\/?s={search_term_string}\"},\"query-input\":{\"@type\":\"PropertyValueSpecification\",\"valueRequired\":true,\"valueName\":\"search_term_string\"}}],\"inLanguage\":\"fr-FR\"}]}<\/script>\n<!-- \/ Yoast SEO plugin. -->","yoast_head_json":{"title":"Ch\u00e2teau de L'Hospital - Ch\u00e2teau de L&#039;Hospital","robots":{"index":"index","follow":"follow","max-snippet":"max-snippet:-1","max-image-preview":"max-image-preview:large","max-video-preview":"max-video-preview:-1"},"canonical":"https:\/\/chateaudelhospital.fr\/fr\/produit\/chateau-de-lhospital\/","og_locale":"fr_FR","og_type":"article","og_title":"Ch\u00e2teau de L'Hospital - Ch\u00e2teau de L&#039;Hospital","og_description":"The harvest process involves a meticulous approach, with a portion of the harvest being done by hand in the cool of the morning, ensuring optimal fruit quality.  The soil composition is characterized by a very fine terroir of clayey gravel resting on a limestone subsoil, contributing to the unique characteristics of the wine. The acceptance blend is crafted with precision, consisting of 80% Sauvignon and 20% Semillon.  Dedicated to quality over quantity, the vineyard spans 3 hectares, with a yield set at 20 hectolitres per hectare and a carefully managed density of 5,500 vines per hectare.  Following the harvest, the wine undergoes an ageing process, being aged on fine lees for 9 months, adding complexity and depth to the final product. The culmination of these efforts results in a production of 6,600 bottles, each embodying the distinctive qualities of the vineyard. This exceptional wine was bottled on February 13, 2023, representing a commitment to craftsmanship and delivering a wine of exceptional quality.  Grade Composition   80% Sauvignon  20% Semillon","og_url":"https:\/\/chateaudelhospital.fr\/fr\/produit\/chateau-de-lhospital\/","og_site_name":"Ch\u00e2teau de L&#039;Hospital","article_modified_time":"2023-11-17T10:53:39+00:00","og_image":[{"width":1080,"height":1080,"url":"https:\/\/chateaudelhospital.fr\/wp-content\/uploads\/2022\/08\/GRAVES-BLANC-2022.jpg","type":"image\/jpeg"}],"twitter_card":"summary_large_image","schema":{"@context":"https:\/\/schema.org","@graph":[{"@type":"WebPage","@id":"https:\/\/chateaudelhospital.fr\/en_us\/product\/chateau-de-lhospital\/","url":"https:\/\/chateaudelhospital.fr\/en_us\/product\/chateau-de-lhospital\/","name":"Ch\u00e2teau de L'Hospital - Ch\u00e2teau de L&#039;Hospital","isPartOf":{"@id":"https:\/\/chateaudelhospital.fr\/fr\/#website"},"primaryImageOfPage":{"@id":"https:\/\/chateaudelhospital.fr\/en_us\/product\/chateau-de-lhospital\/#primaryimage"},"image":{"@id":"https:\/\/chateaudelhospital.fr\/en_us\/product\/chateau-de-lhospital\/#primaryimage"},"thumbnailUrl":"https:\/\/chateaudelhospital.fr\/wp-content\/uploads\/2022\/08\/GRAVES-BLANC-2022.jpg","datePublished":"2022-08-11T13:22:43+00:00","dateModified":"2023-11-17T10:53:39+00:00","breadcrumb":{"@id":"https:\/\/chateaudelhospital.fr\/en_us\/product\/chateau-de-lhospital\/#breadcrumb"},"inLanguage":"fr-FR","potentialAction":[{"@type":"ReadAction","target":["https:\/\/chateaudelhospital.fr\/en_us\/product\/chateau-de-lhospital\/"]}]},{"@type":"ImageObject","inLanguage":"fr-FR","@id":"https:\/\/chateaudelhospital.fr\/en_us\/product\/chateau-de-lhospital\/#primaryimage","url":"https:\/\/chateaudelhospital.fr\/wp-content\/uploads\/2022\/08\/GRAVES-BLANC-2022.jpg","contentUrl":"https:\/\/chateaudelhospital.fr\/wp-content\/uploads\/2022\/08\/GRAVES-BLANC-2022.jpg","width":1080,"height":1080},{"@type":"BreadcrumbList","@id":"https:\/\/chateaudelhospital.fr\/en_us\/product\/chateau-de-lhospital\/#breadcrumb","itemListElement":[{"@type":"ListItem","position":1,"name":"Home","item":"https:\/\/chateaudelhospital.fr\/"},{"@type":"ListItem","position":2,"name":"Shop","item":"https:\/\/chateaudelhospital.fr\/fr\/shop\/"},{"@type":"ListItem","position":3,"name":"Ch\u00e2teau de L&#8217;Hospital"}]},{"@type":"WebSite","@id":"https:\/\/chateaudelhospital.fr\/fr\/#website","url":"https:\/\/chateaudelhospital.fr\/fr\/","name":"Ch\u00e2teau de L&#039;Hospital","description":"","potentialAction":[{"@type":"SearchAction","target":{"@type":"EntryPoint","urlTemplate":"https:\/\/chateaudelhospital.fr\/fr\/?s={search_term_string}"},"query-input":{"@type":"PropertyValueSpecification","valueRequired":true,"valueName":"search_term_string"}}],"inLanguage":"fr-FR"}]}},"_links":{"self":[{"href":"https:\/\/chateaudelhospital.fr\/fr\/wp-json\/wp\/v2\/product\/1936","targetHints":{"allow":["GET"]}}],"collection":[{"href":"https:\/\/chateaudelhospital.fr\/fr\/wp-json\/wp\/v2\/product"}],"about":[{"href":"https:\/\/chateaudelhospital.fr\/fr\/wp-json\/wp\/v2\/types\/product"}],"replies":[{"embeddable":true,"href":"https:\/\/chateaudelhospital.fr\/fr\/wp-json\/wp\/v2\/comments?post=1936"}],"wp:featuredmedia":[{"embeddable":true,"href":"https:\/\/chateaudelhospital.fr\/fr\/wp-json\/wp\/v2\/media\/2883"}],"wp:attachment":[{"href":"https:\/\/chateaudelhospital.fr\/fr\/wp-json\/wp\/v2\/media?parent=1936"}],"wp:term":[{"taxonomy":"product_cat","embeddable":true,"href":"https:\/\/chateaudelhospital.fr\/fr\/wp-json\/wp\/v2\/product_cat?post=1936"},{"taxonomy":"product_tag","embeddable":true,"href":"https:\/\/chateaudelhospital.fr\/fr\/wp-json\/wp\/v2\/product_tag?post=1936"}],"curies":[{"name":"wp","href":"https:\/\/api.w.org\/{rel}","templated":true}]}}