{"id":1924,"date":"2022-08-11T13:19:21","date_gmt":"2022-08-11T13:19:21","guid":{"rendered":"https:\/\/wgl-demo.net\/emdene\/?post_type=product&#038;p=1924"},"modified":"2023-11-17T10:53:00","modified_gmt":"2023-11-17T10:53:00","slug":"solstice","status":"publish","type":"product","link":"https:\/\/chateaudelhospital.fr\/fr\/product\/solstice\/","title":{"rendered":"Solstice"},"content":{"rendered":"","protected":false},"excerpt":{"rendered":"<p>Les raisins Merlot de ce produit ont \u00e9t\u00e9 soigneusement r\u00e9colt\u00e9s \u00e0 la mi-septembre \u00e0 maturit\u00e9 optimale. La composition des sols est caract\u00e9ris\u00e9e par un terroir tr\u00e8s fin de graves argileuses reposant sur un sous-sol calcaire. Le m\u00e9lange accept\u00e9 est exclusivement du Merlot 100%. La superficie d\u00e9di\u00e9e \u00e0 la culture est de 1,5 hectare, soit un rendement de 45 hectolitres par hectare, avec une densit\u00e9 de plantation de 5 500 pieds par hectare.<\/p>\n<p>Pour l&#039;\u00e9levage, une approche minutieuse est adopt\u00e9e, avec 1001 TP3T du vin \u00e9lev\u00e9 en cuve pour pr\u00e9server les caract\u00e9ristiques du fruit. La production globale de ce vin s&#039;\u00e9l\u00e8ve \u00e0 5 400 bouteilles, t\u00e9moignant d&#039;un engagement de qualit\u00e9 et de savoir-faire.<\/p>\n<p><strong>Composition des notes<\/strong><\/p>\n<ul class=\"emdene_check list_primary_color\">\n<li>100% Merlot<\/li>\n<\/ul>","protected":false},"featured_media":2880,"comment_status":"closed","ping_status":"closed","template":"","meta":[],"product_cat":[45],"product_tag":[],"class_list":{"0":"post-1924","1":"product","2":"type-product","3":"status-publish","4":"has-post-thumbnail","6":"product_cat-wine","8":"first","9":"instock","10":"shipping-taxable","11":"purchasable","12":"product-type-simple"},"acf":[],"yoast_head":"<!-- This site is optimized with the Yoast SEO plugin v24.8.1 - https:\/\/yoast.com\/wordpress\/plugins\/seo\/ -->\n<title>Solstice - Ch\u00e2teau de L&#039;Hospital<\/title>\n<meta name=\"robots\" content=\"index, follow, max-snippet:-1, max-image-preview:large, max-video-preview:-1\" \/>\n<link rel=\"canonical\" href=\"https:\/\/chateaudelhospital.fr\/fr\/produit\/solstice\/\" \/>\n<meta property=\"og:locale\" content=\"fr_FR\" \/>\n<meta property=\"og:type\" content=\"article\" \/>\n<meta property=\"og:title\" content=\"Solstice - Ch\u00e2teau de L&#039;Hospital\" \/>\n<meta property=\"og:description\" content=\"The Merlot grapes for this product were carefully harvested in mid-September at optimum ripeness. The soil composition is characterized by a very fine terroir of clayey gravel resting on a limestone subsoil. The acceptance blend is exclusively 100% Merlot. The dedicated surface area for cultivation is 1.5 hectares, resulting in a yield of 45 hectolitres per hectare, with a planting density of 5,500 vines per hectare.  For the ageing process, a meticulous approach is adopted, with 100% of the wine matured in vats to preserve the fruit characteristics. The overall production of this wine amounts to 5,400 bottles, showcasing a commitment to quality and craftsmanship.  Grade Composition   100% Merlot\" \/>\n<meta property=\"og:url\" content=\"https:\/\/chateaudelhospital.fr\/fr\/produit\/solstice\/\" \/>\n<meta property=\"og:site_name\" content=\"Ch\u00e2teau de L&#039;Hospital\" \/>\n<meta property=\"article:modified_time\" content=\"2023-11-17T10:53:00+00:00\" \/>\n<meta property=\"og:image\" content=\"https:\/\/chateaudelhospital.fr\/wp-content\/uploads\/2022\/08\/GRAVES-ROUGE-2020.jpg\" \/>\n\t<meta property=\"og:image:width\" content=\"1080\" \/>\n\t<meta property=\"og:image:height\" content=\"1080\" \/>\n\t<meta property=\"og:image:type\" content=\"image\/jpeg\" \/>\n<meta name=\"twitter:card\" content=\"summary_large_image\" \/>\n<script type=\"application\/ld+json\" class=\"yoast-schema-graph\">{\"@context\":\"https:\/\/schema.org\",\"@graph\":[{\"@type\":\"WebPage\",\"@id\":\"https:\/\/chateaudelhospital.fr\/en_us\/product\/solstice\/\",\"url\":\"https:\/\/chateaudelhospital.fr\/en_us\/product\/solstice\/\",\"name\":\"Solstice - Ch\u00e2teau de L&#039;Hospital\",\"isPartOf\":{\"@id\":\"https:\/\/chateaudelhospital.fr\/fr\/#website\"},\"primaryImageOfPage\":{\"@id\":\"https:\/\/chateaudelhospital.fr\/en_us\/product\/solstice\/#primaryimage\"},\"image\":{\"@id\":\"https:\/\/chateaudelhospital.fr\/en_us\/product\/solstice\/#primaryimage\"},\"thumbnailUrl\":\"https:\/\/chateaudelhospital.fr\/wp-content\/uploads\/2022\/08\/GRAVES-ROUGE-2020.jpg\",\"datePublished\":\"2022-08-11T13:19:21+00:00\",\"dateModified\":\"2023-11-17T10:53:00+00:00\",\"breadcrumb\":{\"@id\":\"https:\/\/chateaudelhospital.fr\/en_us\/product\/solstice\/#breadcrumb\"},\"inLanguage\":\"fr-FR\",\"potentialAction\":[{\"@type\":\"ReadAction\",\"target\":[\"https:\/\/chateaudelhospital.fr\/en_us\/product\/solstice\/\"]}]},{\"@type\":\"ImageObject\",\"inLanguage\":\"fr-FR\",\"@id\":\"https:\/\/chateaudelhospital.fr\/en_us\/product\/solstice\/#primaryimage\",\"url\":\"https:\/\/chateaudelhospital.fr\/wp-content\/uploads\/2022\/08\/GRAVES-ROUGE-2020.jpg\",\"contentUrl\":\"https:\/\/chateaudelhospital.fr\/wp-content\/uploads\/2022\/08\/GRAVES-ROUGE-2020.jpg\",\"width\":1080,\"height\":1080},{\"@type\":\"BreadcrumbList\",\"@id\":\"https:\/\/chateaudelhospital.fr\/en_us\/product\/solstice\/#breadcrumb\",\"itemListElement\":[{\"@type\":\"ListItem\",\"position\":1,\"name\":\"Home\",\"item\":\"https:\/\/chateaudelhospital.fr\/\"},{\"@type\":\"ListItem\",\"position\":2,\"name\":\"Shop\",\"item\":\"https:\/\/chateaudelhospital.fr\/fr\/shop\/\"},{\"@type\":\"ListItem\",\"position\":3,\"name\":\"Solstice\"}]},{\"@type\":\"WebSite\",\"@id\":\"https:\/\/chateaudelhospital.fr\/fr\/#website\",\"url\":\"https:\/\/chateaudelhospital.fr\/fr\/\",\"name\":\"Ch\u00e2teau de L&#039;Hospital\",\"description\":\"\",\"potentialAction\":[{\"@type\":\"SearchAction\",\"target\":{\"@type\":\"EntryPoint\",\"urlTemplate\":\"https:\/\/chateaudelhospital.fr\/fr\/?s={search_term_string}\"},\"query-input\":{\"@type\":\"PropertyValueSpecification\",\"valueRequired\":true,\"valueName\":\"search_term_string\"}}],\"inLanguage\":\"fr-FR\"}]}<\/script>\n<!-- \/ Yoast SEO plugin. -->","yoast_head_json":{"title":"Solstice - Ch\u00e2teau de L&#039;Hospital","robots":{"index":"index","follow":"follow","max-snippet":"max-snippet:-1","max-image-preview":"max-image-preview:large","max-video-preview":"max-video-preview:-1"},"canonical":"https:\/\/chateaudelhospital.fr\/fr\/produit\/solstice\/","og_locale":"fr_FR","og_type":"article","og_title":"Solstice - Ch\u00e2teau de L&#039;Hospital","og_description":"The Merlot grapes for this product were carefully harvested in mid-September at optimum ripeness. The soil composition is characterized by a very fine terroir of clayey gravel resting on a limestone subsoil. The acceptance blend is exclusively 100% Merlot. The dedicated surface area for cultivation is 1.5 hectares, resulting in a yield of 45 hectolitres per hectare, with a planting density of 5,500 vines per hectare.  For the ageing process, a meticulous approach is adopted, with 100% of the wine matured in vats to preserve the fruit characteristics. The overall production of this wine amounts to 5,400 bottles, showcasing a commitment to quality and craftsmanship.  Grade Composition   100% Merlot","og_url":"https:\/\/chateaudelhospital.fr\/fr\/produit\/solstice\/","og_site_name":"Ch\u00e2teau de L&#039;Hospital","article_modified_time":"2023-11-17T10:53:00+00:00","og_image":[{"width":1080,"height":1080,"url":"https:\/\/chateaudelhospital.fr\/wp-content\/uploads\/2022\/08\/GRAVES-ROUGE-2020.jpg","type":"image\/jpeg"}],"twitter_card":"summary_large_image","schema":{"@context":"https:\/\/schema.org","@graph":[{"@type":"WebPage","@id":"https:\/\/chateaudelhospital.fr\/en_us\/product\/solstice\/","url":"https:\/\/chateaudelhospital.fr\/en_us\/product\/solstice\/","name":"Solstice - Ch\u00e2teau de L&#039;Hospital","isPartOf":{"@id":"https:\/\/chateaudelhospital.fr\/fr\/#website"},"primaryImageOfPage":{"@id":"https:\/\/chateaudelhospital.fr\/en_us\/product\/solstice\/#primaryimage"},"image":{"@id":"https:\/\/chateaudelhospital.fr\/en_us\/product\/solstice\/#primaryimage"},"thumbnailUrl":"https:\/\/chateaudelhospital.fr\/wp-content\/uploads\/2022\/08\/GRAVES-ROUGE-2020.jpg","datePublished":"2022-08-11T13:19:21+00:00","dateModified":"2023-11-17T10:53:00+00:00","breadcrumb":{"@id":"https:\/\/chateaudelhospital.fr\/en_us\/product\/solstice\/#breadcrumb"},"inLanguage":"fr-FR","potentialAction":[{"@type":"ReadAction","target":["https:\/\/chateaudelhospital.fr\/en_us\/product\/solstice\/"]}]},{"@type":"ImageObject","inLanguage":"fr-FR","@id":"https:\/\/chateaudelhospital.fr\/en_us\/product\/solstice\/#primaryimage","url":"https:\/\/chateaudelhospital.fr\/wp-content\/uploads\/2022\/08\/GRAVES-ROUGE-2020.jpg","contentUrl":"https:\/\/chateaudelhospital.fr\/wp-content\/uploads\/2022\/08\/GRAVES-ROUGE-2020.jpg","width":1080,"height":1080},{"@type":"BreadcrumbList","@id":"https:\/\/chateaudelhospital.fr\/en_us\/product\/solstice\/#breadcrumb","itemListElement":[{"@type":"ListItem","position":1,"name":"Home","item":"https:\/\/chateaudelhospital.fr\/"},{"@type":"ListItem","position":2,"name":"Shop","item":"https:\/\/chateaudelhospital.fr\/fr\/shop\/"},{"@type":"ListItem","position":3,"name":"Solstice"}]},{"@type":"WebSite","@id":"https:\/\/chateaudelhospital.fr\/fr\/#website","url":"https:\/\/chateaudelhospital.fr\/fr\/","name":"Ch\u00e2teau de L&#039;Hospital","description":"","potentialAction":[{"@type":"SearchAction","target":{"@type":"EntryPoint","urlTemplate":"https:\/\/chateaudelhospital.fr\/fr\/?s={search_term_string}"},"query-input":{"@type":"PropertyValueSpecification","valueRequired":true,"valueName":"search_term_string"}}],"inLanguage":"fr-FR"}]}},"_links":{"self":[{"href":"https:\/\/chateaudelhospital.fr\/fr\/wp-json\/wp\/v2\/product\/1924","targetHints":{"allow":["GET"]}}],"collection":[{"href":"https:\/\/chateaudelhospital.fr\/fr\/wp-json\/wp\/v2\/product"}],"about":[{"href":"https:\/\/chateaudelhospital.fr\/fr\/wp-json\/wp\/v2\/types\/product"}],"replies":[{"embeddable":true,"href":"https:\/\/chateaudelhospital.fr\/fr\/wp-json\/wp\/v2\/comments?post=1924"}],"wp:featuredmedia":[{"embeddable":true,"href":"https:\/\/chateaudelhospital.fr\/fr\/wp-json\/wp\/v2\/media\/2880"}],"wp:attachment":[{"href":"https:\/\/chateaudelhospital.fr\/fr\/wp-json\/wp\/v2\/media?parent=1924"}],"wp:term":[{"taxonomy":"product_cat","embeddable":true,"href":"https:\/\/chateaudelhospital.fr\/fr\/wp-json\/wp\/v2\/product_cat?post=1924"},{"taxonomy":"product_tag","embeddable":true,"href":"https:\/\/chateaudelhospital.fr\/fr\/wp-json\/wp\/v2\/product_tag?post=1924"}],"curies":[{"name":"wp","href":"https:\/\/api.w.org\/{rel}","templated":true}]}}