{"id":1915,"date":"2022-08-11T13:12:16","date_gmt":"2022-08-11T13:12:16","guid":{"rendered":"https:\/\/wgl-demo.net\/emdene\/?post_type=product&#038;p=1915"},"modified":"2023-11-17T10:51:48","modified_gmt":"2023-11-17T10:51:48","slug":"la-dame-de-lhospital","status":"publish","type":"product","link":"https:\/\/chateaudelhospital.fr\/fr\/product\/la-dame-de-lhopital\/","title":{"rendered":"La Dame de L&#039;Hospital"},"content":{"rendered":"","protected":false},"excerpt":{"rendered":"<p>Les raisins de HOSPITAL ont fait l'objet d'une r\u00e9colte m\u00e9ticuleuse, atteignant une maturit\u00e9 optimale \u00e0 la fin du mois de septembre pour le merlot et le 6 octobre pour le cabernet sauvignon, garantissant ainsi le plein potentiel de saveur des raisins.<\/p>\n<p>La composition du sol est caract\u00e9ris\u00e9e par un terroir tr\u00e8s fin de graves argileuses reposant sur un sous-sol calcaire, conf\u00e9rant au vin des qualit\u00e9s uniques. L&#039;assemblage d&#039;acceptation est une combinaison harmonieuse de 90% Merlot Noir et 10% Cabernet-Sauvignon.<\/p>\n<p>S&#039;\u00e9tendant sur 9,5 hectares, le vignoble produit 47 hectolitres par hectare, avec une densit\u00e9 soigneusement g\u00e9r\u00e9e de 5 500 pieds par hectare. Le processus d&#039;\u00e9levage est un \u00e9quilibre r\u00e9fl\u00e9chi, avec 20% du vin \u00e9lev\u00e9 en f\u00fbts et 80% en cuves inox, visant \u00e0 pr\u00e9server les caract\u00e9ristiques fruit\u00e9es inh\u00e9rentes.<\/p>\n<p>L'aboutissement de ces efforts se traduit par une production de 60 000 bouteilles, chacune incarnant les qualit\u00e9s distinctives des raisins du vignoble HOSPITAL, cr\u00e9ant un vin qui refl\u00e8te l'art et le d\u00e9vouement \u00e0 l'artisanat.<\/p>\n<p><strong>Composition des notes<\/strong><\/p>\n<ul class=\"emdene_check list_primary_color\">\n<li>90% Merlot Noir<\/li>\n<li>10% Cabernet-Sauvignon<\/li>\n<\/ul>","protected":false},"featured_media":2877,"comment_status":"closed","ping_status":"closed","template":"","meta":[],"product_cat":[45],"product_tag":[],"class_list":{"0":"post-1915","1":"product","2":"type-product","3":"status-publish","4":"has-post-thumbnail","6":"product_cat-wine","8":"first","9":"instock","10":"shipping-taxable","11":"purchasable","12":"product-type-simple"},"acf":[],"yoast_head":"<!-- This site is optimized with the Yoast SEO plugin v24.8.1 - https:\/\/yoast.com\/wordpress\/plugins\/seo\/ -->\n<title>La Dame de L&#039;Hospital - Ch\u00e2teau de L&#039;Hospital<\/title>\n<meta name=\"robots\" content=\"index, follow, max-snippet:-1, max-image-preview:large, max-video-preview:-1\" \/>\n<link rel=\"canonical\" href=\"https:\/\/chateaudelhospital.fr\/fr\/produit\/la-dame-de-lhopital\/\" \/>\n<meta property=\"og:locale\" content=\"fr_FR\" \/>\n<meta property=\"og:type\" content=\"article\" \/>\n<meta property=\"og:title\" content=\"La Dame de L&#039;Hospital - Ch\u00e2teau de L&#039;Hospital\" \/>\n<meta property=\"og:description\" content=\"The HOSPITAL grapes underwent a meticulous harvest, reaching optimum ripeness at the end of September for the Merlot and on October 6 for the Cabernet Sauvignon, ensuring the grapes&#039; full flavor potential.  The soil composition is characterized by a very fine terroir of clayey gravel resting on a limestone subsoil, imparting unique qualities to the wine. The acceptance blend is a harmonious combination of 90% Merlot Noir and 10% Cabernet-Sauvignon.  Spanning 9.5 hectares, the vineyard yields 47 hectolitres per hectare, with a carefully managed density of 5,500 vines per hectare. The ageing process is a thoughtful balance, with 20% of the wine matured in barrels and 80% in stainless steel vats, aiming to preserve the inherent fruit characteristics.  The culmination of these efforts results in a production of 60,000 bottles, each embodying the distinctive qualities of the HOSPITAL vineyard&#039;s grapes, creating a wine that reflects the artistry and dedication to craftsmanship.  Grade Composition   90% Merlot Noir  10% Cabernet-Sauvignon\" \/>\n<meta property=\"og:url\" content=\"https:\/\/chateaudelhospital.fr\/fr\/produit\/la-dame-de-lhopital\/\" \/>\n<meta property=\"og:site_name\" content=\"Ch\u00e2teau de L&#039;Hospital\" \/>\n<meta property=\"article:modified_time\" content=\"2023-11-17T10:51:48+00:00\" \/>\n<meta property=\"og:image\" content=\"https:\/\/chateaudelhospital.fr\/wp-content\/uploads\/2022\/08\/GRAVES-ROUGE-2019C.jpg\" \/>\n\t<meta property=\"og:image:width\" content=\"1080\" \/>\n\t<meta property=\"og:image:height\" content=\"1080\" \/>\n\t<meta property=\"og:image:type\" content=\"image\/jpeg\" \/>\n<meta name=\"twitter:card\" content=\"summary_large_image\" \/>\n<script type=\"application\/ld+json\" class=\"yoast-schema-graph\">{\"@context\":\"https:\/\/schema.org\",\"@graph\":[{\"@type\":\"WebPage\",\"@id\":\"https:\/\/chateaudelhospital.fr\/en_us\/product\/la-dame-de-lhospital\/\",\"url\":\"https:\/\/chateaudelhospital.fr\/en_us\/product\/la-dame-de-lhospital\/\",\"name\":\"La Dame de L'Hospital - Ch\u00e2teau de L&#039;Hospital\",\"isPartOf\":{\"@id\":\"https:\/\/chateaudelhospital.fr\/fr\/#website\"},\"primaryImageOfPage\":{\"@id\":\"https:\/\/chateaudelhospital.fr\/en_us\/product\/la-dame-de-lhospital\/#primaryimage\"},\"image\":{\"@id\":\"https:\/\/chateaudelhospital.fr\/en_us\/product\/la-dame-de-lhospital\/#primaryimage\"},\"thumbnailUrl\":\"https:\/\/chateaudelhospital.fr\/wp-content\/uploads\/2022\/08\/GRAVES-ROUGE-2019C.jpg\",\"datePublished\":\"2022-08-11T13:12:16+00:00\",\"dateModified\":\"2023-11-17T10:51:48+00:00\",\"breadcrumb\":{\"@id\":\"https:\/\/chateaudelhospital.fr\/en_us\/product\/la-dame-de-lhospital\/#breadcrumb\"},\"inLanguage\":\"fr-FR\",\"potentialAction\":[{\"@type\":\"ReadAction\",\"target\":[\"https:\/\/chateaudelhospital.fr\/en_us\/product\/la-dame-de-lhospital\/\"]}]},{\"@type\":\"ImageObject\",\"inLanguage\":\"fr-FR\",\"@id\":\"https:\/\/chateaudelhospital.fr\/en_us\/product\/la-dame-de-lhospital\/#primaryimage\",\"url\":\"https:\/\/chateaudelhospital.fr\/wp-content\/uploads\/2022\/08\/GRAVES-ROUGE-2019C.jpg\",\"contentUrl\":\"https:\/\/chateaudelhospital.fr\/wp-content\/uploads\/2022\/08\/GRAVES-ROUGE-2019C.jpg\",\"width\":1080,\"height\":1080},{\"@type\":\"BreadcrumbList\",\"@id\":\"https:\/\/chateaudelhospital.fr\/en_us\/product\/la-dame-de-lhospital\/#breadcrumb\",\"itemListElement\":[{\"@type\":\"ListItem\",\"position\":1,\"name\":\"Home\",\"item\":\"https:\/\/chateaudelhospital.fr\/\"},{\"@type\":\"ListItem\",\"position\":2,\"name\":\"Shop\",\"item\":\"https:\/\/chateaudelhospital.fr\/fr\/shop\/\"},{\"@type\":\"ListItem\",\"position\":3,\"name\":\"La Dame de L&#8217;Hospital\"}]},{\"@type\":\"WebSite\",\"@id\":\"https:\/\/chateaudelhospital.fr\/fr\/#website\",\"url\":\"https:\/\/chateaudelhospital.fr\/fr\/\",\"name\":\"Ch\u00e2teau de L&#039;Hospital\",\"description\":\"\",\"potentialAction\":[{\"@type\":\"SearchAction\",\"target\":{\"@type\":\"EntryPoint\",\"urlTemplate\":\"https:\/\/chateaudelhospital.fr\/fr\/?s={search_term_string}\"},\"query-input\":{\"@type\":\"PropertyValueSpecification\",\"valueRequired\":true,\"valueName\":\"search_term_string\"}}],\"inLanguage\":\"fr-FR\"}]}<\/script>\n<!-- \/ Yoast SEO plugin. -->","yoast_head_json":{"title":"La Dame de L'Hospital - Ch\u00e2teau de L&#039;Hospital","robots":{"index":"index","follow":"follow","max-snippet":"max-snippet:-1","max-image-preview":"max-image-preview:large","max-video-preview":"max-video-preview:-1"},"canonical":"https:\/\/chateaudelhospital.fr\/fr\/produit\/la-dame-de-lhopital\/","og_locale":"fr_FR","og_type":"article","og_title":"La Dame de L'Hospital - Ch\u00e2teau de L&#039;Hospital","og_description":"The HOSPITAL grapes underwent a meticulous harvest, reaching optimum ripeness at the end of September for the Merlot and on October 6 for the Cabernet Sauvignon, ensuring the grapes' full flavor potential.  The soil composition is characterized by a very fine terroir of clayey gravel resting on a limestone subsoil, imparting unique qualities to the wine. The acceptance blend is a harmonious combination of 90% Merlot Noir and 10% Cabernet-Sauvignon.  Spanning 9.5 hectares, the vineyard yields 47 hectolitres per hectare, with a carefully managed density of 5,500 vines per hectare. The ageing process is a thoughtful balance, with 20% of the wine matured in barrels and 80% in stainless steel vats, aiming to preserve the inherent fruit characteristics.  The culmination of these efforts results in a production of 60,000 bottles, each embodying the distinctive qualities of the HOSPITAL vineyard's grapes, creating a wine that reflects the artistry and dedication to craftsmanship.  Grade Composition   90% Merlot Noir  10% Cabernet-Sauvignon","og_url":"https:\/\/chateaudelhospital.fr\/fr\/produit\/la-dame-de-lhopital\/","og_site_name":"Ch\u00e2teau de L&#039;Hospital","article_modified_time":"2023-11-17T10:51:48+00:00","og_image":[{"width":1080,"height":1080,"url":"https:\/\/chateaudelhospital.fr\/wp-content\/uploads\/2022\/08\/GRAVES-ROUGE-2019C.jpg","type":"image\/jpeg"}],"twitter_card":"summary_large_image","schema":{"@context":"https:\/\/schema.org","@graph":[{"@type":"WebPage","@id":"https:\/\/chateaudelhospital.fr\/en_us\/product\/la-dame-de-lhospital\/","url":"https:\/\/chateaudelhospital.fr\/en_us\/product\/la-dame-de-lhospital\/","name":"La Dame de L'Hospital - Ch\u00e2teau de L&#039;Hospital","isPartOf":{"@id":"https:\/\/chateaudelhospital.fr\/fr\/#website"},"primaryImageOfPage":{"@id":"https:\/\/chateaudelhospital.fr\/en_us\/product\/la-dame-de-lhospital\/#primaryimage"},"image":{"@id":"https:\/\/chateaudelhospital.fr\/en_us\/product\/la-dame-de-lhospital\/#primaryimage"},"thumbnailUrl":"https:\/\/chateaudelhospital.fr\/wp-content\/uploads\/2022\/08\/GRAVES-ROUGE-2019C.jpg","datePublished":"2022-08-11T13:12:16+00:00","dateModified":"2023-11-17T10:51:48+00:00","breadcrumb":{"@id":"https:\/\/chateaudelhospital.fr\/en_us\/product\/la-dame-de-lhospital\/#breadcrumb"},"inLanguage":"fr-FR","potentialAction":[{"@type":"ReadAction","target":["https:\/\/chateaudelhospital.fr\/en_us\/product\/la-dame-de-lhospital\/"]}]},{"@type":"ImageObject","inLanguage":"fr-FR","@id":"https:\/\/chateaudelhospital.fr\/en_us\/product\/la-dame-de-lhospital\/#primaryimage","url":"https:\/\/chateaudelhospital.fr\/wp-content\/uploads\/2022\/08\/GRAVES-ROUGE-2019C.jpg","contentUrl":"https:\/\/chateaudelhospital.fr\/wp-content\/uploads\/2022\/08\/GRAVES-ROUGE-2019C.jpg","width":1080,"height":1080},{"@type":"BreadcrumbList","@id":"https:\/\/chateaudelhospital.fr\/en_us\/product\/la-dame-de-lhospital\/#breadcrumb","itemListElement":[{"@type":"ListItem","position":1,"name":"Home","item":"https:\/\/chateaudelhospital.fr\/"},{"@type":"ListItem","position":2,"name":"Shop","item":"https:\/\/chateaudelhospital.fr\/fr\/shop\/"},{"@type":"ListItem","position":3,"name":"La Dame de L&#8217;Hospital"}]},{"@type":"WebSite","@id":"https:\/\/chateaudelhospital.fr\/fr\/#website","url":"https:\/\/chateaudelhospital.fr\/fr\/","name":"Ch\u00e2teau de L&#039;Hospital","description":"","potentialAction":[{"@type":"SearchAction","target":{"@type":"EntryPoint","urlTemplate":"https:\/\/chateaudelhospital.fr\/fr\/?s={search_term_string}"},"query-input":{"@type":"PropertyValueSpecification","valueRequired":true,"valueName":"search_term_string"}}],"inLanguage":"fr-FR"}]}},"_links":{"self":[{"href":"https:\/\/chateaudelhospital.fr\/fr\/wp-json\/wp\/v2\/product\/1915","targetHints":{"allow":["GET"]}}],"collection":[{"href":"https:\/\/chateaudelhospital.fr\/fr\/wp-json\/wp\/v2\/product"}],"about":[{"href":"https:\/\/chateaudelhospital.fr\/fr\/wp-json\/wp\/v2\/types\/product"}],"replies":[{"embeddable":true,"href":"https:\/\/chateaudelhospital.fr\/fr\/wp-json\/wp\/v2\/comments?post=1915"}],"wp:featuredmedia":[{"embeddable":true,"href":"https:\/\/chateaudelhospital.fr\/fr\/wp-json\/wp\/v2\/media\/2877"}],"wp:attachment":[{"href":"https:\/\/chateaudelhospital.fr\/fr\/wp-json\/wp\/v2\/media?parent=1915"}],"wp:term":[{"taxonomy":"product_cat","embeddable":true,"href":"https:\/\/chateaudelhospital.fr\/fr\/wp-json\/wp\/v2\/product_cat?post=1915"},{"taxonomy":"product_tag","embeddable":true,"href":"https:\/\/chateaudelhospital.fr\/fr\/wp-json\/wp\/v2\/product_tag?post=1915"}],"curies":[{"name":"wp","href":"https:\/\/api.w.org\/{rel}","templated":true}]}}