{"id":1910,"date":"2022-08-11T13:09:25","date_gmt":"2022-08-11T13:09:25","guid":{"rendered":"https:\/\/wgl-demo.net\/emdene\/?post_type=product&#038;p=1910"},"modified":"2023-11-17T10:50:06","modified_gmt":"2023-11-17T10:50:06","slug":"chateau-de-lhospital-4","status":"publish","type":"product","link":"https:\/\/chateaudelhospital.fr\/fr\/product\/chateau-de-lhospital-4\/","title":{"rendered":"Ch\u00e2teau de L&#039;Hospital"},"content":{"rendered":"","protected":false},"excerpt":{"rendered":"<p>Les raisins ont \u00e9t\u00e9 r\u00e9colt\u00e9s de mi-septembre au 6 octobre 2017. La composition du sol est caract\u00e9ris\u00e9e par un terroir tr\u00e8s fin de graves argileuses reposant sur un sous-sol calcaire. L'assemblage comprend 60% Merlot, 30% Cabernet-Sauvignon, 5% Petit-Verdot et 5% Malbec. La superficie totale de ce vin s'\u00e9tend sur 10 hectares. Le rendement est fix\u00e9 \u00e0 41 hectolitres par hectare, avec une densit\u00e9 de 5 500 pieds par hectare.<\/p>\n<p>L'\u00e9levage consiste en un \u00e9levage en f\u00fbts de 300 litres pendant 12 mois, chaque c\u00e9page \u00e9tant \u00e9lev\u00e9 s\u00e9par\u00e9ment. Chaque ann\u00e9e, 30% des f\u00fbts sont renouvel\u00e9s. La production aboutit \u00e0 55 000 bouteilles, mises en bouteille le 26 mai 2019.<\/p>\n<p><strong>Composition des notes<\/strong><\/p>\n<ul class=\"emdene_check list_primary_color\">\n<li>60 % Merlot<\/li>\n<li>30 % Cabernet-Sauvignon<\/li>\n<li>5% Petit-Verdot<\/li>\n<li>5% Malbec<\/li>\n<\/ul>\n<p><strong>M\u00e9dailles<\/strong><\/p>\n<ul class=\"emdene_check list_primary_color\">\n<li><span>Or Concours 70 <\/span><span>Millions d'euros<\/span><span> de <\/span><span>D\u00e9gustateurs<\/span><span> 2020 <\/span><\/li>\n<li><span>Silver Concours Bordeaux Aquitaine 2019 <\/span><\/li>\n<li><span>Argent Concours Terre de <\/span><span>Vins<\/span><span> 2019 <\/span><\/li>\n<li><span>Argent CGA Paris 2020<\/span><\/li>\n<\/ul>","protected":false},"featured_media":2882,"comment_status":"closed","ping_status":"closed","template":"","meta":[],"product_cat":[45],"product_tag":[],"class_list":{"0":"post-1910","1":"product","2":"type-product","3":"status-publish","4":"has-post-thumbnail","6":"product_cat-wine","8":"first","9":"instock","10":"shipping-taxable","11":"purchasable","12":"product-type-simple"},"acf":[],"yoast_head":"<!-- This site is optimized with the Yoast SEO plugin v24.8.1 - https:\/\/yoast.com\/wordpress\/plugins\/seo\/ -->\n<title>Ch\u00e2teau de L&#039;Hospital - Ch\u00e2teau de L&#039;Hospital<\/title>\n<meta name=\"robots\" content=\"index, follow, max-snippet:-1, max-image-preview:large, max-video-preview:-1\" \/>\n<link rel=\"canonical\" href=\"https:\/\/chateaudelhospital.fr\/fr\/produit\/chateau-de-lhospital-4\/\" \/>\n<meta property=\"og:locale\" content=\"fr_FR\" \/>\n<meta property=\"og:type\" content=\"article\" \/>\n<meta property=\"og:title\" content=\"Ch\u00e2teau de L&#039;Hospital - Ch\u00e2teau de L&#039;Hospital\" \/>\n<meta property=\"og:description\" content=\"The Hospital grapes were harvested from mid-September to October 6, 2017. The soil composition is characterized by a very fine terroir of clayey gravel resting on a limestone subsoil. The acceptance blend consists of 60% Merlot, 30% Cabernet-Sauvignon, 5% Petit-Verdot, and 5% Malbec. The total surface area for this wine spans 10 hectares. The yield is set at 41 hectolitres per hectare, with a density of 5,500 vines per hectare.  The ageing process involves maturation in 300-liter barrels for a duration of 12 months, with each grape variety aged separately. Annually, 30% of the barrels are renewed. The production results in 55,000 bottles, which were bottled on May 26, 2019.  Grade Composition   60 % Merlot  30 % Cabernet-Sauvignon  5% Petit-Verdot  5% Malbec  Medals   Gold Concours 70 Millions de D\u00e9gustateurs 2020   Silver Concours Bordeaux Aquitaine 2019   Silver Concours Terre de Vins 2019   Silver CGA Paris 2020\" \/>\n<meta property=\"og:url\" content=\"https:\/\/chateaudelhospital.fr\/fr\/produit\/chateau-de-lhospital-4\/\" \/>\n<meta property=\"og:site_name\" content=\"Ch\u00e2teau de L&#039;Hospital\" \/>\n<meta property=\"article:modified_time\" content=\"2023-11-17T10:50:06+00:00\" \/>\n<meta property=\"og:image\" content=\"https:\/\/chateaudelhospital.fr\/wp-content\/uploads\/2022\/08\/GRAVES-ROUGE-2017.jpg\" \/>\n\t<meta property=\"og:image:width\" content=\"1080\" \/>\n\t<meta property=\"og:image:height\" content=\"1080\" \/>\n\t<meta property=\"og:image:type\" content=\"image\/jpeg\" \/>\n<meta name=\"twitter:card\" content=\"summary_large_image\" \/>\n<script type=\"application\/ld+json\" class=\"yoast-schema-graph\">{\"@context\":\"https:\/\/schema.org\",\"@graph\":[{\"@type\":\"WebPage\",\"@id\":\"https:\/\/chateaudelhospital.fr\/fr\/produit\/chateau-de-lhospital-4\/\",\"url\":\"https:\/\/chateaudelhospital.fr\/fr\/produit\/chateau-de-lhospital-4\/\",\"name\":\"Ch\u00e2teau de L'Hospital - Ch\u00e2teau de L&#039;Hospital\",\"isPartOf\":{\"@id\":\"https:\/\/chateaudelhospital.fr\/fr\/#website\"},\"primaryImageOfPage\":{\"@id\":\"https:\/\/chateaudelhospital.fr\/fr\/produit\/chateau-de-lhospital-4\/#primaryimage\"},\"image\":{\"@id\":\"https:\/\/chateaudelhospital.fr\/fr\/produit\/chateau-de-lhospital-4\/#primaryimage\"},\"thumbnailUrl\":\"https:\/\/chateaudelhospital.fr\/wp-content\/uploads\/2022\/08\/GRAVES-ROUGE-2017.jpg\",\"datePublished\":\"2022-08-11T13:09:25+00:00\",\"dateModified\":\"2023-11-17T10:50:06+00:00\",\"breadcrumb\":{\"@id\":\"https:\/\/chateaudelhospital.fr\/fr\/produit\/chateau-de-lhospital-4\/#breadcrumb\"},\"inLanguage\":\"fr-FR\",\"potentialAction\":[{\"@type\":\"ReadAction\",\"target\":[\"https:\/\/chateaudelhospital.fr\/fr\/produit\/chateau-de-lhospital-4\/\"]}]},{\"@type\":\"ImageObject\",\"inLanguage\":\"fr-FR\",\"@id\":\"https:\/\/chateaudelhospital.fr\/fr\/produit\/chateau-de-lhospital-4\/#primaryimage\",\"url\":\"https:\/\/chateaudelhospital.fr\/wp-content\/uploads\/2022\/08\/GRAVES-ROUGE-2017.jpg\",\"contentUrl\":\"https:\/\/chateaudelhospital.fr\/wp-content\/uploads\/2022\/08\/GRAVES-ROUGE-2017.jpg\",\"width\":1080,\"height\":1080},{\"@type\":\"BreadcrumbList\",\"@id\":\"https:\/\/chateaudelhospital.fr\/fr\/produit\/chateau-de-lhospital-4\/#breadcrumb\",\"itemListElement\":[{\"@type\":\"ListItem\",\"position\":1,\"name\":\"Home\",\"item\":\"https:\/\/chateaudelhospital.fr\/\"},{\"@type\":\"ListItem\",\"position\":2,\"name\":\"Shop\",\"item\":\"https:\/\/chateaudelhospital.fr\/fr\/shop\/\"},{\"@type\":\"ListItem\",\"position\":3,\"name\":\"Ch\u00e2teau de L&#8217;Hospital\"}]},{\"@type\":\"WebSite\",\"@id\":\"https:\/\/chateaudelhospital.fr\/fr\/#website\",\"url\":\"https:\/\/chateaudelhospital.fr\/fr\/\",\"name\":\"Ch\u00e2teau de L&#039;Hospital\",\"description\":\"\",\"potentialAction\":[{\"@type\":\"SearchAction\",\"target\":{\"@type\":\"EntryPoint\",\"urlTemplate\":\"https:\/\/chateaudelhospital.fr\/fr\/?s={search_term_string}\"},\"query-input\":{\"@type\":\"PropertyValueSpecification\",\"valueRequired\":true,\"valueName\":\"search_term_string\"}}],\"inLanguage\":\"fr-FR\"}]}<\/script>\n<!-- \/ Yoast SEO plugin. -->","yoast_head_json":{"title":"Ch\u00e2teau de L'Hospital - Ch\u00e2teau de L&#039;Hospital","robots":{"index":"index","follow":"follow","max-snippet":"max-snippet:-1","max-image-preview":"max-image-preview:large","max-video-preview":"max-video-preview:-1"},"canonical":"https:\/\/chateaudelhospital.fr\/fr\/produit\/chateau-de-lhospital-4\/","og_locale":"fr_FR","og_type":"article","og_title":"Ch\u00e2teau de L'Hospital - Ch\u00e2teau de L&#039;Hospital","og_description":"The Hospital grapes were harvested from mid-September to October 6, 2017. The soil composition is characterized by a very fine terroir of clayey gravel resting on a limestone subsoil. The acceptance blend consists of 60% Merlot, 30% Cabernet-Sauvignon, 5% Petit-Verdot, and 5% Malbec. The total surface area for this wine spans 10 hectares. The yield is set at 41 hectolitres per hectare, with a density of 5,500 vines per hectare.  The ageing process involves maturation in 300-liter barrels for a duration of 12 months, with each grape variety aged separately. Annually, 30% of the barrels are renewed. The production results in 55,000 bottles, which were bottled on May 26, 2019.  Grade Composition   60 % Merlot  30 % Cabernet-Sauvignon  5% Petit-Verdot  5% Malbec  Medals   Gold Concours 70 Millions de D\u00e9gustateurs 2020   Silver Concours Bordeaux Aquitaine 2019   Silver Concours Terre de Vins 2019   Silver CGA Paris 2020","og_url":"https:\/\/chateaudelhospital.fr\/fr\/produit\/chateau-de-lhospital-4\/","og_site_name":"Ch\u00e2teau de L&#039;Hospital","article_modified_time":"2023-11-17T10:50:06+00:00","og_image":[{"width":1080,"height":1080,"url":"https:\/\/chateaudelhospital.fr\/wp-content\/uploads\/2022\/08\/GRAVES-ROUGE-2017.jpg","type":"image\/jpeg"}],"twitter_card":"summary_large_image","schema":{"@context":"https:\/\/schema.org","@graph":[{"@type":"WebPage","@id":"https:\/\/chateaudelhospital.fr\/fr\/produit\/chateau-de-lhospital-4\/","url":"https:\/\/chateaudelhospital.fr\/fr\/produit\/chateau-de-lhospital-4\/","name":"Ch\u00e2teau de L'Hospital - Ch\u00e2teau de L&#039;Hospital","isPartOf":{"@id":"https:\/\/chateaudelhospital.fr\/fr\/#website"},"primaryImageOfPage":{"@id":"https:\/\/chateaudelhospital.fr\/fr\/produit\/chateau-de-lhospital-4\/#primaryimage"},"image":{"@id":"https:\/\/chateaudelhospital.fr\/fr\/produit\/chateau-de-lhospital-4\/#primaryimage"},"thumbnailUrl":"https:\/\/chateaudelhospital.fr\/wp-content\/uploads\/2022\/08\/GRAVES-ROUGE-2017.jpg","datePublished":"2022-08-11T13:09:25+00:00","dateModified":"2023-11-17T10:50:06+00:00","breadcrumb":{"@id":"https:\/\/chateaudelhospital.fr\/fr\/produit\/chateau-de-lhospital-4\/#breadcrumb"},"inLanguage":"fr-FR","potentialAction":[{"@type":"ReadAction","target":["https:\/\/chateaudelhospital.fr\/fr\/produit\/chateau-de-lhospital-4\/"]}]},{"@type":"ImageObject","inLanguage":"fr-FR","@id":"https:\/\/chateaudelhospital.fr\/fr\/produit\/chateau-de-lhospital-4\/#primaryimage","url":"https:\/\/chateaudelhospital.fr\/wp-content\/uploads\/2022\/08\/GRAVES-ROUGE-2017.jpg","contentUrl":"https:\/\/chateaudelhospital.fr\/wp-content\/uploads\/2022\/08\/GRAVES-ROUGE-2017.jpg","width":1080,"height":1080},{"@type":"BreadcrumbList","@id":"https:\/\/chateaudelhospital.fr\/fr\/produit\/chateau-de-lhospital-4\/#breadcrumb","itemListElement":[{"@type":"ListItem","position":1,"name":"Home","item":"https:\/\/chateaudelhospital.fr\/"},{"@type":"ListItem","position":2,"name":"Shop","item":"https:\/\/chateaudelhospital.fr\/fr\/shop\/"},{"@type":"ListItem","position":3,"name":"Ch\u00e2teau de L&#8217;Hospital"}]},{"@type":"WebSite","@id":"https:\/\/chateaudelhospital.fr\/fr\/#website","url":"https:\/\/chateaudelhospital.fr\/fr\/","name":"Ch\u00e2teau de L&#039;Hospital","description":"","potentialAction":[{"@type":"SearchAction","target":{"@type":"EntryPoint","urlTemplate":"https:\/\/chateaudelhospital.fr\/fr\/?s={search_term_string}"},"query-input":{"@type":"PropertyValueSpecification","valueRequired":true,"valueName":"search_term_string"}}],"inLanguage":"fr-FR"}]}},"_links":{"self":[{"href":"https:\/\/chateaudelhospital.fr\/fr\/wp-json\/wp\/v2\/product\/1910","targetHints":{"allow":["GET"]}}],"collection":[{"href":"https:\/\/chateaudelhospital.fr\/fr\/wp-json\/wp\/v2\/product"}],"about":[{"href":"https:\/\/chateaudelhospital.fr\/fr\/wp-json\/wp\/v2\/types\/product"}],"replies":[{"embeddable":true,"href":"https:\/\/chateaudelhospital.fr\/fr\/wp-json\/wp\/v2\/comments?post=1910"}],"wp:featuredmedia":[{"embeddable":true,"href":"https:\/\/chateaudelhospital.fr\/fr\/wp-json\/wp\/v2\/media\/2882"}],"wp:attachment":[{"href":"https:\/\/chateaudelhospital.fr\/fr\/wp-json\/wp\/v2\/media?parent=1910"}],"wp:term":[{"taxonomy":"product_cat","embeddable":true,"href":"https:\/\/chateaudelhospital.fr\/fr\/wp-json\/wp\/v2\/product_cat?post=1910"},{"taxonomy":"product_tag","embeddable":true,"href":"https:\/\/chateaudelhospital.fr\/fr\/wp-json\/wp\/v2\/product_tag?post=1910"}],"curies":[{"name":"wp","href":"https:\/\/api.w.org\/{rel}","templated":true}]}}