{"id":972,"date":"2022-08-04T11:12:00","date_gmt":"2022-08-04T11:12:00","guid":{"rendered":"https:\/\/wgl-demo.net\/emdene\/?page_id=972"},"modified":"2024-01-02T11:53:34","modified_gmt":"2024-01-02T11:53:34","slug":"our-team","status":"publish","type":"page","link":"https:\/\/chateaudelhospital.fr\/fr\/notre-equipe\/","title":{"rendered":"Notre \u00e9quipe"},"content":{"rendered":"<div data-elementor-type=\"wp-page\" data-elementor-id=\"972\" class=\"elementor elementor-972\">\n\t\t\t\t\t\t<section class=\"elementor-section elementor-top-section elementor-element elementor-element-abc8346 elementor-section-boxed elementor-section-height-default elementor-section-height-default\" data-id=\"abc8346\" data-element_type=\"section\" data-settings=\"{&quot;background_background&quot;:&quot;classic&quot;}\">\n\t\t\t\t\t\t<div class=\"elementor-container elementor-column-gap-default\">\n\t\t\t\t\t<div class=\"elementor-column elementor-col-100 elementor-top-column elementor-element elementor-element-9916d2c\" data-id=\"9916d2c\" data-element_type=\"column\">\n\t\t\t<div class=\"elementor-widget-wrap elementor-element-populated\">\n\t\t\t\t\t\t<div class=\"elementor-element elementor-element-6ac5802 acenter elementor-widget elementor-widget-wgl-double-heading\" data-id=\"6ac5802\" data-element_type=\"widget\" data-widget_type=\"wgl-double-heading.default\">\n\t\t\t\t<div class=\"elementor-widget-container\">\n\t\t\t<div class=\"wgl-double-heading\"><h3 class=\"dblh__title-wrapper\"><span class=\"dblh__title dblh__title-1\">Rencontrer l&#039;\u00e9quipe<\/span><\/h3><\/div>\t\t<\/div>\n\t\t\t\t<\/div>\n\t\t\t\t<div class=\"elementor-element elementor-element-5f6dd68 acenter elementor-widget elementor-widget-wgl-team\" data-id=\"5f6dd68\" data-element_type=\"widget\" data-widget_type=\"wgl-team.default\">\n\t\t\t\t<div class=\"elementor-widget-container\">\n\t\t\t<section class=\"wgl_module_team\"><div class=\"team__members grid-col--4\"><article class=\"team__member\"><div class=\"member__wrapper\"><div class=\"member__media\"><div class=\"member__thumbnail\"><img decoding=\"async\" src=\"https:\/\/chateaudelhospital.fr\/wp-content\/uploads\/2022\/08\/o__0006_julien-708x708.jpg\" class=\"thumbnail__featured\" alt=\"\"><div class=\"member__thumbnail-overlay\"><\/div><\/div><\/div><div class=\"member__info-wrapper\"><div class=\"member__info\"><h2 class=\"member__name\"><span>Julien<\/span><\/h2><div class=\"member__meta-wrapper\"><div class=\"member__highlighted\">DIRECTEUR DE CHATEAU<\/div><\/div><\/div><\/div><\/div><\/article><article class=\"team__member\"><div class=\"member__wrapper\"><div class=\"member__media\"><div class=\"member__thumbnail\"><img decoding=\"async\" src=\"https:\/\/chateaudelhospital.fr\/wp-content\/uploads\/2022\/08\/o__0005_caroline-708x708.jpg\" class=\"thumbnail__featured\" alt=\"\"><div class=\"member__thumbnail-overlay\"><\/div><\/div><\/div><div class=\"member__info-wrapper\"><div class=\"member__info\"><h2 class=\"member__name\"><span>Caroline<\/span><\/h2><div class=\"member__meta-wrapper\"><div class=\"member__highlighted\">DIRECTEUR DES VENTES<\/div><\/div><\/div><\/div><\/div><\/article><article class=\"team__member\"><div class=\"member__wrapper\"><div class=\"member__media\"><div class=\"member__thumbnail\"><img decoding=\"async\" src=\"https:\/\/chateaudelhospital.fr\/wp-content\/uploads\/2022\/08\/o__0004_celine-708x708.jpg\" class=\"thumbnail__featured\" alt=\"\"><div class=\"member__thumbnail-overlay\"><\/div><\/div><\/div><div class=\"member__info-wrapper\"><div class=\"member__info\"><h2 class=\"member__name\"><span>C\u00e9line<\/span><\/h2><div class=\"member__meta-wrapper\"><div class=\"member__highlighted\">\u00c9QUIPE DE PRODUCTION<\/div><\/div><\/div><\/div><\/div><\/article><article class=\"team__member\"><div class=\"member__wrapper\"><div class=\"member__media\"><div class=\"member__thumbnail\"><img decoding=\"async\" src=\"https:\/\/chateaudelhospital.fr\/wp-content\/uploads\/2022\/08\/o__0003_jean-daniel-708x708.jpg\" class=\"thumbnail__featured\" alt=\"\"><div class=\"member__thumbnail-overlay\"><\/div><\/div><\/div><div class=\"member__info-wrapper\"><div class=\"member__info\"><h2 class=\"member__name\"><span>Jean Daniel<\/span><\/h2><div class=\"member__meta-wrapper\"><div class=\"member__highlighted\">\u00c9QUIPE DE PRODUCTION<\/div><\/div><\/div><\/div><\/div><\/article><article class=\"team__member\"><div class=\"member__wrapper\"><div class=\"member__media\"><div class=\"member__thumbnail\"><img decoding=\"async\" src=\"https:\/\/chateaudelhospital.fr\/wp-content\/uploads\/2022\/08\/o__0002_julie-708x708.jpg\" class=\"thumbnail__featured\" alt=\"\"><div class=\"member__thumbnail-overlay\"><\/div><\/div><\/div><div class=\"member__info-wrapper\"><div class=\"member__info\"><h2 class=\"member__name\"><span>Julie<\/span><\/h2><div class=\"member__meta-wrapper\"><div class=\"member__highlighted\">MA\u00ceTRE DE CHAI<\/div><\/div><\/div><\/div><\/div><\/article><article class=\"team__member\"><div class=\"member__wrapper\"><div class=\"member__media\"><div class=\"member__thumbnail\"><img decoding=\"async\" src=\"https:\/\/chateaudelhospital.fr\/wp-content\/uploads\/2022\/08\/o__0001_melanie-708x708.jpg\" class=\"thumbnail__featured\" alt=\"\"><div class=\"member__thumbnail-overlay\"><\/div><\/div><\/div><div class=\"member__info-wrapper\"><div class=\"member__info\"><h2 class=\"member__name\"><span>M\u00e9lanie<\/span><\/h2><div class=\"member__meta-wrapper\"><div class=\"member__highlighted\">\u00c9QUIPE DE PRODUCTION<\/div><\/div><\/div><\/div><\/div><\/article><article class=\"team__member\"><div class=\"member__wrapper\"><div class=\"member__media\"><div class=\"member__thumbnail\"><img decoding=\"async\" src=\"https:\/\/chateaudelhospital.fr\/wp-content\/uploads\/2022\/08\/o__0000_raphael-708x708.jpg\" class=\"thumbnail__featured\" alt=\"\"><div class=\"member__thumbnail-overlay\"><\/div><\/div><\/div><div class=\"member__info-wrapper\"><div class=\"member__info\"><h2 class=\"member__name\"><span>Rapha\u00ebl<\/span><\/h2><div class=\"member__meta-wrapper\"><div class=\"member__highlighted\">\u00c9QUIPE DE PRODUCTION<\/div><\/div><\/div><\/div><\/div><\/article><article class=\"team__member\"><div class=\"member__wrapper\"><div class=\"member__media\"><div class=\"member__thumbnail\"><img decoding=\"async\" src=\"https:\/\/chateaudelhospital.fr\/wp-content\/uploads\/2023\/11\/f__0000_clemence-708x708.jpg\" class=\"thumbnail__featured\" alt=\"\"><div class=\"member__thumbnail-overlay\"><\/div><\/div><\/div><div class=\"member__info-wrapper\"><div class=\"member__info\"><h2 class=\"member__name\"><span>Cl\u00e9mence<\/span><\/h2><div class=\"member__meta-wrapper\"><div class=\"member__highlighted\">DIRECTEUR DES \u00c9V\u00c9NEMENTS<\/div><\/div><\/div><\/div><\/div><\/article><article class=\"team__member\"><div class=\"member__wrapper\"><div class=\"member__media\"><div class=\"member__thumbnail\"><img decoding=\"async\" src=\"https:\/\/chateaudelhospital.fr\/wp-content\/uploads\/2023\/11\/f__0002_robin-708x708.jpg\" class=\"thumbnail__featured\" alt=\"\"><div class=\"member__thumbnail-overlay\"><\/div><\/div><\/div><div class=\"member__info-wrapper\"><div class=\"member__info\"><h2 class=\"member__name\"><span>Robin<\/span><\/h2><div class=\"member__meta-wrapper\"><div class=\"member__highlighted\">ENTRETIEN<\/div><\/div><\/div><\/div><\/div><\/article><article class=\"team__member\"><div class=\"member__wrapper\"><div class=\"member__media\"><div class=\"member__thumbnail\"><img decoding=\"async\" src=\"https:\/\/chateaudelhospital.fr\/wp-content\/uploads\/2023\/11\/f__0001_delphine-708x708.jpg\" class=\"thumbnail__featured\" alt=\"\"><div class=\"member__thumbnail-overlay\"><\/div><\/div><\/div><div class=\"member__info-wrapper\"><div class=\"member__info\"><h2 class=\"member__name\"><span>Delphine<\/span><\/h2><div class=\"member__meta-wrapper\"><div class=\"member__highlighted\">GOUVERNANTE<\/div><\/div><\/div><\/div><\/div><\/article><\/div><\/section>\t\t<\/div>\n\t\t\t\t<\/div>\n\t\t\t\t<div class=\"elementor-element elementor-element-368d623 elementor-widget elementor-widget-spacer\" data-id=\"368d623\" data-element_type=\"widget\" data-widget_type=\"spacer.default\">\n\t\t\t\t<div class=\"elementor-widget-container\">\n\t\t\t\t\t<div class=\"elementor-spacer\">\n\t\t\t<div class=\"elementor-spacer-inner\"><\/div>\n\t\t<\/div>\n\t\t\t\t<\/div>\n\t\t\t\t<\/div>\n\t\t\t\t\t<\/div>\n\t\t<\/div>\n\t\t\t\t\t<\/div>\n\t\t<\/section>\n\t\t\t\t<\/div>","protected":false},"excerpt":{"rendered":"<p>Meet the Team Julien CHATEAU MANAGER Caroline SALES MANAGER Celine PRODUCTION TEAM Jean-Daniel PRODUCTION TEAM Julie CELLAR MASTER M\u00e9lanie PRODUCTION TEAM Rapha\u00ebl PRODUCTION TEAM Cl\u00e9mence DIRECTOR OF EVENTS Robin MAINTENANCE Delphine GOVERNANTE<\/p>","protected":false},"author":1,"featured_media":0,"parent":0,"menu_order":0,"comment_status":"closed","ping_status":"closed","template":"","meta":{"footnotes":""},"class_list":["post-972","page","type-page","status-publish","hentry"],"acf":[],"yoast_head":"<!-- This site is optimized with the Yoast SEO plugin v24.8.1 - https:\/\/yoast.com\/wordpress\/plugins\/seo\/ -->\n<title>Our Team - Ch\u00e2teau de L&#039;Hospital<\/title>\n<meta name=\"robots\" content=\"index, follow, max-snippet:-1, max-image-preview:large, max-video-preview:-1\" \/>\n<link rel=\"canonical\" href=\"https:\/\/chateaudelhospital.fr\/fr\/notre-equipe\/\" \/>\n<meta property=\"og:locale\" content=\"fr_FR\" \/>\n<meta property=\"og:type\" content=\"article\" \/>\n<meta property=\"og:title\" content=\"Our Team - Ch\u00e2teau de L&#039;Hospital\" \/>\n<meta property=\"og:description\" content=\"Meet the Team Julien CHATEAU MANAGER Caroline SALES MANAGER Celine PRODUCTION TEAM Jean-Daniel PRODUCTION TEAM Julie CELLAR MASTER M\u00e9lanie PRODUCTION TEAM Rapha\u00ebl PRODUCTION TEAM Cl\u00e9mence DIRECTOR OF EVENTS Robin MAINTENANCE Delphine GOVERNANTE\" \/>\n<meta property=\"og:url\" content=\"https:\/\/chateaudelhospital.fr\/fr\/notre-equipe\/\" \/>\n<meta property=\"og:site_name\" content=\"Ch\u00e2teau de L&#039;Hospital\" \/>\n<meta property=\"article:modified_time\" content=\"2024-01-02T11:53:34+00:00\" \/>\n<meta property=\"og:image\" content=\"https:\/\/chateaudelhospital.fr\/wp-content\/uploads\/2022\/08\/o__0006_julien-708x708.jpg\" \/>\n<meta name=\"twitter:card\" content=\"summary_large_image\" \/>\n<script type=\"application\/ld+json\" class=\"yoast-schema-graph\">{\"@context\":\"https:\/\/schema.org\",\"@graph\":[{\"@type\":\"WebPage\",\"@id\":\"https:\/\/chateaudelhospital.fr\/en_us\/our-team\/\",\"url\":\"https:\/\/chateaudelhospital.fr\/en_us\/our-team\/\",\"name\":\"Our Team - Ch\u00e2teau de L&#039;Hospital\",\"isPartOf\":{\"@id\":\"https:\/\/chateaudelhospital.fr\/fr\/#website\"},\"primaryImageOfPage\":{\"@id\":\"https:\/\/chateaudelhospital.fr\/en_us\/our-team\/#primaryimage\"},\"image\":{\"@id\":\"https:\/\/chateaudelhospital.fr\/en_us\/our-team\/#primaryimage\"},\"thumbnailUrl\":\"https:\/\/chateaudelhospital.fr\/wp-content\/uploads\/2022\/08\/o__0006_julien-708x708.jpg\",\"datePublished\":\"2022-08-04T11:12:00+00:00\",\"dateModified\":\"2024-01-02T11:53:34+00:00\",\"breadcrumb\":{\"@id\":\"https:\/\/chateaudelhospital.fr\/en_us\/our-team\/#breadcrumb\"},\"inLanguage\":\"fr-FR\",\"potentialAction\":[{\"@type\":\"ReadAction\",\"target\":[\"https:\/\/chateaudelhospital.fr\/en_us\/our-team\/\"]}]},{\"@type\":\"ImageObject\",\"inLanguage\":\"fr-FR\",\"@id\":\"https:\/\/chateaudelhospital.fr\/en_us\/our-team\/#primaryimage\",\"url\":\"https:\/\/chateaudelhospital.fr\/wp-content\/uploads\/2022\/08\/o__0006_julien-708x708.jpg\",\"contentUrl\":\"https:\/\/chateaudelhospital.fr\/wp-content\/uploads\/2022\/08\/o__0006_julien-708x708.jpg\"},{\"@type\":\"BreadcrumbList\",\"@id\":\"https:\/\/chateaudelhospital.fr\/en_us\/our-team\/#breadcrumb\",\"itemListElement\":[{\"@type\":\"ListItem\",\"position\":1,\"name\":\"Home\",\"item\":\"https:\/\/chateaudelhospital.fr\/\"},{\"@type\":\"ListItem\",\"position\":2,\"name\":\"Our Team\"}]},{\"@type\":\"WebSite\",\"@id\":\"https:\/\/chateaudelhospital.fr\/fr\/#website\",\"url\":\"https:\/\/chateaudelhospital.fr\/fr\/\",\"name\":\"Ch\u00e2teau de L&#039;Hospital\",\"description\":\"\",\"potentialAction\":[{\"@type\":\"SearchAction\",\"target\":{\"@type\":\"EntryPoint\",\"urlTemplate\":\"https:\/\/chateaudelhospital.fr\/fr\/?s={search_term_string}\"},\"query-input\":{\"@type\":\"PropertyValueSpecification\",\"valueRequired\":true,\"valueName\":\"search_term_string\"}}],\"inLanguage\":\"fr-FR\"}]}<\/script>\n<!-- \/ Yoast SEO plugin. -->","yoast_head_json":{"title":"Our Team - Ch\u00e2teau de L&#039;Hospital","robots":{"index":"index","follow":"follow","max-snippet":"max-snippet:-1","max-image-preview":"max-image-preview:large","max-video-preview":"max-video-preview:-1"},"canonical":"https:\/\/chateaudelhospital.fr\/fr\/notre-equipe\/","og_locale":"fr_FR","og_type":"article","og_title":"Our Team - Ch\u00e2teau de L&#039;Hospital","og_description":"Meet the Team Julien CHATEAU MANAGER Caroline SALES MANAGER Celine PRODUCTION TEAM Jean-Daniel PRODUCTION TEAM Julie CELLAR MASTER M\u00e9lanie PRODUCTION TEAM Rapha\u00ebl PRODUCTION TEAM Cl\u00e9mence DIRECTOR OF EVENTS Robin MAINTENANCE Delphine GOVERNANTE","og_url":"https:\/\/chateaudelhospital.fr\/fr\/notre-equipe\/","og_site_name":"Ch\u00e2teau de L&#039;Hospital","article_modified_time":"2024-01-02T11:53:34+00:00","og_image":[{"url":"https:\/\/chateaudelhospital.fr\/wp-content\/uploads\/2022\/08\/o__0006_julien-708x708.jpg","type":"","width":"","height":""}],"twitter_card":"summary_large_image","schema":{"@context":"https:\/\/schema.org","@graph":[{"@type":"WebPage","@id":"https:\/\/chateaudelhospital.fr\/en_us\/our-team\/","url":"https:\/\/chateaudelhospital.fr\/en_us\/our-team\/","name":"Our Team - Ch\u00e2teau de L&#039;Hospital","isPartOf":{"@id":"https:\/\/chateaudelhospital.fr\/fr\/#website"},"primaryImageOfPage":{"@id":"https:\/\/chateaudelhospital.fr\/en_us\/our-team\/#primaryimage"},"image":{"@id":"https:\/\/chateaudelhospital.fr\/en_us\/our-team\/#primaryimage"},"thumbnailUrl":"https:\/\/chateaudelhospital.fr\/wp-content\/uploads\/2022\/08\/o__0006_julien-708x708.jpg","datePublished":"2022-08-04T11:12:00+00:00","dateModified":"2024-01-02T11:53:34+00:00","breadcrumb":{"@id":"https:\/\/chateaudelhospital.fr\/en_us\/our-team\/#breadcrumb"},"inLanguage":"fr-FR","potentialAction":[{"@type":"ReadAction","target":["https:\/\/chateaudelhospital.fr\/en_us\/our-team\/"]}]},{"@type":"ImageObject","inLanguage":"fr-FR","@id":"https:\/\/chateaudelhospital.fr\/en_us\/our-team\/#primaryimage","url":"https:\/\/chateaudelhospital.fr\/wp-content\/uploads\/2022\/08\/o__0006_julien-708x708.jpg","contentUrl":"https:\/\/chateaudelhospital.fr\/wp-content\/uploads\/2022\/08\/o__0006_julien-708x708.jpg"},{"@type":"BreadcrumbList","@id":"https:\/\/chateaudelhospital.fr\/en_us\/our-team\/#breadcrumb","itemListElement":[{"@type":"ListItem","position":1,"name":"Home","item":"https:\/\/chateaudelhospital.fr\/"},{"@type":"ListItem","position":2,"name":"Our Team"}]},{"@type":"WebSite","@id":"https:\/\/chateaudelhospital.fr\/fr\/#website","url":"https:\/\/chateaudelhospital.fr\/fr\/","name":"Ch\u00e2teau de L&#039;Hospital","description":"","potentialAction":[{"@type":"SearchAction","target":{"@type":"EntryPoint","urlTemplate":"https:\/\/chateaudelhospital.fr\/fr\/?s={search_term_string}"},"query-input":{"@type":"PropertyValueSpecification","valueRequired":true,"valueName":"search_term_string"}}],"inLanguage":"fr-FR"}]}},"_links":{"self":[{"href":"https:\/\/chateaudelhospital.fr\/fr\/wp-json\/wp\/v2\/pages\/972","targetHints":{"allow":["GET"]}}],"collection":[{"href":"https:\/\/chateaudelhospital.fr\/fr\/wp-json\/wp\/v2\/pages"}],"about":[{"href":"https:\/\/chateaudelhospital.fr\/fr\/wp-json\/wp\/v2\/types\/page"}],"author":[{"embeddable":true,"href":"https:\/\/chateaudelhospital.fr\/fr\/wp-json\/wp\/v2\/users\/1"}],"replies":[{"embeddable":true,"href":"https:\/\/chateaudelhospital.fr\/fr\/wp-json\/wp\/v2\/comments?post=972"}],"version-history":[{"count":107,"href":"https:\/\/chateaudelhospital.fr\/fr\/wp-json\/wp\/v2\/pages\/972\/revisions"}],"predecessor-version":[{"id":5348,"href":"https:\/\/chateaudelhospital.fr\/fr\/wp-json\/wp\/v2\/pages\/972\/revisions\/5348"}],"wp:attachment":[{"href":"https:\/\/chateaudelhospital.fr\/fr\/wp-json\/wp\/v2\/media?parent=972"}],"curies":[{"name":"wp","href":"https:\/\/api.w.org\/{rel}","templated":true}]}}