{"id":4689,"date":"2023-11-28T15:48:15","date_gmt":"2023-11-28T15:48:15","guid":{"rendered":"https:\/\/chateaudelhospital.fr\/?page_id=4689"},"modified":"2023-11-30T16:27:01","modified_gmt":"2023-11-30T16:27:01","slug":"join-our-team","status":"publish","type":"page","link":"https:\/\/chateaudelhospital.fr\/fr\/rejoins-notre-equipe\/","title":{"rendered":"Rejoins notre \u00e9quipe"},"content":{"rendered":"<div data-elementor-type=\"wp-page\" data-elementor-id=\"4689\" class=\"elementor elementor-4689\" data-elementor-post-type=\"page\">\n\t\t\t\t\t\t<section class=\"elementor-section elementor-top-section elementor-element elementor-element-8fbd454 elementor-section-boxed elementor-section-height-default elementor-section-height-default\" data-id=\"8fbd454\" data-element_type=\"section\" data-settings=\"{&quot;background_background&quot;:&quot;classic&quot;}\">\n\t\t\t\t\t\t<div class=\"elementor-container elementor-column-gap-default\">\n\t\t\t\t\t<div class=\"elementor-column elementor-col-50 elementor-top-column elementor-element elementor-element-83418d6\" data-id=\"83418d6\" data-element_type=\"column\">\n\t\t\t<div class=\"elementor-widget-wrap elementor-element-populated\">\n\t\t\t\t\t\t<div class=\"elementor-element elementor-element-38cc927 elementor-widget elementor-widget-spacer\" data-id=\"38cc927\" data-element_type=\"widget\" data-widget_type=\"spacer.default\">\n\t\t\t\t<div class=\"elementor-widget-container\">\n\t\t\t\t\t<div class=\"elementor-spacer\">\n\t\t\t<div class=\"elementor-spacer-inner\"><\/div>\n\t\t<\/div>\n\t\t\t\t<\/div>\n\t\t\t\t<\/div>\n\t\t\t\t<div class=\"elementor-element elementor-element-148d625 aleft elementor-widget elementor-widget-wgl-double-heading\" data-id=\"148d625\" data-element_type=\"widget\" data-widget_type=\"wgl-double-heading.default\">\n\t\t\t\t<div class=\"elementor-widget-container\">\n\t\t\t<div class=\"wgl-double-heading\"><div class=\"dblh__subtitle\">Rejoins notre \u00e9quipe <\/div><h3 class=\"dblh__title-wrapper\"><span class=\"dblh__title dblh__title-1\">Passionn\u00e9 de viticulture ou d&#039;\u00e9v\u00e9nementiel ?<\/span><\/h3><\/div>\t\t<\/div>\n\t\t\t\t<\/div>\n\t\t\t\t<div class=\"elementor-element elementor-element-55a4995 elementor-view-stacked elementor-shape-circle elementor-widget__width-initial aleft elementor-widget-icon-box wgl-icon-box elementor-widget elementor-widget-wgl-info-box\" data-id=\"55a4995\" data-element_type=\"widget\" data-widget_type=\"wgl-info-box.default\">\n\t\t\t\t<div class=\"elementor-widget-container\">\n\t\t\t<div class=\"wgl-infobox\"><a class=\"wgl-infobox__link\" href=\"https:\/\/chateaudelhospital.fr\/contacts\/\"><\/a><div class=\"wgl-infobox_wrapper wgl-layout-top\"><div class=\"media-wrapper icon-wrapper\"><\/div><div class=\"content_wrapper\"><div class=\"wgl-infobox-title_wrapper\"><\/div><div class=\"wgl-infobox_content\"><p style=\"font-weight: 400;\"><span>Le Ch\u00e2teau de L&#039;Hospital est compos\u00e9 de deux \u00e9quipes, l&#039;\u00e9quipe de production et de vente des vins et l&#039;\u00e9quipe \u00e9v\u00e9nementielle et h\u00e9bergement. Les deux \u00e9quipes sont toujours \u00e0 la recherche de personnes motiv\u00e9es, enthousiastes et communicatives pour r\u00e9soudre les probl\u00e8mes\u00a0!<\/span><\/p><p style=\"font-weight: 400;\"><span>Nous acceptons les candidatures pour des stages de 2 mois sur une base continue. Malheureusement, nous ne proposons pas de stages r\u00e9mun\u00e9r\u00e9s pour le moment. <\/span><\/p><p style=\"font-weight: 400;\"><span>Si vous souhaitez rejoindre l&#039;\u00e9quipe de production et de vente de vin, veuillez envoyer un e-mail <strong>contact@chateaudelhospital.fr<\/strong><\/span><\/p><p style=\"font-weight: 400;\"><span>Si vous souhaitez rejoindre l&#039;\u00e9quipe des \u00e9v\u00e9nements et de l&#039;h\u00e9bergement, veuillez envoyer un e-mail <strong>event@chateaudelhospital.fr<\/strong><\/span><\/p><\/div><\/div><\/div><\/div>\t\t<\/div>\n\t\t\t\t<\/div>\n\t\t\t\t<div class=\"elementor-element elementor-element-12244f6 elementor-widget elementor-widget-spacer\" data-id=\"12244f6\" data-element_type=\"widget\" data-widget_type=\"spacer.default\">\n\t\t\t\t<div class=\"elementor-widget-container\">\n\t\t\t\t\t<div class=\"elementor-spacer\">\n\t\t\t<div class=\"elementor-spacer-inner\"><\/div>\n\t\t<\/div>\n\t\t\t\t<\/div>\n\t\t\t\t<\/div>\n\t\t\t\t\t<\/div>\n\t\t<\/div>\n\t\t\t\t<div class=\"elementor-column elementor-col-50 elementor-top-column elementor-element elementor-element-43bce7d\" data-id=\"43bce7d\" data-element_type=\"column\">\n\t\t\t<div class=\"elementor-widget-wrap elementor-element-populated\">\n\t\t\t\t\t\t<div class=\"elementor-element elementor-element-e3bd1a7 elementor-invisible elementor-widget elementor-widget-wgl-image-layers\" data-id=\"e3bd1a7\" data-element_type=\"widget\" data-settings=\"{&quot;_animation&quot;:&quot;fadeIn&quot;}\" data-widget_type=\"wgl-image-layers.default\">\n\t\t\t\t<div class=\"elementor-widget-container\">\n\t\t\t<div class=\"wgl-image-layers\"><div class=\"img-layer_image-wrapper fade_in\" style=\"z-index: 1\">\r\n                <div class=\"img-layer_item\" style=\"transform: translate(0px, 0%);\">\r\n                    <div class=\"img-layer_image\" style=\"transition: all 800ms; transition-delay: 600ms;\">\r\n                        <img decoding=\"async\" src=\"https:\/\/chateaudelhospital.fr\/wp-content\/uploads\/2023\/11\/join.png\" alt=\"rejoindre\" \/>\r\n                    <\/div>\r\n                <\/div>\r\n            <\/div> <\/div>\t\t<\/div>\n\t\t\t\t<\/div>\n\t\t\t\t\t<\/div>\n\t\t<\/div>\n\t\t\t\t\t<\/div>\n\t\t<\/section>\n\t\t\t\t<\/div>","protected":false},"excerpt":{"rendered":"<p>Join Our Team Passionate about viticulture or events? The Chateau de L\u2019Hospital is compromised of two teams, the wine production and sales team and the events and accommodation team. Both teams are always looking for self- motivated, enthusiastic, and communicative problem solvers! We accept applications for 2-month internships on a rolling basis. Unfortunately, we do [&hellip;]<\/p>","protected":false},"author":1,"featured_media":0,"parent":0,"menu_order":0,"comment_status":"closed","ping_status":"closed","template":"","meta":{"footnotes":""},"class_list":["post-4689","page","type-page","status-publish","hentry"],"acf":[],"yoast_head":"<!-- This site is optimized with the Yoast SEO plugin v24.8.1 - https:\/\/yoast.com\/wordpress\/plugins\/seo\/ -->\n<title>Join Our Team - Ch\u00e2teau de L&#039;Hospital<\/title>\n<meta name=\"robots\" content=\"index, follow, max-snippet:-1, max-image-preview:large, max-video-preview:-1\" \/>\n<link rel=\"canonical\" href=\"https:\/\/chateaudelhospital.fr\/fr\/rejoins-notre-equipe\/\" \/>\n<meta property=\"og:locale\" content=\"fr_FR\" \/>\n<meta property=\"og:type\" content=\"article\" \/>\n<meta property=\"og:title\" content=\"Join Our Team - Ch\u00e2teau de L&#039;Hospital\" \/>\n<meta property=\"og:description\" content=\"Join Our Team Passionate about viticulture or events? The Chateau de L\u2019Hospital is compromised of two teams, the wine production and sales team and the events and accommodation team. Both teams are always looking for self- motivated, enthusiastic, and communicative problem solvers! We accept applications for 2-month internships on a rolling basis. Unfortunately, we do [&hellip;]\" \/>\n<meta property=\"og:url\" content=\"https:\/\/chateaudelhospital.fr\/fr\/rejoins-notre-equipe\/\" \/>\n<meta property=\"og:site_name\" content=\"Ch\u00e2teau de L&#039;Hospital\" \/>\n<meta property=\"article:modified_time\" content=\"2023-11-30T16:27:01+00:00\" \/>\n<meta property=\"og:image\" content=\"https:\/\/chateaudelhospital.fr\/wp-content\/uploads\/2023\/11\/join.png\" \/>\n<meta name=\"twitter:card\" content=\"summary_large_image\" \/>\n<script type=\"application\/ld+json\" class=\"yoast-schema-graph\">{\"@context\":\"https:\/\/schema.org\",\"@graph\":[{\"@type\":\"WebPage\",\"@id\":\"https:\/\/chateaudelhospital.fr\/fr\/rejoins-notre-equipe\/\",\"url\":\"https:\/\/chateaudelhospital.fr\/fr\/rejoins-notre-equipe\/\",\"name\":\"Join Our Team - Ch\u00e2teau de L&#039;Hospital\",\"isPartOf\":{\"@id\":\"https:\/\/chateaudelhospital.fr\/fr\/#website\"},\"primaryImageOfPage\":{\"@id\":\"https:\/\/chateaudelhospital.fr\/fr\/rejoins-notre-equipe\/#primaryimage\"},\"image\":{\"@id\":\"https:\/\/chateaudelhospital.fr\/fr\/rejoins-notre-equipe\/#primaryimage\"},\"thumbnailUrl\":\"https:\/\/chateaudelhospital.fr\/wp-content\/uploads\/2023\/11\/join.png\",\"datePublished\":\"2023-11-28T15:48:15+00:00\",\"dateModified\":\"2023-11-30T16:27:01+00:00\",\"breadcrumb\":{\"@id\":\"https:\/\/chateaudelhospital.fr\/fr\/rejoins-notre-equipe\/#breadcrumb\"},\"inLanguage\":\"fr-FR\",\"potentialAction\":[{\"@type\":\"ReadAction\",\"target\":[\"https:\/\/chateaudelhospital.fr\/fr\/rejoins-notre-equipe\/\"]}]},{\"@type\":\"ImageObject\",\"inLanguage\":\"fr-FR\",\"@id\":\"https:\/\/chateaudelhospital.fr\/fr\/rejoins-notre-equipe\/#primaryimage\",\"url\":\"https:\/\/chateaudelhospital.fr\/wp-content\/uploads\/2023\/11\/join.png\",\"contentUrl\":\"https:\/\/chateaudelhospital.fr\/wp-content\/uploads\/2023\/11\/join.png\"},{\"@type\":\"BreadcrumbList\",\"@id\":\"https:\/\/chateaudelhospital.fr\/fr\/rejoins-notre-equipe\/#breadcrumb\",\"itemListElement\":[{\"@type\":\"ListItem\",\"position\":1,\"name\":\"Home\",\"item\":\"https:\/\/chateaudelhospital.fr\/\"},{\"@type\":\"ListItem\",\"position\":2,\"name\":\"Join Our Team\"}]},{\"@type\":\"WebSite\",\"@id\":\"https:\/\/chateaudelhospital.fr\/fr\/#website\",\"url\":\"https:\/\/chateaudelhospital.fr\/fr\/\",\"name\":\"Ch\u00e2teau de L&#039;Hospital\",\"description\":\"\",\"potentialAction\":[{\"@type\":\"SearchAction\",\"target\":{\"@type\":\"EntryPoint\",\"urlTemplate\":\"https:\/\/chateaudelhospital.fr\/fr\/?s={search_term_string}\"},\"query-input\":{\"@type\":\"PropertyValueSpecification\",\"valueRequired\":true,\"valueName\":\"search_term_string\"}}],\"inLanguage\":\"fr-FR\"}]}<\/script>\n<!-- \/ Yoast SEO plugin. -->","yoast_head_json":{"title":"Join Our Team - Ch\u00e2teau de L&#039;Hospital","robots":{"index":"index","follow":"follow","max-snippet":"max-snippet:-1","max-image-preview":"max-image-preview:large","max-video-preview":"max-video-preview:-1"},"canonical":"https:\/\/chateaudelhospital.fr\/fr\/rejoins-notre-equipe\/","og_locale":"fr_FR","og_type":"article","og_title":"Join Our Team - Ch\u00e2teau de L&#039;Hospital","og_description":"Join Our Team Passionate about viticulture or events? The Chateau de L\u2019Hospital is compromised of two teams, the wine production and sales team and the events and accommodation team. Both teams are always looking for self- motivated, enthusiastic, and communicative problem solvers! We accept applications for 2-month internships on a rolling basis. Unfortunately, we do [&hellip;]","og_url":"https:\/\/chateaudelhospital.fr\/fr\/rejoins-notre-equipe\/","og_site_name":"Ch\u00e2teau de L&#039;Hospital","article_modified_time":"2023-11-30T16:27:01+00:00","og_image":[{"url":"https:\/\/chateaudelhospital.fr\/wp-content\/uploads\/2023\/11\/join.png","type":"","width":"","height":""}],"twitter_card":"summary_large_image","schema":{"@context":"https:\/\/schema.org","@graph":[{"@type":"WebPage","@id":"https:\/\/chateaudelhospital.fr\/fr\/rejoins-notre-equipe\/","url":"https:\/\/chateaudelhospital.fr\/fr\/rejoins-notre-equipe\/","name":"Join Our Team - Ch\u00e2teau de L&#039;Hospital","isPartOf":{"@id":"https:\/\/chateaudelhospital.fr\/fr\/#website"},"primaryImageOfPage":{"@id":"https:\/\/chateaudelhospital.fr\/fr\/rejoins-notre-equipe\/#primaryimage"},"image":{"@id":"https:\/\/chateaudelhospital.fr\/fr\/rejoins-notre-equipe\/#primaryimage"},"thumbnailUrl":"https:\/\/chateaudelhospital.fr\/wp-content\/uploads\/2023\/11\/join.png","datePublished":"2023-11-28T15:48:15+00:00","dateModified":"2023-11-30T16:27:01+00:00","breadcrumb":{"@id":"https:\/\/chateaudelhospital.fr\/fr\/rejoins-notre-equipe\/#breadcrumb"},"inLanguage":"fr-FR","potentialAction":[{"@type":"ReadAction","target":["https:\/\/chateaudelhospital.fr\/fr\/rejoins-notre-equipe\/"]}]},{"@type":"ImageObject","inLanguage":"fr-FR","@id":"https:\/\/chateaudelhospital.fr\/fr\/rejoins-notre-equipe\/#primaryimage","url":"https:\/\/chateaudelhospital.fr\/wp-content\/uploads\/2023\/11\/join.png","contentUrl":"https:\/\/chateaudelhospital.fr\/wp-content\/uploads\/2023\/11\/join.png"},{"@type":"BreadcrumbList","@id":"https:\/\/chateaudelhospital.fr\/fr\/rejoins-notre-equipe\/#breadcrumb","itemListElement":[{"@type":"ListItem","position":1,"name":"Home","item":"https:\/\/chateaudelhospital.fr\/"},{"@type":"ListItem","position":2,"name":"Join Our Team"}]},{"@type":"WebSite","@id":"https:\/\/chateaudelhospital.fr\/fr\/#website","url":"https:\/\/chateaudelhospital.fr\/fr\/","name":"Ch\u00e2teau de L&#039;Hospital","description":"","potentialAction":[{"@type":"SearchAction","target":{"@type":"EntryPoint","urlTemplate":"https:\/\/chateaudelhospital.fr\/fr\/?s={search_term_string}"},"query-input":{"@type":"PropertyValueSpecification","valueRequired":true,"valueName":"search_term_string"}}],"inLanguage":"fr-FR"}]}},"_links":{"self":[{"href":"https:\/\/chateaudelhospital.fr\/fr\/wp-json\/wp\/v2\/pages\/4689","targetHints":{"allow":["GET"]}}],"collection":[{"href":"https:\/\/chateaudelhospital.fr\/fr\/wp-json\/wp\/v2\/pages"}],"about":[{"href":"https:\/\/chateaudelhospital.fr\/fr\/wp-json\/wp\/v2\/types\/page"}],"author":[{"embeddable":true,"href":"https:\/\/chateaudelhospital.fr\/fr\/wp-json\/wp\/v2\/users\/1"}],"replies":[{"embeddable":true,"href":"https:\/\/chateaudelhospital.fr\/fr\/wp-json\/wp\/v2\/comments?post=4689"}],"version-history":[{"count":10,"href":"https:\/\/chateaudelhospital.fr\/fr\/wp-json\/wp\/v2\/pages\/4689\/revisions"}],"predecessor-version":[{"id":5111,"href":"https:\/\/chateaudelhospital.fr\/fr\/wp-json\/wp\/v2\/pages\/4689\/revisions\/5111"}],"wp:attachment":[{"href":"https:\/\/chateaudelhospital.fr\/fr\/wp-json\/wp\/v2\/media?parent=4689"}],"curies":[{"name":"wp","href":"https:\/\/api.w.org\/{rel}","templated":true}]}}