{"id":353,"date":"2022-08-03T07:16:21","date_gmt":"2022-08-03T07:16:21","guid":{"rendered":"https:\/\/wgl-demo.net\/emdene\/?page_id=353"},"modified":"2024-01-31T14:14:41","modified_gmt":"2024-01-31T14:14:41","slug":"our-blog","status":"publish","type":"page","link":"https:\/\/chateaudelhospital.fr\/fr\/notre-blog\/","title":{"rendered":"Notre blog"},"content":{"rendered":"<div data-elementor-type=\"wp-page\" data-elementor-id=\"353\" class=\"elementor elementor-353\" data-elementor-post-type=\"page\">\n\t\t\t\t\t\t<section class=\"elementor-section elementor-top-section elementor-element elementor-element-b5f7505 elementor-section-boxed elementor-section-height-default elementor-section-height-default\" data-id=\"b5f7505\" data-element_type=\"section\">\n\t\t\t\t\t\t<div class=\"elementor-container elementor-column-gap-default\">\n\t\t\t\t\t<div class=\"elementor-column elementor-col-100 elementor-top-column elementor-element elementor-element-b848438\" data-id=\"b848438\" data-element_type=\"column\">\n\t\t\t<div class=\"elementor-widget-wrap elementor-element-populated\">\n\t\t\t\t\t\t<div class=\"elementor-element elementor-element-9c304ae elementor-widget elementor-widget-wgl-blog\" data-id=\"9c304ae\" data-element_type=\"widget\" data-settings=\"{&quot;blog_columns&quot;:&quot;4&quot;}\" data-widget_type=\"wgl-blog.default\">\n\t\t\t\t<div class=\"elementor-widget-container\">\n\t\t\t<section class=\"wgl_cpt_section\"><div class=\"blog-posts\"><div class=\"container-grid row blog_columns-3 grid blog-style-standard\">    <div class=\"item wgl_col-4\">\r\n    <div class=\"blog-post format-standard-image\">\r\n    <div class=\"blog-post_wrapper\"><div class=\"blog-post_media\"><div class=\"blog-post_media_part\"><a href=\"https:\/\/chateaudelhospital.fr\/fr\/getting-married-in-bordeaux-why-its-the-perfect-destination-wedding-venue-and-how-to-plan-it\/\" class=\"media-link image-overlay\"><img decoding=\"async\" src=\"https:\/\/chateaudelhospital.fr\/wp-content\/uploads\/2026\/04\/HEADLINE-1170x700.webp\" alt=\"HEADLINE\"><\/a><\/div><span class=\"post_categories\"><span><a  href=\"https:\/\/chateaudelhospital.fr\/fr\/category\/blog\/\" >News<\/a><\/span><\/span><\/div>    <div class=\"blog-post_content\"><div class=\"post_meta-wrap\"><div class=\"meta-data\"><span class=\"post_date\">avril 13, 2026<\/span><\/div><\/div><h3 class=\"blog-post_title\"><a href=\"https:\/\/chateaudelhospital.fr\/fr\/getting-married-in-bordeaux-why-its-the-perfect-destination-wedding-venue-and-how-to-plan-it\/\">Se Marier \u00e0 Bordeaux : Pourquoi est-ce la destination id\u00e9ale et comment s'organiser ?<\/a><\/h3><div class=\"blog-post_text\">Ah, l'amour... et le vin ! La demande vient d\u2019\u00eatre r\u00e9alis\u00e9e ; vous vous \u00eates dit \u00ab oui \u00bb ; vous l\u2019avez annonc\u00e9 \u00e0 vos plus proches autour de quelques bulles ou verres de vin\u2026et maintenant place aux pr\u00e9paratifs !<\/div><div class=\"clear\"><\/div><div class=\"blog-post_footer\">            <div class=\"read-more-wrap\">\r\n                <a href=\"https:\/\/chateaudelhospital.fr\/fr\/getting-married-in-bordeaux-why-its-the-perfect-destination-wedding-venue-and-how-to-plan-it\/\" class=\"button-read-more\"><span>EN SAVOIR PLUS<\/span>                    <i class=\"flaticon flaticon-right-arrow read-more-icon\"><\/i>\r\n                <\/a>\r\n            <\/div>    <\/div>\r\n    <\/div>\r\n    <\/div>\r\n    <\/div>\r\n    <\/div>    <div class=\"item wgl_col-4\">\r\n    <div class=\"blog-post format-standard-image\">\r\n    <div class=\"blog-post_wrapper\"><div class=\"blog-post_media\"><div class=\"blog-post_media_part\"><a href=\"https:\/\/chateaudelhospital.fr\/fr\/gold-medal-at-the-concours-general-agricole-the-excellence-of-our-2025-white-rewarded\/\" class=\"media-link image-overlay\"><img decoding=\"async\" src=\"https:\/\/chateaudelhospital.fr\/wp-content\/uploads\/2026\/03\/Chateau-de-lHospital-Blanc-1170x700.png\" alt=\"Ch\u00e2teau de l&#8217;Hospital &#8211; Blanc\"><\/a><\/div><span class=\"post_categories\"><span><a  href=\"https:\/\/chateaudelhospital.fr\/fr\/category\/blog\/\" >News<\/a><\/span><\/span><\/div>    <div class=\"blog-post_content\"><div class=\"post_meta-wrap\"><div class=\"meta-data\"><span class=\"post_date\">mars 24, 2026<\/span><\/div><\/div><h3 class=\"blog-post_title\"><a href=\"https:\/\/chateaudelhospital.fr\/fr\/gold-medal-at-the-concours-general-agricole-the-excellence-of-our-2025-white-rewarded\/\">M\u00e9daille d'Or au Concours G\u00e9n\u00e9ral Agricole : \nL'Excellence de notre Blanc 2025 r\u00e9compens\u00e9e !<\/a><\/h3><div class=\"blog-post_text\">C\u2019est avec une immense fiert\u00e9 que nous vous annon\u00e7ons une superbe nouvelle pour le Ch\u00e2teau de l'Hospital : notre cuv\u00e9e Blanc, Mill\u00e9sime 2025, vient d'\u00eatre r\u00e9compens\u00e9e par une M\u00e9daille d\u2019Or au prestigieux Concours G\u00e9n\u00e9ral Agricole de Paris 2026.<\/div><div class=\"clear\"><\/div><div class=\"blog-post_footer\">            <div class=\"read-more-wrap\">\r\n                <a href=\"https:\/\/chateaudelhospital.fr\/fr\/gold-medal-at-the-concours-general-agricole-the-excellence-of-our-2025-white-rewarded\/\" class=\"button-read-more\"><span>EN SAVOIR PLUS<\/span>                    <i class=\"flaticon flaticon-right-arrow read-more-icon\"><\/i>\r\n                <\/a>\r\n            <\/div>    <\/div>\r\n    <\/div>\r\n    <\/div>\r\n    <\/div>\r\n    <\/div>    <div class=\"item wgl_col-4\">\r\n    <div class=\"blog-post format-standard-image\">\r\n    <div class=\"blog-post_wrapper\"><div class=\"blog-post_media\"><div class=\"blog-post_media_part\"><a href=\"https:\/\/chateaudelhospital.fr\/fr\/chateau-de-lhospital-a-portets\/\" class=\"media-link image-overlay\"><img decoding=\"async\" src=\"https:\/\/chateaudelhospital.fr\/wp-content\/uploads\/2026\/03\/11-1170x700.jpg\" alt=\"11\"><\/a><\/div><span class=\"post_categories\"><span><a  href=\"https:\/\/chateaudelhospital.fr\/fr\/category\/blog\/\" >News<\/a><\/span><\/span><\/div>    <div class=\"blog-post_content\"><div class=\"post_meta-wrap\"><div class=\"meta-data\"><span class=\"post_date\">mars 10, 2026<\/span><\/div><\/div><h3 class=\"blog-post_title\"><a href=\"https:\/\/chateaudelhospital.fr\/fr\/chateau-de-lhospital-a-portets\/\">Ch\u00e2teau de l\u2019Hospital \u00e0 Portets<\/a><\/h3><div class=\"blog-post_text\">Le Ch\u00e2teau de l\u2019Hospital \u00e0 Portets est un lieu embl\u00e9matique du patrimoine viticole bordelais, o\u00f9 histoire, terroir et passion du vin se rencontrent pour offrir une exp\u00e9rience unique au c\u0153ur du vignoble de Bordeaux.<\/div><div class=\"clear\"><\/div><div class=\"blog-post_footer\">            <div class=\"read-more-wrap\">\r\n                <a href=\"https:\/\/chateaudelhospital.fr\/fr\/chateau-de-lhospital-a-portets\/\" class=\"button-read-more\"><span>EN SAVOIR PLUS<\/span>                    <i class=\"flaticon flaticon-right-arrow read-more-icon\"><\/i>\r\n                <\/a>\r\n            <\/div>    <\/div>\r\n    <\/div>\r\n    <\/div>\r\n    <\/div>\r\n    <\/div>    <div class=\"item wgl_col-4\">\r\n    <div class=\"blog-post format-standard-image\">\r\n    <div class=\"blog-post_wrapper\"><div class=\"blog-post_media\"><div class=\"blog-post_media_part\"><a href=\"https:\/\/chateaudelhospital.fr\/fr\/the-2025-harvest-at-chateau-de-lhospital-draws-to-a-close-a-blend-of-tradition-and-conviviality\/\" class=\"media-link image-overlay\"><img decoding=\"async\" src=\"https:\/\/chateaudelhospital.fr\/wp-content\/uploads\/2025\/10\/a-1170x700.jpg\" alt=\"a\"><\/a><\/div><span class=\"post_categories\"><span><a  href=\"https:\/\/chateaudelhospital.fr\/fr\/category\/blog\/\" >News<\/a><\/span><\/span><\/div>    <div class=\"blog-post_content\"><div class=\"post_meta-wrap\"><div class=\"meta-data\"><span class=\"post_date\">octobre 1, 2025<\/span><\/div><\/div><h3 class=\"blog-post_title\"><a href=\"https:\/\/chateaudelhospital.fr\/fr\/the-2025-harvest-at-chateau-de-lhospital-draws-to-a-close-a-blend-of-tradition-and-conviviality\/\">Tendances mariage 2026 : authenticit\u00e9, convivialit\u00e9 et personnalisation<\/a><\/h3><div class=\"blog-post_text\">D\u00e9couvrez les grandes tendances mariage 2026 : authenticit\u00e9, convivialit\u00e9 et personnalisation. Organisez votre r\u00e9ception de r\u00eave dans un lieu d\u2019exception pour un mariage inoubliable.<\/div><div class=\"clear\"><\/div><div class=\"blog-post_footer\">            <div class=\"read-more-wrap\">\r\n                <a href=\"https:\/\/chateaudelhospital.fr\/fr\/the-2025-harvest-at-chateau-de-lhospital-draws-to-a-close-a-blend-of-tradition-and-conviviality\/\" class=\"button-read-more\"><span>EN SAVOIR PLUS<\/span>                    <i class=\"flaticon flaticon-right-arrow read-more-icon\"><\/i>\r\n                <\/a>\r\n            <\/div>    <\/div>\r\n    <\/div>\r\n    <\/div>\r\n    <\/div>\r\n    <\/div>    <div class=\"item wgl_col-4\">\r\n    <div class=\"blog-post format-standard-image\">\r\n    <div class=\"blog-post_wrapper\"><div class=\"blog-post_media\"><div class=\"blog-post_media_part\"><a href=\"https:\/\/chateaudelhospital.fr\/fr\/join-us-for-the-gerbaude-at-chateau-de-lhospital-for-the-first-time-2\/\" class=\"media-link image-overlay\"><img decoding=\"async\" src=\"https:\/\/chateaudelhospital.fr\/wp-content\/uploads\/2025\/10\/b2-1170x700.jpg\" alt=\"b2\"><\/a><\/div><span class=\"post_categories\"><span><a  href=\"https:\/\/chateaudelhospital.fr\/fr\/category\/blog\/\" >News<\/a><\/span><\/span><\/div>    <div class=\"blog-post_content\"><div class=\"post_meta-wrap\"><div class=\"meta-data\"><span class=\"post_date\">octobre 1, 2025<\/span><\/div><\/div><h3 class=\"blog-post_title\"><a href=\"https:\/\/chateaudelhospital.fr\/fr\/join-us-for-the-gerbaude-at-chateau-de-lhospital-for-the-first-time-2\/\">Clap de fin pour les vendanges du mill\u00e9sime 2025 au Ch\u00e2teau de l\u2019Hospital : entre tradition et convivialit\u00e9<\/a><\/h3><div class=\"blog-post_text\">Aujourd\u2019hui, mardi 30 septembre 2025 signe le dernier jour de nos vendanges pour le mill\u00e9sime 2025 avec la r\u00e9colte de notre Petit Verdot. Retour sur les vendanges d\u2019un mill\u00e9sime diff\u00e9rent des autres.<\/div><div class=\"clear\"><\/div><div class=\"blog-post_footer\">            <div class=\"read-more-wrap\">\r\n                <a href=\"https:\/\/chateaudelhospital.fr\/fr\/join-us-for-the-gerbaude-at-chateau-de-lhospital-for-the-first-time-2\/\" class=\"button-read-more\"><span>EN SAVOIR PLUS<\/span>                    <i class=\"flaticon flaticon-right-arrow read-more-icon\"><\/i>\r\n                <\/a>\r\n            <\/div>    <\/div>\r\n    <\/div>\r\n    <\/div>\r\n    <\/div>\r\n    <\/div>    <div class=\"item wgl_col-4\">\r\n    <div class=\"blog-post format-standard-image\">\r\n    <div class=\"blog-post_wrapper\"><div class=\"blog-post_media\"><div class=\"blog-post_media_part\"><a href=\"https:\/\/chateaudelhospital.fr\/fr\/join-us-for-the-gerbaude-at-chateau-de-lhospital-for-the-first-time\/\" class=\"media-link image-overlay\"><img decoding=\"async\" src=\"https:\/\/chateaudelhospital.fr\/wp-content\/uploads\/2025\/09\/winbe-1170x700.jpg\" alt=\"winbe\"><\/a><\/div><span class=\"post_categories\"><span><a  href=\"https:\/\/chateaudelhospital.fr\/fr\/category\/blog\/\" >News<\/a><\/span><\/span><\/div>    <div class=\"blog-post_content\"><div class=\"post_meta-wrap\"><div class=\"meta-data\"><span class=\"post_date\">septembre 15, 2025<\/span><\/div><\/div><h3 class=\"blog-post_title\"><a href=\"https:\/\/chateaudelhospital.fr\/fr\/join-us-for-the-gerbaude-at-chateau-de-lhospital-for-the-first-time\/\">Venez vivre la Gerbaude du Ch\u00e2teau de l\u2019Hospital pour la premi\u00e8re fois<\/a><\/h3><div class=\"blog-post_text\">Ne manquez pas cette soir\u00e9e unique dans les Graves. Entre f\u00eate des vendanges, bras\u00e9ro et vins bio, la Gerbaude est l'\u00e9v\u00e9nement \u00e0 ne pas rater pour c\u00e9l\u00e9brer ensemble l\u2019esprit de la vigne....<\/div><div class=\"clear\"><\/div><div class=\"blog-post_footer\">            <div class=\"read-more-wrap\">\r\n                <a href=\"https:\/\/chateaudelhospital.fr\/fr\/join-us-for-the-gerbaude-at-chateau-de-lhospital-for-the-first-time\/\" class=\"button-read-more\"><span>EN SAVOIR PLUS<\/span>                    <i class=\"flaticon flaticon-right-arrow read-more-icon\"><\/i>\r\n                <\/a>\r\n            <\/div>    <\/div>\r\n    <\/div>\r\n    <\/div>\r\n    <\/div>\r\n    <\/div>    <div class=\"item wgl_col-4\">\r\n    <div class=\"blog-post format-standard-image\">\r\n    <div class=\"blog-post_wrapper\"><div class=\"blog-post_media\"><div class=\"blog-post_media_part\"><a href=\"https:\/\/chateaudelhospital.fr\/fr\/keeping-busy-in-july-with-the-wines-of-chateau-de-lhospital\/\" class=\"media-link image-overlay\"><img decoding=\"async\" src=\"https:\/\/chateaudelhospital.fr\/wp-content\/uploads\/2025\/07\/new3-1170x700.jpg\" alt=\"new3\"><\/a><\/div><span class=\"post_categories\"><span><a  href=\"https:\/\/chateaudelhospital.fr\/fr\/category\/blog\/\" >News<\/a><\/span><\/span><\/div>    <div class=\"blog-post_content\"><div class=\"post_meta-wrap\"><div class=\"meta-data\"><span class=\"post_date\">juillet 10, 2025<\/span><\/div><\/div><h3 class=\"blog-post_title\"><a href=\"https:\/\/chateaudelhospital.fr\/fr\/keeping-busy-in-july-with-the-wines-of-chateau-de-lhospital\/\">S'occuper en juillet avec les vins du Ch\u00e2teau de l'Hospital<\/a><\/h3><div class=\"blog-post_text\">Un mois de juillet riche en \u00e9motions au Ch\u00e2teau de L\u2019Hospital !\nEnvie de musique, de cin\u00e9ma, de d\u00e9couvertes gourmandes ou de d\u00e9tente face au coucher du soleil ? Notre agenda estival est l\u00e0 pour vous inspirer<\/div><div class=\"clear\"><\/div><div class=\"blog-post_footer\">            <div class=\"read-more-wrap\">\r\n                <a href=\"https:\/\/chateaudelhospital.fr\/fr\/keeping-busy-in-july-with-the-wines-of-chateau-de-lhospital\/\" class=\"button-read-more\"><span>EN SAVOIR PLUS<\/span>                    <i class=\"flaticon flaticon-right-arrow read-more-icon\"><\/i>\r\n                <\/a>\r\n            <\/div>    <\/div>\r\n    <\/div>\r\n    <\/div>\r\n    <\/div>\r\n    <\/div>    <div class=\"item wgl_col-4\">\r\n    <div class=\"blog-post format-standard-image\">\r\n    <div class=\"blog-post_wrapper\"><div class=\"blog-post_media\"><div class=\"blog-post_media_part\"><a href=\"https:\/\/chateaudelhospital.fr\/fr\/the-chateau-de-lhospital-is-making-headlines\/\" class=\"media-link image-overlay\"><img decoding=\"async\" src=\"https:\/\/chateaudelhospital.fr\/wp-content\/uploads\/2025\/07\/1-1170x700.png\" alt=\"1\"><\/a><\/div><span class=\"post_categories\"><span><a  href=\"https:\/\/chateaudelhospital.fr\/fr\/category\/blog\/\" >News<\/a><\/span><\/span><\/div>    <div class=\"blog-post_content\"><div class=\"post_meta-wrap\"><div class=\"meta-data\"><span class=\"post_date\">juin 4, 2025<\/span><\/div><\/div><h3 class=\"blog-post_title\"><a href=\"https:\/\/chateaudelhospital.fr\/fr\/the-chateau-de-lhospital-is-making-headlines\/\">Le Ch\u00e2teau de l\u2019Hospital fait parler de lui<\/a><\/h3><div class=\"blog-post_text\">Nous sommes heureux de partager avec vous la parution de notre interview crois\u00e9e dans la rubrique \u00ab On est #Bordeauxlocal et vous ? \u00bb du Vins de Bordeaux - CIVB, publi\u00e9 dans le journal Sud Ouest. Cette mise en lumi\u00e8re est...<\/div><div class=\"clear\"><\/div><div class=\"blog-post_footer\">            <div class=\"read-more-wrap\">\r\n                <a href=\"https:\/\/chateaudelhospital.fr\/fr\/the-chateau-de-lhospital-is-making-headlines\/\" class=\"button-read-more\"><span>EN SAVOIR PLUS<\/span>                    <i class=\"flaticon flaticon-right-arrow read-more-icon\"><\/i>\r\n                <\/a>\r\n            <\/div>    <\/div>\r\n    <\/div>\r\n    <\/div>\r\n    <\/div>\r\n    <\/div>    <div class=\"item wgl_col-4\">\r\n    <div class=\"blog-post format-standard-image\">\r\n    <div class=\"blog-post_wrapper\"><div class=\"blog-post_media\"><div class=\"blog-post_media_part\"><a href=\"https:\/\/chateaudelhospital.fr\/fr\/rose-all-day-comment-choisir-la-rose-parfaite-pour-lete\/\" class=\"media-link image-overlay\"><img decoding=\"async\" src=\"https:\/\/chateaudelhospital.fr\/wp-content\/uploads\/2022\/08\/blog1-1-1170x700.jpg\" alt=\"blog1\"><\/a><\/div><span class=\"post_categories\"><span><a  href=\"https:\/\/chateaudelhospital.fr\/fr\/category\/blog\/\" >News<\/a><\/span><\/span><\/div>    <div class=\"blog-post_content\"><div class=\"post_meta-wrap\"><div class=\"meta-data\"><span class=\"post_date\">25 novembre 2023<\/span><\/div><\/div><h3 class=\"blog-post_title\"><a href=\"https:\/\/chateaudelhospital.fr\/fr\/rose-all-day-comment-choisir-la-rose-parfaite-pour-lete\/\">Ros\u00e9 toute la journ\u00e9e : Comment choisir le ros\u00e9 id\u00e9al pour l'\u00e9t\u00e9<\/a><\/h3><div class=\"blog-post_text\">La consommation de vin ros\u00e9 a augment\u00e9 de 53% au cours des 15 derni\u00e8res ann\u00e9es en France. Selon le magazine The Connection, chaque adulte fran\u00e7ais boit en moyenne 20 bouteilles par an. Aujourd'hui, le vin raffin\u00e9...<\/div><div class=\"clear\"><\/div><div class=\"blog-post_footer\">            <div class=\"read-more-wrap\">\r\n                <a href=\"https:\/\/chateaudelhospital.fr\/fr\/rose-all-day-comment-choisir-la-rose-parfaite-pour-lete\/\" class=\"button-read-more\"><span>EN SAVOIR PLUS<\/span>                    <i class=\"flaticon flaticon-right-arrow read-more-icon\"><\/i>\r\n                <\/a>\r\n            <\/div>    <\/div>\r\n    <\/div>\r\n    <\/div>\r\n    <\/div>\r\n    <\/div><\/div><\/div><\/section>\t\t<\/div>\n\t\t\t\t<\/div>\n\t\t\t\t\t<\/div>\n\t\t<\/div>\n\t\t\t\t\t<\/div>\n\t\t<\/section>\n\t\t\t\t<\/div>","protected":false},"excerpt":{"rendered":"<p>WINE November 25, 2023 Ros\u00e9 All Day: How to Choose the Perfect Ros\u00e9 for the Summer The consumption of ros\u00e9 wine has grown by 53% in the last 15 years in France. According to The Connection magazine, each adult in France drinks an average of 20 bottles a year. Today refined wine&#8230; LEARN MORE<\/p>","protected":false},"author":1,"featured_media":0,"parent":0,"menu_order":0,"comment_status":"closed","ping_status":"closed","template":"","meta":{"footnotes":""},"class_list":["post-353","page","type-page","status-publish","hentry"],"acf":[],"yoast_head":"<!-- This site is optimized with the Yoast SEO plugin v24.8.1 - https:\/\/yoast.com\/wordpress\/plugins\/seo\/ -->\n<title>Our Blog - Ch\u00e2teau de L&#039;Hospital<\/title>\n<meta name=\"robots\" content=\"index, follow, max-snippet:-1, max-image-preview:large, max-video-preview:-1\" \/>\n<link rel=\"canonical\" href=\"https:\/\/chateaudelhospital.fr\/fr\/notre-blog\/\" \/>\n<meta property=\"og:locale\" content=\"fr_FR\" \/>\n<meta property=\"og:type\" content=\"article\" \/>\n<meta property=\"og:title\" content=\"Our Blog - Ch\u00e2teau de L&#039;Hospital\" \/>\n<meta property=\"og:description\" content=\"WINE November 25, 2023 Ros\u00e9 All Day: How to Choose the Perfect Ros\u00e9 for the Summer The consumption of ros\u00e9 wine has grown by 53% in the last 15 years in France. According to The Connection magazine, each adult in France drinks an average of 20 bottles a year. Today refined wine&#8230; LEARN MORE\" \/>\n<meta property=\"og:url\" content=\"https:\/\/chateaudelhospital.fr\/fr\/notre-blog\/\" \/>\n<meta property=\"og:site_name\" content=\"Ch\u00e2teau de L&#039;Hospital\" \/>\n<meta property=\"article:modified_time\" content=\"2024-01-31T14:14:41+00:00\" \/>\n<meta property=\"og:image\" content=\"https:\/\/chateaudelhospital.fr\/wp-content\/uploads\/2022\/08\/blog1-1-1170x700.jpg\" \/>\n<meta name=\"twitter:card\" content=\"summary_large_image\" \/>\n<script type=\"application\/ld+json\" class=\"yoast-schema-graph\">{\"@context\":\"https:\/\/schema.org\",\"@graph\":[{\"@type\":\"WebPage\",\"@id\":\"https:\/\/chateaudelhospital.fr\/fr\/notre-blog\/\",\"url\":\"https:\/\/chateaudelhospital.fr\/fr\/notre-blog\/\",\"name\":\"Our Blog - Ch\u00e2teau de L&#039;Hospital\",\"isPartOf\":{\"@id\":\"https:\/\/chateaudelhospital.fr\/fr\/#website\"},\"primaryImageOfPage\":{\"@id\":\"https:\/\/chateaudelhospital.fr\/fr\/notre-blog\/#primaryimage\"},\"image\":{\"@id\":\"https:\/\/chateaudelhospital.fr\/fr\/notre-blog\/#primaryimage\"},\"thumbnailUrl\":\"https:\/\/chateaudelhospital.fr\/wp-content\/uploads\/2022\/08\/blog1-1-1170x700.jpg\",\"datePublished\":\"2022-08-03T07:16:21+00:00\",\"dateModified\":\"2024-01-31T14:14:41+00:00\",\"breadcrumb\":{\"@id\":\"https:\/\/chateaudelhospital.fr\/fr\/notre-blog\/#breadcrumb\"},\"inLanguage\":\"fr-FR\",\"potentialAction\":[{\"@type\":\"ReadAction\",\"target\":[\"https:\/\/chateaudelhospital.fr\/fr\/notre-blog\/\"]}]},{\"@type\":\"ImageObject\",\"inLanguage\":\"fr-FR\",\"@id\":\"https:\/\/chateaudelhospital.fr\/fr\/notre-blog\/#primaryimage\",\"url\":\"https:\/\/chateaudelhospital.fr\/wp-content\/uploads\/2022\/08\/blog1-1-1170x700.jpg\",\"contentUrl\":\"https:\/\/chateaudelhospital.fr\/wp-content\/uploads\/2022\/08\/blog1-1-1170x700.jpg\"},{\"@type\":\"BreadcrumbList\",\"@id\":\"https:\/\/chateaudelhospital.fr\/fr\/notre-blog\/#breadcrumb\",\"itemListElement\":[{\"@type\":\"ListItem\",\"position\":1,\"name\":\"Home\",\"item\":\"https:\/\/chateaudelhospital.fr\/\"},{\"@type\":\"ListItem\",\"position\":2,\"name\":\"Our Blog\"}]},{\"@type\":\"WebSite\",\"@id\":\"https:\/\/chateaudelhospital.fr\/fr\/#website\",\"url\":\"https:\/\/chateaudelhospital.fr\/fr\/\",\"name\":\"Ch\u00e2teau de L&#039;Hospital\",\"description\":\"\",\"potentialAction\":[{\"@type\":\"SearchAction\",\"target\":{\"@type\":\"EntryPoint\",\"urlTemplate\":\"https:\/\/chateaudelhospital.fr\/fr\/?s={search_term_string}\"},\"query-input\":{\"@type\":\"PropertyValueSpecification\",\"valueRequired\":true,\"valueName\":\"search_term_string\"}}],\"inLanguage\":\"fr-FR\"}]}<\/script>\n<!-- \/ Yoast SEO plugin. -->","yoast_head_json":{"title":"Our Blog - Ch\u00e2teau de L&#039;Hospital","robots":{"index":"index","follow":"follow","max-snippet":"max-snippet:-1","max-image-preview":"max-image-preview:large","max-video-preview":"max-video-preview:-1"},"canonical":"https:\/\/chateaudelhospital.fr\/fr\/notre-blog\/","og_locale":"fr_FR","og_type":"article","og_title":"Our Blog - Ch\u00e2teau de L&#039;Hospital","og_description":"WINE November 25, 2023 Ros\u00e9 All Day: How to Choose the Perfect Ros\u00e9 for the Summer The consumption of ros\u00e9 wine has grown by 53% in the last 15 years in France. According to The Connection magazine, each adult in France drinks an average of 20 bottles a year. Today refined wine&#8230; LEARN MORE","og_url":"https:\/\/chateaudelhospital.fr\/fr\/notre-blog\/","og_site_name":"Ch\u00e2teau de L&#039;Hospital","article_modified_time":"2024-01-31T14:14:41+00:00","og_image":[{"url":"https:\/\/chateaudelhospital.fr\/wp-content\/uploads\/2022\/08\/blog1-1-1170x700.jpg","type":"","width":"","height":""}],"twitter_card":"summary_large_image","schema":{"@context":"https:\/\/schema.org","@graph":[{"@type":"WebPage","@id":"https:\/\/chateaudelhospital.fr\/fr\/notre-blog\/","url":"https:\/\/chateaudelhospital.fr\/fr\/notre-blog\/","name":"Our Blog - Ch\u00e2teau de L&#039;Hospital","isPartOf":{"@id":"https:\/\/chateaudelhospital.fr\/fr\/#website"},"primaryImageOfPage":{"@id":"https:\/\/chateaudelhospital.fr\/fr\/notre-blog\/#primaryimage"},"image":{"@id":"https:\/\/chateaudelhospital.fr\/fr\/notre-blog\/#primaryimage"},"thumbnailUrl":"https:\/\/chateaudelhospital.fr\/wp-content\/uploads\/2022\/08\/blog1-1-1170x700.jpg","datePublished":"2022-08-03T07:16:21+00:00","dateModified":"2024-01-31T14:14:41+00:00","breadcrumb":{"@id":"https:\/\/chateaudelhospital.fr\/fr\/notre-blog\/#breadcrumb"},"inLanguage":"fr-FR","potentialAction":[{"@type":"ReadAction","target":["https:\/\/chateaudelhospital.fr\/fr\/notre-blog\/"]}]},{"@type":"ImageObject","inLanguage":"fr-FR","@id":"https:\/\/chateaudelhospital.fr\/fr\/notre-blog\/#primaryimage","url":"https:\/\/chateaudelhospital.fr\/wp-content\/uploads\/2022\/08\/blog1-1-1170x700.jpg","contentUrl":"https:\/\/chateaudelhospital.fr\/wp-content\/uploads\/2022\/08\/blog1-1-1170x700.jpg"},{"@type":"BreadcrumbList","@id":"https:\/\/chateaudelhospital.fr\/fr\/notre-blog\/#breadcrumb","itemListElement":[{"@type":"ListItem","position":1,"name":"Home","item":"https:\/\/chateaudelhospital.fr\/"},{"@type":"ListItem","position":2,"name":"Our Blog"}]},{"@type":"WebSite","@id":"https:\/\/chateaudelhospital.fr\/fr\/#website","url":"https:\/\/chateaudelhospital.fr\/fr\/","name":"Ch\u00e2teau de L&#039;Hospital","description":"","potentialAction":[{"@type":"SearchAction","target":{"@type":"EntryPoint","urlTemplate":"https:\/\/chateaudelhospital.fr\/fr\/?s={search_term_string}"},"query-input":{"@type":"PropertyValueSpecification","valueRequired":true,"valueName":"search_term_string"}}],"inLanguage":"fr-FR"}]}},"_links":{"self":[{"href":"https:\/\/chateaudelhospital.fr\/fr\/wp-json\/wp\/v2\/pages\/353","targetHints":{"allow":["GET"]}}],"collection":[{"href":"https:\/\/chateaudelhospital.fr\/fr\/wp-json\/wp\/v2\/pages"}],"about":[{"href":"https:\/\/chateaudelhospital.fr\/fr\/wp-json\/wp\/v2\/types\/page"}],"author":[{"embeddable":true,"href":"https:\/\/chateaudelhospital.fr\/fr\/wp-json\/wp\/v2\/users\/1"}],"replies":[{"embeddable":true,"href":"https:\/\/chateaudelhospital.fr\/fr\/wp-json\/wp\/v2\/comments?post=353"}],"version-history":[{"count":26,"href":"https:\/\/chateaudelhospital.fr\/fr\/wp-json\/wp\/v2\/pages\/353\/revisions"}],"predecessor-version":[{"id":5460,"href":"https:\/\/chateaudelhospital.fr\/fr\/wp-json\/wp\/v2\/pages\/353\/revisions\/5460"}],"wp:attachment":[{"href":"https:\/\/chateaudelhospital.fr\/fr\/wp-json\/wp\/v2\/media?parent=353"}],"curies":[{"name":"wp","href":"https:\/\/api.w.org\/{rel}","templated":true}]}}