{"id":286,"date":"2022-08-02T14:53:53","date_gmt":"2022-08-02T14:53:53","guid":{"rendered":"https:\/\/wgl-demo.net\/emdene\/?page_id=286"},"modified":"2025-06-25T03:08:06","modified_gmt":"2025-06-25T03:08:06","slug":"book-a-tour-with-us","status":"publish","type":"page","link":"https:\/\/chateaudelhospital.fr\/fr\/reservez-une-visite-avec-nous\/","title":{"rendered":"D\u00e9gustations et ateliers"},"content":{"rendered":"<div data-elementor-type=\"wp-page\" data-elementor-id=\"286\" class=\"elementor elementor-286\" data-elementor-post-type=\"page\">\n\t\t\t\t<div class=\"elementor-element elementor-element-133ae79 e-grid e-con-boxed e-con e-parent\" data-id=\"133ae79\" data-element_type=\"container\">\n\t\t\t\t\t<div class=\"e-con-inner\">\n\t\t\t\t<div class=\"elementor-element elementor-element-6873c6f acenter elementor-widget elementor-widget-wgl-double-heading\" data-id=\"6873c6f\" data-element_type=\"widget\" data-widget_type=\"wgl-double-heading.default\">\n\t\t\t\t<div class=\"elementor-widget-container\">\n\t\t\t<div class=\"wgl-double-heading\"><h3 class=\"dblh__title-wrapper\"><span class=\"dblh__title dblh__title-1\">TOUTES NOS D\u00c9GUSTATIONS ET ATELIERS<\/span><\/h3><\/div>\t\t<\/div>\n\t\t\t\t<\/div>\n\t\t\t\t<div class=\"elementor-element elementor-element-751094a elementor-widget elementor-widget-text-editor\" data-id=\"751094a\" data-element_type=\"widget\" data-widget_type=\"text-editor.default\">\n\t\t\t\t<div class=\"elementor-widget-container\">\n\t\t\t\t\t\t\t<p class=\"cvGsUA direction-ltr align-center para-style-body\">L'\u00e9quipe du Ch\u00e2teau de L'Hospital sera ravie de vous accueillir sur la propri\u00e9t\u00e9 pour vous faire d\u00e9couvrir les secrets d\u2019un vin de Graves.\nDe la d\u00e9couverte d\u2019un patrimoine culturel unique aux accords mets&amp;vins en passant par l\u2019art de la d\u00e9gustation, venez \u00e0 la rencontre de notre \u00e9quipe.\nR\u00e9servez votre exp\u00e9rience ci-dessous. Les visites et ateliers sont disponibles en fran\u00e7ais et en anglais.<\/p>\t\t\t\t\t\t<\/div>\n\t\t\t\t<\/div>\n\t\t\t\t\t<\/div>\n\t\t\t\t<\/div>\n\t\t<div class=\"elementor-element elementor-element-8ee560f e-grid e-con-boxed e-con e-parent\" data-id=\"8ee560f\" data-element_type=\"container\" data-no-translation=\"\">\n\t\t\t\t\t<div class=\"e-con-inner\">\n\t\t\t\t<div class=\"elementor-element elementor-element-d490afb acenter elementor-widget-image-box wgl-image-box elementor-widget elementor-widget-wgl-info-box\" data-id=\"d490afb\" data-element_type=\"widget\" data-widget_type=\"wgl-info-box.default\">\n\t\t\t\t<div class=\"elementor-widget-container\">\n\t\t\t<div class=\"wgl-infobox\"><div class=\"wgl-infobox_wrapper wgl-layout-top\"><div class=\"media-wrapper img-wrapper\"><figure class=\"wgl-image-box_img\"><span ><img fetchpriority=\"high\" decoding=\"async\" width=\"1024\" height=\"683\" src=\"https:\/\/chateaudelhospital.fr\/wp-content\/uploads\/2025\/03\/tour.jpg\" class=\"attachment-full size-full wp-image-6829\" alt=\"\" srcset=\"https:\/\/chateaudelhospital.fr\/wp-content\/uploads\/2025\/03\/tour.jpg 1024w, https:\/\/chateaudelhospital.fr\/wp-content\/uploads\/2025\/03\/tour-300x200.jpg 300w, https:\/\/chateaudelhospital.fr\/wp-content\/uploads\/2025\/03\/tour-768x512.jpg 768w, https:\/\/chateaudelhospital.fr\/wp-content\/uploads\/2025\/03\/tour-18x12.jpg 18w\" sizes=\"(max-width: 1024px) 100vw, 1024px\" \/><\/span><\/figure><\/div><div class=\"content_wrapper\"><div class=\"wgl-infobox-title_wrapper\"><h3 class=\"wgl-infobox_title\"><span class=\"wgl-infobox_title-idle\">Atelier Signature<\/span><\/h3><\/div><div class=\"wgl-infobox_content\">\u00c9veillez vos sens lors de l\u2019atelier \u201cSignature\u201d au Ch\u00e2teau de l\u2019Hospital. Accompagn\u00e9 d\u2019un membre de notre \u00e9quipe, vous d\u00e9couvrirez les cuv\u00e9es embl\u00e9matiques du domaine \u00e0 travers des accords in\u00e9dits avec des produits d\u2019exception tels que le caviar Sturia. Une exp\u00e9rience unique, m\u00ealant ar\u00f4mes, textures et saveurs, id\u00e9ale pour les amateurs curieux comme pour les passionn\u00e9s de vin en qu\u00eate de nouvelles d\u00e9couvertes.\n<figure class=\"table\" style=\"margin-top: 20px;\">\n<table style=\"height: 180px; width: 100%;\">\n<tbody>\n<tr style=\"height: 18px;\">\n<td style=\"height: 18px; width: 100%; text-align: center;\" colspan=\"2\"><strong>Tarifs<\/strong><\/td>\n<\/tr>\n<tr style=\"height: 18px;\">\n<td style=\"height: 18px; width: 50%;\">Solo<\/td>\n<td style=\"height: 18px; width: 50%;\">\u20ac40<\/td>\n<\/tr>\n<tr style=\"height: 18px;\">\n<td style=\"height: 18px; width: 50%;\">Duo<\/td>\n<td style=\"height: 18px; width: 50%;\">\u20ac70<\/td>\n<\/tr>\n<tr style=\"height: 18px;\">\n<td style=\"width: 100%; text-align: center; height: 18px;\" colspan=\"2\"><strong>Assemblages<\/strong><\/td>\n<\/tr>\n<tr style=\"height: 36px;\">\n<td style=\"width: 50%; height: 36px;\" colspan=\"2\">Rejoignez-nous pour une d\u00e9gustation comment\u00e9e de quatre cuv\u00e9es embl\u00e9matiques du Ch\u00e2teau de L\u2019Hospital \u2014 dont le Ch\u00e2teau de L\u2019Hospital Blanc, Solstice, Ch\u00e2teau 2019 et Ch\u00e2teau 2020 \u2014 chacune accompagn\u00e9e de bouch\u00e9es fra\u00eeches, locales et de saison, telles que du fromage de ch\u00e8vre, des hu\u00eetres d\u2019Arcachon ou du caviar Sturia. Les accords peuvent varier selon la disponibilit\u00e9, avec pour objectif de mettre en valeur le meilleur du terroir artisanal de la r\u00e9gion.\n<br\/><br\/>\nPour plus d\u2019informations sur les accords, veuillez contacter: contact@chateaudelhospital.fr<\/td>\n<\/tr>\n<\/tbody>\n<\/table>\n<strong>Dur\u00e9e: <\/strong>2 heures<br\/>\n<strong>R\u00e9servation obligatoire<\/strong><\/figure><\/div><div class=\"wgl-infobox-button_wrapper\"><a href=\"https:\/\/chateaudelhospital.fr\/fr\/votre-devis-evenementiel\/\" class=\"wgl-infobox_button button-read-more\"><span>R\u00c9SERVER<\/span><\/a><\/div><\/div><\/div><\/div>\t\t<\/div>\n\t\t\t\t<\/div>\n\t\t\t\t<div class=\"elementor-element elementor-element-8aa6200 acenter elementor-widget-image-box wgl-image-box elementor-widget elementor-widget-wgl-info-box\" data-id=\"8aa6200\" data-element_type=\"widget\" data-widget_type=\"wgl-info-box.default\">\n\t\t\t\t<div class=\"elementor-widget-container\">\n\t\t\t<div class=\"wgl-infobox\"><div class=\"wgl-infobox_wrapper wgl-layout-top\"><div class=\"media-wrapper img-wrapper\"><figure class=\"wgl-image-box_img\"><span ><img decoding=\"async\" width=\"1024\" height=\"683\" src=\"https:\/\/chateaudelhospital.fr\/wp-content\/uploads\/2025\/03\/3wines.jpg\" class=\"attachment-full size-full wp-image-6828\" alt=\"\" srcset=\"https:\/\/chateaudelhospital.fr\/wp-content\/uploads\/2025\/03\/3wines.jpg 1024w, https:\/\/chateaudelhospital.fr\/wp-content\/uploads\/2025\/03\/3wines-300x200.jpg 300w, https:\/\/chateaudelhospital.fr\/wp-content\/uploads\/2025\/03\/3wines-768x512.jpg 768w, https:\/\/chateaudelhospital.fr\/wp-content\/uploads\/2025\/03\/3wines-18x12.jpg 18w\" sizes=\"(max-width: 1024px) 100vw, 1024px\" \/><\/span><\/figure><\/div><div class=\"content_wrapper\"><div class=\"wgl-infobox-title_wrapper\"><h3 class=\"wgl-infobox_title\"><span class=\"wgl-infobox_title-idle\">Atelier Sur les traces de l\u2019Hospital<\/span><\/h3><\/div><div class=\"wgl-infobox_content\"><p>L&rsquo;atelier &ldquo;Sur les traces de l&rsquo;Hospital&rdquo; vous propose une exp&eacute;rience sensorielle autour des cuv&eacute;es embl&eacute;matiques du domaine. Guid&eacute; par un membre de notre &eacute;quipe, vous d&eacute;couvrirez l&rsquo;harmonie subtile entre trois vins du Ch&acirc;teau et des accords inspir&eacute;s des saveurs locales.<br \/>Dans une atmosph&egrave;re chaleureuse et authentique, cet atelier est une invitation &agrave; &eacute;veiller vos sens.<\/p>\n<figure class=\"table\" style=\"margin-top: 20px;\">\n<table style=\"height: 180px; width: 100%;\">\n<tbody>\n<tr style=\"height: 18px;\">\n<td style=\"height: 18px; width: 100%; text-align: center;\" colspan=\"2\"><strong>Tarifs<\/strong><\/td>\n<\/tr>\n<tr style=\"height: 18px;\">\n<td style=\"height: 18px; width: 50%;\">Solo<\/td>\n<td style=\"height: 18px; width: 50%;\">&euro;15<\/td>\n<\/tr>\n<tr style=\"height: 18px;\">\n<td style=\"height: 18px; width: 50%;\">Duo<\/td>\n<td style=\"height: 18px; width: 50%;\">&euro;25<\/td>\n<\/tr>\n<tr style=\"height: 18px;\">\n<td style=\"width: 100%; text-align: center; height: 18px;\" colspan=\"2\"><strong>Assemblages<\/strong><\/td>\n<\/tr>\n<tr style=\"height: 36px;\">\n<td style=\"width: 50%; height: 36px;\" colspan=\"2\">Rejoignez-nous pour une d&eacute;gustation comment&eacute;e de trois cuv&eacute;es embl&eacute;matiques du Ch&acirc;teau de L&rsquo;Hospital &mdash; dont le Ch&acirc;teau de L&rsquo;Hospital Blanc, le Ros&eacute; et La Dame de l&rsquo;Hospital &mdash; chacune accompagn&eacute;e de bouch&eacute;es fra&icirc;ches, locales et de saison, telles que du fromage de ch&egrave;vre, des hu&icirc;tres d&rsquo;Arcachon ou du caviar Sturia. Les accords peuvent varier selon la disponibilit&eacute;, avec pour objectif de mettre en valeur le meilleur du terroir artisanal de la r&eacute;gion.<br \/><br \/>Pour plus d&rsquo;informations sur les accords, veuillez contacter: contact@chateaudelhospital.fr<br \/><\/td>\n<\/tr>\n<\/tbody>\n<\/table>\n<strong>Dur&eacute;e: <\/strong>1 heure<br \/><strong>R&eacute;servation obligatoire<\/strong><\/figure><\/div><div class=\"wgl-infobox-button_wrapper\"><a href=\"https:\/\/chateaudelhospital.fr\/fr\/votre-devis-evenementiel\/\" class=\"wgl-infobox_button button-read-more\"><span>R\u00c9SERVER<\/span><\/a><\/div><\/div><\/div><\/div>\t\t<\/div>\n\t\t\t\t<\/div>\n\t\t\t\t\t<\/div>\n\t\t\t\t<\/div>\n\t\t\t\t<\/div>","protected":false},"excerpt":{"rendered":"<p>All OF OUR TASTINGS &#038; WORKSHOPS The team at Ch\u00e2teau de L\u2019Hospital warmly invites you to experience our wine tastings and workshops, where you&#8217;ll discover the art of wine tasting, perfect pairings, and the rich cultural heritage of our ch\u00e2teau and the Graves region. Available in both French and English, our workshops offer an unforgettable [&hellip;]<\/p>","protected":false},"author":1,"featured_media":0,"parent":0,"menu_order":0,"comment_status":"closed","ping_status":"closed","template":"","meta":{"footnotes":""},"class_list":["post-286","page","type-page","status-publish","hentry"],"acf":[],"yoast_head":"<!-- This site is optimized with the Yoast SEO plugin v24.8.1 - https:\/\/yoast.com\/wordpress\/plugins\/seo\/ -->\n<title>Tastings &amp; Workshops - Ch\u00e2teau de L&#039;Hospital<\/title>\n<meta name=\"robots\" content=\"index, follow, max-snippet:-1, max-image-preview:large, max-video-preview:-1\" \/>\n<link rel=\"canonical\" href=\"https:\/\/chateaudelhospital.fr\/fr\/reservez-une-visite-avec-nous\/\" \/>\n<meta property=\"og:locale\" content=\"fr_FR\" \/>\n<meta property=\"og:type\" content=\"article\" \/>\n<meta property=\"og:title\" content=\"Tastings &amp; Workshops - Ch\u00e2teau de L&#039;Hospital\" \/>\n<meta property=\"og:description\" content=\"All OF OUR TASTINGS &#038; WORKSHOPS The team at Ch\u00e2teau de L\u2019Hospital warmly invites you to experience our wine tastings and workshops, where you&#8217;ll discover the art of wine tasting, perfect pairings, and the rich cultural heritage of our ch\u00e2teau and the Graves region. Available in both French and English, our workshops offer an unforgettable [&hellip;]\" \/>\n<meta property=\"og:url\" content=\"https:\/\/chateaudelhospital.fr\/fr\/reservez-une-visite-avec-nous\/\" \/>\n<meta property=\"og:site_name\" content=\"Ch\u00e2teau de L&#039;Hospital\" \/>\n<meta property=\"article:modified_time\" content=\"2025-06-25T03:08:06+00:00\" \/>\n<meta property=\"og:image\" content=\"https:\/\/chateaudelhospital.fr\/wp-content\/uploads\/2025\/03\/tour.jpg\" \/>\n\t<meta property=\"og:image:width\" content=\"1024\" \/>\n\t<meta property=\"og:image:height\" content=\"683\" \/>\n\t<meta property=\"og:image:type\" content=\"image\/jpeg\" \/>\n<meta name=\"twitter:card\" content=\"summary_large_image\" \/>\n<meta name=\"twitter:label1\" content=\"Est. reading time\" \/>\n\t<meta name=\"twitter:data1\" content=\"5 minutes\" \/>\n<script type=\"application\/ld+json\" class=\"yoast-schema-graph\">{\"@context\":\"https:\/\/schema.org\",\"@graph\":[{\"@type\":\"WebPage\",\"@id\":\"https:\/\/chateaudelhospital.fr\/reservez-une-visite-avec-nous\/\",\"url\":\"https:\/\/chateaudelhospital.fr\/reservez-une-visite-avec-nous\/\",\"name\":\"Tastings & Workshops - Ch\u00e2teau de L&#039;Hospital\",\"isPartOf\":{\"@id\":\"https:\/\/chateaudelhospital.fr\/fr\/#website\"},\"primaryImageOfPage\":{\"@id\":\"https:\/\/chateaudelhospital.fr\/reservez-une-visite-avec-nous\/#primaryimage\"},\"image\":{\"@id\":\"https:\/\/chateaudelhospital.fr\/reservez-une-visite-avec-nous\/#primaryimage\"},\"thumbnailUrl\":\"https:\/\/chateaudelhospital.fr\/wp-content\/uploads\/2025\/03\/tour.jpg\",\"datePublished\":\"2022-08-02T14:53:53+00:00\",\"dateModified\":\"2025-06-25T03:08:06+00:00\",\"breadcrumb\":{\"@id\":\"https:\/\/chateaudelhospital.fr\/reservez-une-visite-avec-nous\/#breadcrumb\"},\"inLanguage\":\"fr-FR\",\"potentialAction\":[{\"@type\":\"ReadAction\",\"target\":[\"https:\/\/chateaudelhospital.fr\/reservez-une-visite-avec-nous\/\"]}]},{\"@type\":\"ImageObject\",\"inLanguage\":\"fr-FR\",\"@id\":\"https:\/\/chateaudelhospital.fr\/reservez-une-visite-avec-nous\/#primaryimage\",\"url\":\"https:\/\/chateaudelhospital.fr\/wp-content\/uploads\/2025\/03\/tour.jpg\",\"contentUrl\":\"https:\/\/chateaudelhospital.fr\/wp-content\/uploads\/2025\/03\/tour.jpg\"},{\"@type\":\"BreadcrumbList\",\"@id\":\"https:\/\/chateaudelhospital.fr\/reservez-une-visite-avec-nous\/#breadcrumb\",\"itemListElement\":[{\"@type\":\"ListItem\",\"position\":1,\"name\":\"Home\",\"item\":\"https:\/\/chateaudelhospital.fr\/\"},{\"@type\":\"ListItem\",\"position\":2,\"name\":\"Tastings &#038; Workshops\"}]},{\"@type\":\"WebSite\",\"@id\":\"https:\/\/chateaudelhospital.fr\/fr\/#website\",\"url\":\"https:\/\/chateaudelhospital.fr\/fr\/\",\"name\":\"Ch\u00e2teau de L&#039;Hospital\",\"description\":\"\",\"potentialAction\":[{\"@type\":\"SearchAction\",\"target\":{\"@type\":\"EntryPoint\",\"urlTemplate\":\"https:\/\/chateaudelhospital.fr\/fr\/?s={search_term_string}\"},\"query-input\":{\"@type\":\"PropertyValueSpecification\",\"valueRequired\":true,\"valueName\":\"search_term_string\"}}],\"inLanguage\":\"fr-FR\"}]}<\/script>\n<!-- \/ Yoast SEO plugin. -->","yoast_head_json":{"title":"Tastings & Workshops - Ch\u00e2teau de L&#039;Hospital","robots":{"index":"index","follow":"follow","max-snippet":"max-snippet:-1","max-image-preview":"max-image-preview:large","max-video-preview":"max-video-preview:-1"},"canonical":"https:\/\/chateaudelhospital.fr\/fr\/reservez-une-visite-avec-nous\/","og_locale":"fr_FR","og_type":"article","og_title":"Tastings & Workshops - Ch\u00e2teau de L&#039;Hospital","og_description":"All OF OUR TASTINGS &#038; WORKSHOPS The team at Ch\u00e2teau de L\u2019Hospital warmly invites you to experience our wine tastings and workshops, where you&#8217;ll discover the art of wine tasting, perfect pairings, and the rich cultural heritage of our ch\u00e2teau and the Graves region. Available in both French and English, our workshops offer an unforgettable [&hellip;]","og_url":"https:\/\/chateaudelhospital.fr\/fr\/reservez-une-visite-avec-nous\/","og_site_name":"Ch\u00e2teau de L&#039;Hospital","article_modified_time":"2025-06-25T03:08:06+00:00","og_image":[{"width":1024,"height":683,"url":"https:\/\/chateaudelhospital.fr\/wp-content\/uploads\/2025\/03\/tour.jpg","type":"image\/jpeg"}],"twitter_card":"summary_large_image","twitter_misc":{"Est. reading time":"5 minutes"},"schema":{"@context":"https:\/\/schema.org","@graph":[{"@type":"WebPage","@id":"https:\/\/chateaudelhospital.fr\/reservez-une-visite-avec-nous\/","url":"https:\/\/chateaudelhospital.fr\/reservez-une-visite-avec-nous\/","name":"Tastings & Workshops - Ch\u00e2teau de L&#039;Hospital","isPartOf":{"@id":"https:\/\/chateaudelhospital.fr\/fr\/#website"},"primaryImageOfPage":{"@id":"https:\/\/chateaudelhospital.fr\/reservez-une-visite-avec-nous\/#primaryimage"},"image":{"@id":"https:\/\/chateaudelhospital.fr\/reservez-une-visite-avec-nous\/#primaryimage"},"thumbnailUrl":"https:\/\/chateaudelhospital.fr\/wp-content\/uploads\/2025\/03\/tour.jpg","datePublished":"2022-08-02T14:53:53+00:00","dateModified":"2025-06-25T03:08:06+00:00","breadcrumb":{"@id":"https:\/\/chateaudelhospital.fr\/reservez-une-visite-avec-nous\/#breadcrumb"},"inLanguage":"fr-FR","potentialAction":[{"@type":"ReadAction","target":["https:\/\/chateaudelhospital.fr\/reservez-une-visite-avec-nous\/"]}]},{"@type":"ImageObject","inLanguage":"fr-FR","@id":"https:\/\/chateaudelhospital.fr\/reservez-une-visite-avec-nous\/#primaryimage","url":"https:\/\/chateaudelhospital.fr\/wp-content\/uploads\/2025\/03\/tour.jpg","contentUrl":"https:\/\/chateaudelhospital.fr\/wp-content\/uploads\/2025\/03\/tour.jpg"},{"@type":"BreadcrumbList","@id":"https:\/\/chateaudelhospital.fr\/reservez-une-visite-avec-nous\/#breadcrumb","itemListElement":[{"@type":"ListItem","position":1,"name":"Home","item":"https:\/\/chateaudelhospital.fr\/"},{"@type":"ListItem","position":2,"name":"Tastings &#038; Workshops"}]},{"@type":"WebSite","@id":"https:\/\/chateaudelhospital.fr\/fr\/#website","url":"https:\/\/chateaudelhospital.fr\/fr\/","name":"Ch\u00e2teau de L&#039;Hospital","description":"","potentialAction":[{"@type":"SearchAction","target":{"@type":"EntryPoint","urlTemplate":"https:\/\/chateaudelhospital.fr\/fr\/?s={search_term_string}"},"query-input":{"@type":"PropertyValueSpecification","valueRequired":true,"valueName":"search_term_string"}}],"inLanguage":"fr-FR"}]}},"_links":{"self":[{"href":"https:\/\/chateaudelhospital.fr\/fr\/wp-json\/wp\/v2\/pages\/286","targetHints":{"allow":["GET"]}}],"collection":[{"href":"https:\/\/chateaudelhospital.fr\/fr\/wp-json\/wp\/v2\/pages"}],"about":[{"href":"https:\/\/chateaudelhospital.fr\/fr\/wp-json\/wp\/v2\/types\/page"}],"author":[{"embeddable":true,"href":"https:\/\/chateaudelhospital.fr\/fr\/wp-json\/wp\/v2\/users\/1"}],"replies":[{"embeddable":true,"href":"https:\/\/chateaudelhospital.fr\/fr\/wp-json\/wp\/v2\/comments?post=286"}],"version-history":[{"count":415,"href":"https:\/\/chateaudelhospital.fr\/fr\/wp-json\/wp\/v2\/pages\/286\/revisions"}],"predecessor-version":[{"id":7613,"href":"https:\/\/chateaudelhospital.fr\/fr\/wp-json\/wp\/v2\/pages\/286\/revisions\/7613"}],"wp:attachment":[{"href":"https:\/\/chateaudelhospital.fr\/fr\/wp-json\/wp\/v2\/media?parent=286"}],"curies":[{"name":"wp","href":"https:\/\/api.w.org\/{rel}","templated":true}]}}