{"id":2748,"date":"2023-11-22T11:47:00","date_gmt":"2023-11-22T11:47:00","guid":{"rendered":"https:\/\/chateaudelhospital.fr\/?page_id=2748"},"modified":"2025-03-21T15:27:24","modified_gmt":"2025-03-21T15:27:24","slug":"legal-mentions-privacy-policy","status":"publish","type":"page","link":"https:\/\/chateaudelhospital.fr\/fr\/ou-nous-trouver\/","title":{"rendered":"Mentions l\u00e9gales &amp; politique de confidentialit\u00e9"},"content":{"rendered":"<div data-elementor-type=\"wp-page\" data-elementor-id=\"2748\" class=\"elementor elementor-2748\" data-elementor-post-type=\"page\">\n\t\t\t\t<div class=\"elementor-element elementor-element-f549cc1 e-flex e-con-boxed e-con e-parent\" data-id=\"f549cc1\" data-element_type=\"container\" data-settings=\"{&quot;background_background&quot;:&quot;classic&quot;}\">\n\t\t\t\t\t<div class=\"e-con-inner\">\n\t\t\t\t<div class=\"elementor-element elementor-element-7edc882 elementor-widget elementor-widget-text-editor\" data-id=\"7edc882\" data-element_type=\"widget\" data-widget_type=\"text-editor.default\">\n\t\t\t\t<div class=\"elementor-widget-container\">\n\t\t\t\t\t\t\t<p style=\"font-weight: 400;\">Les donn\u00e9es personnelles recueillies dans le cadre des services propos\u00e9s sur\nhttps:\/\/chateaudelhospital.fr font l\u2019objet d\u2019un traitement sous la responsabilit\u00e9 de :<br \/><br \/><\/p><p style=\"font-weight: 400;\">Ch\u00e2teau de l&#8217;Hospital<\/p><p style=\"font-weight: 400;\">8 rue de l&#8217;Hospital<\/p><p style=\"font-weight: 400;\">33640 PORTETS<br \/><br \/><\/p><p style=\"font-weight: 400;\">Le site https:\/\/chateaudelhospital.fr est h\u00e9berg\u00e9 par :<br \/><br \/>HOSTINGER INTERNATIONAL LTD<\/p><p style=\"font-weight: 400;\">61 Lordou Vironos Street 6023 Larnaca, Cyprus<\/p><p style=\"font-weight: 400;\"><a href=\"https:\/\/www.hostinger.fr\/contact\">https:\/\/www.hostinger.fr\/contact<\/a><br \/><br \/><\/p><p style=\"font-weight: 400;\">Ch\u00e2teau de l\u2019Hospital traite ces donn\u00e9es aux fins de :<\/p><ul><li>R\u00e9pondre aux demandes d\u2019utilisateurs adress\u00e9es via le formulaire de contact\naccessible depuis le lien suivant <a href=\"https:\/\/chateaudelhospital.fr\/devis\/events\">https:\/\/chateaudelhospital.fr\/devis\/events<\/a><br \/><br \/><\/li><\/ul><p style=\"font-weight: 400;\">Dans ce cas, le traitement repose sur l\u2019ex\u00e9cution d\u2019une obligation contractuelle et les\ndonn\u00e9es sont indispensables pour r\u00e9pondre \u00e0 la demande de l\u2019utilisateur.<\/p><p style=\"font-weight: 400;\">\u00a0<\/p><p style=\"font-weight: 400;\">Les donn\u00e9es des utilisateurs peuvent \u00eatre transmises \u00e0 des tiers, par exemple les\nagences partenaires du Ch\u00e2teau de l\u2019Hospital et la soci\u00e9t\u00e9 h\u00e9bergeant le site\nhttps:\/\/chateaudelhospital.fr, y compris en dehors du territoire de l\u2019Union europ\u00e9enne,\nvers des pays :<\/p><p style=\"font-weight: 400;\">\u00a0<\/p><ul><li>Qui b\u00e9n\u00e9ficient d\u2019une d\u00e9cision d\u2019ad\u00e9quation rendue par le Commission\neurop\u00e9enne,<\/li><li>Et lorsque ce n\u2019est pas le cas, dans le cadre d\u2019une transmission encadr\u00e9e par des\ngaranties appropri\u00e9es de mani\u00e8re \u00e0 pr\u00e9server les droits et la confidentialit\u00e9 des\ndonn\u00e9es personnelles des utilisateurs.<\/li><\/ul><p style=\"font-weight: 400;\">\u00a0<\/p><p style=\"font-weight: 400;\">Conform\u00e9ment au R\u00e8glement G\u00e9n\u00e9ral sur la Protection des Donn\u00e9es n\u00b02016\/679 du 27 avril 2016 et \u00e0 la Loi n\u00b0 78-17 du 6 janvier 1978 relative \u00e0 l\u2019informatique, aux fichiers et aux libert\u00e9s, modifi\u00e9e notamment par la Loi n\u00b02016-1321 du 07\/10\/2016 et la Loi n\u00b02018-493 du 20 juin 2018, l\u2019utilisateur du site https:\/\/chateaudelhospital.fr dispose des droits suivants :<\/p><p style=\"font-weight: 400;\">\u00a0<\/p><ul><li>Droit de retirer son consentement<\/li><li>Droit d\u2019acc\u00e8s : il permet \u00e0 l\u2019utilisateur d\u2019\u00eatre inform\u00e9 et de demander l\u2019acc\u00e8s aux donn\u00e9es personnelles trait\u00e9es par le Ch\u00e2teau de l\u2019Hospital ;<\/li><li>Droit de rectification : il permet \u00e0 l\u2019utilisateur de demander au Ch\u00e2teau de l\u2019Hospital de modifier ou de mettre \u00e0 jour ses donn\u00e9es personnelles lorsqu\u2019elles sont inexactes ou incompl\u00e8tes ;<\/li><li>Droit \u00e0 la portabilit\u00e9 : il permet \u00e0 l\u2019utilisateur de demander au Ch\u00e2teau de l\u2019Hospital une copie de ses donn\u00e9es personnelles dans un format \u00e9lectronique et de transmettre ses donn\u00e9es personnelles pour une utilisation par un tiers ;<\/li><li>Droit \u00e0 l\u2019effacement : il permet \u00e0 l\u2019utilisateur de demander au Ch\u00e2teau de l\u2019Hospital de supprimer d\u00e9finitivement ses donn\u00e9es personnelles ;<\/li><li>Droit d\u2019opposition : il permet \u00e0 l\u2019utilisateur de s\u2019opposer \u00e0 ce que ses donn\u00e9es soient trait\u00e9es :<ul><li>pour des raisons personnelles tenant \u00e0 sa situation particuli\u00e8re, ou \u00e0 des fins de marketing direct.<\/li><\/ul><\/li><li>Droit \u00e0 la limitation du traitement : il permet \u00e0 l\u2019utilisateur de demander au Ch\u00e2teau de l\u2019Hospital d\u2019arr\u00eater temporairement le traitement de tout ou partie de ses donn\u00e9es personnelles si l\u2019utilisateur a exerc\u00e9 son droit de rectification ou son droit d\u2019opposition, le temps que le Ch\u00e2teau de l\u2019Hospital proc\u00e8de \u00e0 l\u2019examen de sa demande ;<\/li><\/ul><p style=\"font-weight: 400;\">\u00a0<\/p><p style=\"font-weight: 400;\">L\u2019utilisateur peut exercer ses droits aupr\u00e8s du Ch\u00e2teau de l\u2019Hospital en adressant une demande \u00e9crite, accompagn\u00e9e d\u2019une copie de son titre d\u2019identit\u00e9 avec signature du titulaire de la pi\u00e8ce et en pr\u00e9cisant l\u2019adresse \u00e0 laquelle la r\u00e9ponse doit \u00eatre envoy\u00e9e :<\/p><p style=\"font-weight: 400;\">\u00a0<\/p><ul><li>Par email, \u00e0 contact@chateaudelhospital.fr<\/li><li>Par courrier, \u00e0 Ch\u00e2teau de l\u2019Hospital<\/li><\/ul><p style=\"font-weight: 400;\">\u00a0<\/p><p style=\"font-weight: 400;\">8 rue de l&#8217;Hospital &#8211; 33640 PORTETS \/ Tel +33(0)5 56 67 54 73<\/p><p style=\"font-weight: 400;\">\u00a0<\/p><p style=\"font-weight: 400;\">Vous disposez \u00e9galement du droit d\u2019introduire une r\u00e9clamation aupr\u00e8s d\u2019une autorit\u00e9 de contr\u00f4le, par exemple la<\/p><p style=\"font-weight: 400;\">Commission Nationale de l\u2019Informatique et des Libert\u00e9s (CNIL) en France<\/p><p style=\"font-weight: 400;\">(https:\/\/www.cnil.fr\/) et du droit de d\u00e9finir des directives relatives \u00e0 la conservation, \u00e0 l\u2019effacement et \u00e0 la communication de vos donn\u00e9es \u00e0 caract\u00e8re personnel apr\u00e8s votre d\u00e9c\u00e8s.<\/p><p style=\"font-weight: 400;\">\u00a0<\/p><p style=\"font-weight: 400;\">Cookies<\/p><p style=\"font-weight: 400;\">\u00a0<\/p><p style=\"font-weight: 400;\">Le site https:\/\/chateaudelhospital.fr\/ utilise des cookies.<\/p><p style=\"font-weight: 400;\">\u00a0<\/p><p style=\"font-weight: 400;\">Un cookie est un fichier texte d\u00e9pos\u00e9 sur l\u2019ordinateur de l\u2019utilisateur lors de la visite d\u2019un site ou de la consultation d\u2019une publicit\u00e9. Il a pour but de collecter des informations relatives \u00e0 sa navigation.<\/p><p style=\"font-weight: 400;\">\u00a0<\/p><p style=\"font-weight: 400;\">En cas d\u2019infraction av\u00e9r\u00e9e \u00e0 des dispositions l\u00e9gales ou r\u00e9glementaires, ces informations pourront faire l\u2019objet d\u2019une communication sur demande expresse et motiv\u00e9e des autorit\u00e9s judiciaires.<\/p><p style=\"font-weight: 400;\">\u00a0<\/p><p style=\"font-weight: 400;\">Les informations obtenues pourront \u00eatre utilis\u00e9es \u00e0 des fins de d\u00e9marchage commercial par le Ch\u00e2teau de l\u2019Hospital ou ses partenaires. Pour refuser de recevoir ces informations il convient d\u2019adresser un mail \u00e0 l\u2019adresse suivante : <a href=\"mailto:event@chateaudelhospital.fr\">event@chateaudelhospital.fr<\/a><\/p><p style=\"font-weight: 400;\">\u00a0<\/p><p style=\"font-weight: 400;\">Le Site peut collecter automatiquement des informations standards telles que l\u2019adresse IP du terminal servant \u00e0 se connecter, le type de navigateur, le syst\u00e8me d\u2019exploitation, les temps d\u2019acc\u00e8s, etc. Toutes les informations collect\u00e9es indirectement ne seront utilis\u00e9es que pour suivre le volume, le type et la configuration du trafic utilisant ce Site, pour en d\u00e9velopper la conception et l\u2019agencement et \u00e0 d\u2019autres fins administratives et de planification, pour identifier d\u2019\u00e9ventuelles utilisations frauduleuses et plus g\u00e9n\u00e9ralement pour am\u00e9liorer le service offert.<\/p><p style=\"font-weight: 400;\">\u00a0<\/p><p style=\"font-weight: 400;\">Le Site peut collecter automatiquement des informations standards telles que l\u2019adresse IP du terminal servant \u00e0 se connecter, le type de navigateur, le syst\u00e8me d\u2019exploitation, les temps d\u2019acc\u00e8s, etc.<\/p><p style=\"font-weight: 400;\">\u00a0<\/p><p style=\"font-weight: 400;\">CONSOMMATION D\u2019ALCOOL<\/p><p style=\"font-weight: 400;\">L\u2019abus d\u2019alcool est dangereux pour la sant\u00e9, \u00e0 consommer avec mod\u00e9ration.<\/p>\t\t\t\t\t\t<\/div>\n\t\t\t\t<\/div>\n\t\t\t\t\t<\/div>\n\t\t\t\t<\/div>\n\t\t\t\t<\/div>","protected":false},"excerpt":{"rendered":"<p>Personal data collected as part of the services offered on https:\/\/chateaudelhospital.fr are processed under the responsibility of : Ch\u00e2teau de l&#8217;Hospital 8 rue de l&#8217;Hospital 33640 PORTETS The https:\/\/chateaudelhospital.fr website is hosted by : HOSTINGER INTERNATIONAL LTD 61 Lordou Vironos Street 6023 Larnaca, Cyprus https:\/\/www.hostinger.fr\/contact Ch\u00e2teau de l&#8217;Hospital processes this data for the purposes of [&hellip;]<\/p>","protected":false},"author":1,"featured_media":0,"parent":0,"menu_order":0,"comment_status":"closed","ping_status":"closed","template":"","meta":{"footnotes":""},"class_list":["post-2748","page","type-page","status-publish","hentry"],"acf":[],"yoast_head":"<!-- This site is optimized with the Yoast SEO plugin v24.8.1 - https:\/\/yoast.com\/wordpress\/plugins\/seo\/ -->\n<title>Legal Mentions &amp; Privacy Policy - Ch\u00e2teau de L&#039;Hospital<\/title>\n<meta name=\"robots\" content=\"index, follow, max-snippet:-1, max-image-preview:large, max-video-preview:-1\" \/>\n<link rel=\"canonical\" href=\"https:\/\/chateaudelhospital.fr\/fr\/ou-nous-trouver\/\" \/>\n<meta property=\"og:locale\" content=\"fr_FR\" \/>\n<meta property=\"og:type\" content=\"article\" \/>\n<meta property=\"og:title\" content=\"Legal Mentions &amp; Privacy Policy - Ch\u00e2teau de L&#039;Hospital\" \/>\n<meta property=\"og:description\" content=\"Personal data collected as part of the services offered on https:\/\/chateaudelhospital.fr are processed under the responsibility of : Ch\u00e2teau de l&#8217;Hospital 8 rue de l&#8217;Hospital 33640 PORTETS The https:\/\/chateaudelhospital.fr website is hosted by : HOSTINGER INTERNATIONAL LTD 61 Lordou Vironos Street 6023 Larnaca, Cyprus https:\/\/www.hostinger.fr\/contact Ch\u00e2teau de l&#8217;Hospital processes this data for the purposes of [&hellip;]\" \/>\n<meta property=\"og:url\" content=\"https:\/\/chateaudelhospital.fr\/fr\/ou-nous-trouver\/\" \/>\n<meta property=\"og:site_name\" content=\"Ch\u00e2teau de L&#039;Hospital\" \/>\n<meta property=\"article:modified_time\" content=\"2025-03-21T15:27:24+00:00\" \/>\n<meta name=\"twitter:card\" content=\"summary_large_image\" \/>\n<meta name=\"twitter:label1\" content=\"Est. reading time\" \/>\n\t<meta name=\"twitter:data1\" content=\"4 minutes\" \/>\n<script type=\"application\/ld+json\" class=\"yoast-schema-graph\">{\"@context\":\"https:\/\/schema.org\",\"@graph\":[{\"@type\":\"WebPage\",\"@id\":\"https:\/\/chateaudelhospital.fr\/fr\/ou-nous-trouver\/\",\"url\":\"https:\/\/chateaudelhospital.fr\/fr\/ou-nous-trouver\/\",\"name\":\"Legal Mentions & Privacy Policy - Ch\u00e2teau de L&#039;Hospital\",\"isPartOf\":{\"@id\":\"https:\/\/chateaudelhospital.fr\/fr\/#website\"},\"datePublished\":\"2023-11-22T11:47:00+00:00\",\"dateModified\":\"2025-03-21T15:27:24+00:00\",\"breadcrumb\":{\"@id\":\"https:\/\/chateaudelhospital.fr\/fr\/ou-nous-trouver\/#breadcrumb\"},\"inLanguage\":\"fr-FR\",\"potentialAction\":[{\"@type\":\"ReadAction\",\"target\":[\"https:\/\/chateaudelhospital.fr\/fr\/ou-nous-trouver\/\"]}]},{\"@type\":\"BreadcrumbList\",\"@id\":\"https:\/\/chateaudelhospital.fr\/fr\/ou-nous-trouver\/#breadcrumb\",\"itemListElement\":[{\"@type\":\"ListItem\",\"position\":1,\"name\":\"Home\",\"item\":\"https:\/\/chateaudelhospital.fr\/\"},{\"@type\":\"ListItem\",\"position\":2,\"name\":\"Legal Mentions &#038; Privacy Policy\"}]},{\"@type\":\"WebSite\",\"@id\":\"https:\/\/chateaudelhospital.fr\/fr\/#website\",\"url\":\"https:\/\/chateaudelhospital.fr\/fr\/\",\"name\":\"Ch\u00e2teau de L&#039;Hospital\",\"description\":\"\",\"potentialAction\":[{\"@type\":\"SearchAction\",\"target\":{\"@type\":\"EntryPoint\",\"urlTemplate\":\"https:\/\/chateaudelhospital.fr\/fr\/?s={search_term_string}\"},\"query-input\":{\"@type\":\"PropertyValueSpecification\",\"valueRequired\":true,\"valueName\":\"search_term_string\"}}],\"inLanguage\":\"fr-FR\"}]}<\/script>\n<!-- \/ Yoast SEO plugin. -->","yoast_head_json":{"title":"Legal Mentions & Privacy Policy - Ch\u00e2teau de L&#039;Hospital","robots":{"index":"index","follow":"follow","max-snippet":"max-snippet:-1","max-image-preview":"max-image-preview:large","max-video-preview":"max-video-preview:-1"},"canonical":"https:\/\/chateaudelhospital.fr\/fr\/ou-nous-trouver\/","og_locale":"fr_FR","og_type":"article","og_title":"Legal Mentions & Privacy Policy - Ch\u00e2teau de L&#039;Hospital","og_description":"Personal data collected as part of the services offered on https:\/\/chateaudelhospital.fr are processed under the responsibility of : Ch\u00e2teau de l&#8217;Hospital 8 rue de l&#8217;Hospital 33640 PORTETS The https:\/\/chateaudelhospital.fr website is hosted by : HOSTINGER INTERNATIONAL LTD 61 Lordou Vironos Street 6023 Larnaca, Cyprus https:\/\/www.hostinger.fr\/contact Ch\u00e2teau de l&#8217;Hospital processes this data for the purposes of [&hellip;]","og_url":"https:\/\/chateaudelhospital.fr\/fr\/ou-nous-trouver\/","og_site_name":"Ch\u00e2teau de L&#039;Hospital","article_modified_time":"2025-03-21T15:27:24+00:00","twitter_card":"summary_large_image","twitter_misc":{"Est. reading time":"4 minutes"},"schema":{"@context":"https:\/\/schema.org","@graph":[{"@type":"WebPage","@id":"https:\/\/chateaudelhospital.fr\/fr\/ou-nous-trouver\/","url":"https:\/\/chateaudelhospital.fr\/fr\/ou-nous-trouver\/","name":"Legal Mentions & Privacy Policy - Ch\u00e2teau de L&#039;Hospital","isPartOf":{"@id":"https:\/\/chateaudelhospital.fr\/fr\/#website"},"datePublished":"2023-11-22T11:47:00+00:00","dateModified":"2025-03-21T15:27:24+00:00","breadcrumb":{"@id":"https:\/\/chateaudelhospital.fr\/fr\/ou-nous-trouver\/#breadcrumb"},"inLanguage":"fr-FR","potentialAction":[{"@type":"ReadAction","target":["https:\/\/chateaudelhospital.fr\/fr\/ou-nous-trouver\/"]}]},{"@type":"BreadcrumbList","@id":"https:\/\/chateaudelhospital.fr\/fr\/ou-nous-trouver\/#breadcrumb","itemListElement":[{"@type":"ListItem","position":1,"name":"Home","item":"https:\/\/chateaudelhospital.fr\/"},{"@type":"ListItem","position":2,"name":"Legal Mentions &#038; Privacy Policy"}]},{"@type":"WebSite","@id":"https:\/\/chateaudelhospital.fr\/fr\/#website","url":"https:\/\/chateaudelhospital.fr\/fr\/","name":"Ch\u00e2teau de L&#039;Hospital","description":"","potentialAction":[{"@type":"SearchAction","target":{"@type":"EntryPoint","urlTemplate":"https:\/\/chateaudelhospital.fr\/fr\/?s={search_term_string}"},"query-input":{"@type":"PropertyValueSpecification","valueRequired":true,"valueName":"search_term_string"}}],"inLanguage":"fr-FR"}]}},"_links":{"self":[{"href":"https:\/\/chateaudelhospital.fr\/fr\/wp-json\/wp\/v2\/pages\/2748","targetHints":{"allow":["GET"]}}],"collection":[{"href":"https:\/\/chateaudelhospital.fr\/fr\/wp-json\/wp\/v2\/pages"}],"about":[{"href":"https:\/\/chateaudelhospital.fr\/fr\/wp-json\/wp\/v2\/types\/page"}],"author":[{"embeddable":true,"href":"https:\/\/chateaudelhospital.fr\/fr\/wp-json\/wp\/v2\/users\/1"}],"replies":[{"embeddable":true,"href":"https:\/\/chateaudelhospital.fr\/fr\/wp-json\/wp\/v2\/comments?post=2748"}],"version-history":[{"count":125,"href":"https:\/\/chateaudelhospital.fr\/fr\/wp-json\/wp\/v2\/pages\/2748\/revisions"}],"predecessor-version":[{"id":7207,"href":"https:\/\/chateaudelhospital.fr\/fr\/wp-json\/wp\/v2\/pages\/2748\/revisions\/7207"}],"wp:attachment":[{"href":"https:\/\/chateaudelhospital.fr\/fr\/wp-json\/wp\/v2\/media?parent=2748"}],"curies":[{"name":"wp","href":"https:\/\/api.w.org\/{rel}","templated":true}]}}