{"id":2484,"date":"2023-11-13T11:41:32","date_gmt":"2023-11-13T11:41:32","guid":{"rendered":"https:\/\/chateaudelhospital.fr\/?page_id=2484"},"modified":"2024-12-11T16:56:42","modified_gmt":"2024-12-11T16:56:42","slug":"design-your-own-event","status":"publish","type":"page","link":"https:\/\/chateaudelhospital.fr\/fr\/concevez-votre-propre-evenement\/","title":{"rendered":"Cre\u00e9r votre propre \u00e9v\u00e9nement"},"content":{"rendered":"<div data-elementor-type=\"wp-page\" data-elementor-id=\"2484\" class=\"elementor elementor-2484\" data-elementor-post-type=\"page\">\n\t\t\t\t\t\t<section class=\"elementor-section elementor-top-section elementor-element elementor-element-53031be elementor-reverse-tablet elementor-reverse-mobile elementor-section-boxed elementor-section-height-default elementor-section-height-default\" data-id=\"53031be\" data-element_type=\"section\" data-settings=\"{&quot;background_background&quot;:&quot;classic&quot;}\">\n\t\t\t\t\t\t<div class=\"elementor-container elementor-column-gap-default\">\n\t\t\t\t\t<div class=\"elementor-column elementor-col-50 elementor-top-column elementor-element elementor-element-8816c82\" data-id=\"8816c82\" data-element_type=\"column\">\n\t\t\t<div class=\"elementor-widget-wrap elementor-element-populated\">\n\t\t\t\t\t\t<div class=\"elementor-element elementor-element-c7558d9 elementor-widget__width-auto elementor-widget elementor-widget-wgl-image-layers\" data-id=\"c7558d9\" data-element_type=\"widget\" data-widget_type=\"wgl-image-layers.default\">\n\t\t\t\t<div class=\"elementor-widget-container\">\n\t\t\t<div class=\"wgl-image-layers\"><div class=\"img-layer_image-wrapper fade_in\" style=\"z-index: 1\">\r\n                <div class=\"img-layer_item\" style=\"transform: translate(0px, 0%);\">\r\n                    <div class=\"img-layer_image\" style=\"transition: all 800ms; transition-delay: 600ms;\">\r\n                        <img decoding=\"async\" src=\"https:\/\/chateaudelhospital.fr\/wp-content\/uploads\/2022\/08\/homepage-2_3.png\" alt=\"page d&#039;accueil-2_3\" \/>\r\n                    <\/div>\r\n                <\/div>\r\n            <\/div> <div class=\"img-layer_image-wrapper fade_in\" style=\"z-index: 1\">\r\n                <div class=\"img-layer_item\" style=\"transform: translate(0px, %);\">\r\n                    <div class=\"img-layer_image\" style=\"transition: all 800ms; transition-delay: 1200ms;\">\r\n                        <img decoding=\"async\" src=\"https:\/\/chateaudelhospital.fr\/wp-content\/uploads\/2024\/12\/11.png\" alt=\"11\" \/>\r\n                    <\/div>\r\n                <\/div>\r\n            <\/div> <\/div>\t\t<\/div>\n\t\t\t\t<\/div>\n\t\t\t\t\t<\/div>\n\t\t<\/div>\n\t\t\t\t<div class=\"elementor-column elementor-col-50 elementor-top-column elementor-element elementor-element-5969d0a\" data-id=\"5969d0a\" data-element_type=\"column\">\n\t\t\t<div class=\"elementor-widget-wrap elementor-element-populated\">\n\t\t\t\t\t\t<div class=\"elementor-element elementor-element-05a5795 elementor-widget elementor-widget-spacer\" data-id=\"05a5795\" data-element_type=\"widget\" data-widget_type=\"spacer.default\">\n\t\t\t\t<div class=\"elementor-widget-container\">\n\t\t\t\t\t<div class=\"elementor-spacer\">\n\t\t\t<div class=\"elementor-spacer-inner\"><\/div>\n\t\t<\/div>\n\t\t\t\t<\/div>\n\t\t\t\t<\/div>\n\t\t\t\t<div class=\"elementor-element elementor-element-c9ea499 aleft elementor-widget elementor-widget-wgl-double-heading\" data-id=\"c9ea499\" data-element_type=\"widget\" data-widget_type=\"wgl-double-heading.default\">\n\t\t\t\t<div class=\"elementor-widget-container\">\n\t\t\t<div class=\"wgl-double-heading\"><div class=\"dblh__subtitle\">\u00c9v\u00e9nements<\/div><h3 class=\"dblh__title-wrapper\"><span class=\"dblh__title dblh__title-1\">Cre\u00e9r votre propre \u00e9v\u00e9nement\n<\/span><\/h3><\/div>\t\t<\/div>\n\t\t\t\t<\/div>\n\t\t\t\t<div class=\"elementor-element elementor-element-c319dea elementor-widget__width-initial elementor-widget-tablet__width-inherit elementor-widget elementor-widget-heading\" data-id=\"c319dea\" data-element_type=\"widget\" data-widget_type=\"heading.default\">\n\t\t\t\t<div class=\"elementor-widget-container\">\n\t\t\t<h5 class=\"elementor-heading-title elementor-size-default\">Quel type d\u2019\u00e9v\u00e9nement cherchez-vous \u00e0 cr\u00e9er ?<\/h5>\t\t<\/div>\n\t\t\t\t<\/div>\n\t\t\t\t<div class=\"elementor-element elementor-element-db1fbfa elementor-widget__width-inherit elementor-widget-tablet__width-inherit elementor-widget elementor-widget-text-editor\" data-id=\"db1fbfa\" data-element_type=\"widget\" data-widget_type=\"text-editor.default\">\n\t\t\t\t<div class=\"elementor-widget-container\">\n\t\t\t\t\t\t\t<p>Privatisation du domaine pour toutes occasions : anniversaires, r\u00e9unions de famille, \u00e9v\u00e9nements professionnels, etc. Privatisez le Ch\u00e2teau de L&#039;Hospital pour votre \u00e9v\u00e9nement priv\u00e9 ou professionnel, en semaine ou en week-end, selon disponibilit\u00e9s. Le domaine propose diff\u00e9rents types d&#039;h\u00e9bergements.<\/p>\t\t\t\t\t\t<\/div>\n\t\t\t\t<\/div>\n\t\t\t\t<div class=\"elementor-element elementor-element-42ba74b aleft elementor-widget elementor-widget-wgl-button\" data-id=\"42ba74b\" data-element_type=\"widget\" data-widget_type=\"wgl-button.default\">\n\t\t\t\t<div class=\"elementor-widget-container\">\n\t\t\t<a  class=\"wgl-button btn-size-xl\" role=\"button\" href=\"https:\/\/chateaudelhospital.fr\/your-event-quote\/\"><div class=\"button__content\"><span class=\"button__text\">OBTENIR UN DEVIS<\/span><\/div><\/a>\t\t<\/div>\n\t\t\t\t<\/div>\n\t\t\t\t<div class=\"elementor-element elementor-element-e20efaf elementor-widget elementor-widget-spacer\" data-id=\"e20efaf\" data-element_type=\"widget\" data-widget_type=\"spacer.default\">\n\t\t\t\t<div class=\"elementor-widget-container\">\n\t\t\t\t\t<div class=\"elementor-spacer\">\n\t\t\t<div class=\"elementor-spacer-inner\"><\/div>\n\t\t<\/div>\n\t\t\t\t<\/div>\n\t\t\t\t<\/div>\n\t\t\t\t\t<\/div>\n\t\t<\/div>\n\t\t\t\t\t<\/div>\n\t\t<\/section>\n\t\t\t\t<\/div>","protected":false},"excerpt":{"rendered":"<p>The Events Design Your Own Event What kind of event are you looking to create? Privatization of the estate for all occasions: birthdays, family reunions, business events, etc. Privatize Ch\u00e2teau de L\u2019Hospital for your private or business event, weekdays or weekends, depending on availability. The estate offers various types of accommodation. GET A QUOTATION<\/p>","protected":false},"author":1,"featured_media":0,"parent":0,"menu_order":0,"comment_status":"closed","ping_status":"closed","template":"","meta":{"footnotes":""},"class_list":["post-2484","page","type-page","status-publish","hentry"],"acf":[],"yoast_head":"<!-- This site is optimized with the Yoast SEO plugin v24.8.1 - https:\/\/yoast.com\/wordpress\/plugins\/seo\/ -->\n<title>Design Your Own Event - Ch\u00e2teau de L&#039;Hospital<\/title>\n<meta name=\"robots\" content=\"index, follow, max-snippet:-1, max-image-preview:large, max-video-preview:-1\" \/>\n<link rel=\"canonical\" href=\"https:\/\/chateaudelhospital.fr\/fr\/concevez-votre-propre-evenement\/\" \/>\n<meta property=\"og:locale\" content=\"fr_FR\" \/>\n<meta property=\"og:type\" content=\"article\" \/>\n<meta property=\"og:title\" content=\"Design Your Own Event - Ch\u00e2teau de L&#039;Hospital\" \/>\n<meta property=\"og:description\" content=\"The Events Design Your Own Event What kind of event are you looking to create? Privatization of the estate for all occasions: birthdays, family reunions, business events, etc. Privatize Ch\u00e2teau de L\u2019Hospital for your private or business event, weekdays or weekends, depending on availability. The estate offers various types of accommodation. GET A QUOTATION\" \/>\n<meta property=\"og:url\" content=\"https:\/\/chateaudelhospital.fr\/fr\/concevez-votre-propre-evenement\/\" \/>\n<meta property=\"og:site_name\" content=\"Ch\u00e2teau de L&#039;Hospital\" \/>\n<meta property=\"article:modified_time\" content=\"2024-12-11T16:56:42+00:00\" \/>\n<meta property=\"og:image\" content=\"https:\/\/chateaudelhospital.fr\/wp-content\/uploads\/2022\/08\/homepage-2_3.png\" \/>\n<meta name=\"twitter:card\" content=\"summary_large_image\" \/>\n<script type=\"application\/ld+json\" class=\"yoast-schema-graph\">{\"@context\":\"https:\/\/schema.org\",\"@graph\":[{\"@type\":\"WebPage\",\"@id\":\"https:\/\/chateaudelhospital.fr\/fr\/concevez-votre-propre-evenement\/\",\"url\":\"https:\/\/chateaudelhospital.fr\/fr\/concevez-votre-propre-evenement\/\",\"name\":\"Design Your Own Event - Ch\u00e2teau de L&#039;Hospital\",\"isPartOf\":{\"@id\":\"https:\/\/chateaudelhospital.fr\/fr\/#website\"},\"primaryImageOfPage\":{\"@id\":\"https:\/\/chateaudelhospital.fr\/fr\/concevez-votre-propre-evenement\/#primaryimage\"},\"image\":{\"@id\":\"https:\/\/chateaudelhospital.fr\/fr\/concevez-votre-propre-evenement\/#primaryimage\"},\"thumbnailUrl\":\"https:\/\/chateaudelhospital.fr\/wp-content\/uploads\/2022\/08\/homepage-2_3.png\",\"datePublished\":\"2023-11-13T11:41:32+00:00\",\"dateModified\":\"2024-12-11T16:56:42+00:00\",\"breadcrumb\":{\"@id\":\"https:\/\/chateaudelhospital.fr\/fr\/concevez-votre-propre-evenement\/#breadcrumb\"},\"inLanguage\":\"fr-FR\",\"potentialAction\":[{\"@type\":\"ReadAction\",\"target\":[\"https:\/\/chateaudelhospital.fr\/fr\/concevez-votre-propre-evenement\/\"]}]},{\"@type\":\"ImageObject\",\"inLanguage\":\"fr-FR\",\"@id\":\"https:\/\/chateaudelhospital.fr\/fr\/concevez-votre-propre-evenement\/#primaryimage\",\"url\":\"https:\/\/chateaudelhospital.fr\/wp-content\/uploads\/2022\/08\/homepage-2_3.png\",\"contentUrl\":\"https:\/\/chateaudelhospital.fr\/wp-content\/uploads\/2022\/08\/homepage-2_3.png\"},{\"@type\":\"BreadcrumbList\",\"@id\":\"https:\/\/chateaudelhospital.fr\/fr\/concevez-votre-propre-evenement\/#breadcrumb\",\"itemListElement\":[{\"@type\":\"ListItem\",\"position\":1,\"name\":\"Home\",\"item\":\"https:\/\/chateaudelhospital.fr\/\"},{\"@type\":\"ListItem\",\"position\":2,\"name\":\"Design Your Own Event\"}]},{\"@type\":\"WebSite\",\"@id\":\"https:\/\/chateaudelhospital.fr\/fr\/#website\",\"url\":\"https:\/\/chateaudelhospital.fr\/fr\/\",\"name\":\"Ch\u00e2teau de L&#039;Hospital\",\"description\":\"\",\"potentialAction\":[{\"@type\":\"SearchAction\",\"target\":{\"@type\":\"EntryPoint\",\"urlTemplate\":\"https:\/\/chateaudelhospital.fr\/fr\/?s={search_term_string}\"},\"query-input\":{\"@type\":\"PropertyValueSpecification\",\"valueRequired\":true,\"valueName\":\"search_term_string\"}}],\"inLanguage\":\"fr-FR\"}]}<\/script>\n<!-- \/ Yoast SEO plugin. -->","yoast_head_json":{"title":"Design Your Own Event - Ch\u00e2teau de L&#039;Hospital","robots":{"index":"index","follow":"follow","max-snippet":"max-snippet:-1","max-image-preview":"max-image-preview:large","max-video-preview":"max-video-preview:-1"},"canonical":"https:\/\/chateaudelhospital.fr\/fr\/concevez-votre-propre-evenement\/","og_locale":"fr_FR","og_type":"article","og_title":"Design Your Own Event - Ch\u00e2teau de L&#039;Hospital","og_description":"The Events Design Your Own Event What kind of event are you looking to create? Privatization of the estate for all occasions: birthdays, family reunions, business events, etc. Privatize Ch\u00e2teau de L\u2019Hospital for your private or business event, weekdays or weekends, depending on availability. The estate offers various types of accommodation. GET A QUOTATION","og_url":"https:\/\/chateaudelhospital.fr\/fr\/concevez-votre-propre-evenement\/","og_site_name":"Ch\u00e2teau de L&#039;Hospital","article_modified_time":"2024-12-11T16:56:42+00:00","og_image":[{"url":"https:\/\/chateaudelhospital.fr\/wp-content\/uploads\/2022\/08\/homepage-2_3.png","type":"","width":"","height":""}],"twitter_card":"summary_large_image","schema":{"@context":"https:\/\/schema.org","@graph":[{"@type":"WebPage","@id":"https:\/\/chateaudelhospital.fr\/fr\/concevez-votre-propre-evenement\/","url":"https:\/\/chateaudelhospital.fr\/fr\/concevez-votre-propre-evenement\/","name":"Design Your Own Event - Ch\u00e2teau de L&#039;Hospital","isPartOf":{"@id":"https:\/\/chateaudelhospital.fr\/fr\/#website"},"primaryImageOfPage":{"@id":"https:\/\/chateaudelhospital.fr\/fr\/concevez-votre-propre-evenement\/#primaryimage"},"image":{"@id":"https:\/\/chateaudelhospital.fr\/fr\/concevez-votre-propre-evenement\/#primaryimage"},"thumbnailUrl":"https:\/\/chateaudelhospital.fr\/wp-content\/uploads\/2022\/08\/homepage-2_3.png","datePublished":"2023-11-13T11:41:32+00:00","dateModified":"2024-12-11T16:56:42+00:00","breadcrumb":{"@id":"https:\/\/chateaudelhospital.fr\/fr\/concevez-votre-propre-evenement\/#breadcrumb"},"inLanguage":"fr-FR","potentialAction":[{"@type":"ReadAction","target":["https:\/\/chateaudelhospital.fr\/fr\/concevez-votre-propre-evenement\/"]}]},{"@type":"ImageObject","inLanguage":"fr-FR","@id":"https:\/\/chateaudelhospital.fr\/fr\/concevez-votre-propre-evenement\/#primaryimage","url":"https:\/\/chateaudelhospital.fr\/wp-content\/uploads\/2022\/08\/homepage-2_3.png","contentUrl":"https:\/\/chateaudelhospital.fr\/wp-content\/uploads\/2022\/08\/homepage-2_3.png"},{"@type":"BreadcrumbList","@id":"https:\/\/chateaudelhospital.fr\/fr\/concevez-votre-propre-evenement\/#breadcrumb","itemListElement":[{"@type":"ListItem","position":1,"name":"Home","item":"https:\/\/chateaudelhospital.fr\/"},{"@type":"ListItem","position":2,"name":"Design Your Own Event"}]},{"@type":"WebSite","@id":"https:\/\/chateaudelhospital.fr\/fr\/#website","url":"https:\/\/chateaudelhospital.fr\/fr\/","name":"Ch\u00e2teau de L&#039;Hospital","description":"","potentialAction":[{"@type":"SearchAction","target":{"@type":"EntryPoint","urlTemplate":"https:\/\/chateaudelhospital.fr\/fr\/?s={search_term_string}"},"query-input":{"@type":"PropertyValueSpecification","valueRequired":true,"valueName":"search_term_string"}}],"inLanguage":"fr-FR"}]}},"_links":{"self":[{"href":"https:\/\/chateaudelhospital.fr\/fr\/wp-json\/wp\/v2\/pages\/2484","targetHints":{"allow":["GET"]}}],"collection":[{"href":"https:\/\/chateaudelhospital.fr\/fr\/wp-json\/wp\/v2\/pages"}],"about":[{"href":"https:\/\/chateaudelhospital.fr\/fr\/wp-json\/wp\/v2\/types\/page"}],"author":[{"embeddable":true,"href":"https:\/\/chateaudelhospital.fr\/fr\/wp-json\/wp\/v2\/users\/1"}],"replies":[{"embeddable":true,"href":"https:\/\/chateaudelhospital.fr\/fr\/wp-json\/wp\/v2\/comments?post=2484"}],"version-history":[{"count":64,"href":"https:\/\/chateaudelhospital.fr\/fr\/wp-json\/wp\/v2\/pages\/2484\/revisions"}],"predecessor-version":[{"id":5832,"href":"https:\/\/chateaudelhospital.fr\/fr\/wp-json\/wp\/v2\/pages\/2484\/revisions\/5832"}],"wp:attachment":[{"href":"https:\/\/chateaudelhospital.fr\/fr\/wp-json\/wp\/v2\/media?parent=2484"}],"curies":[{"name":"wp","href":"https:\/\/api.w.org\/{rel}","templated":true}]}}