{"id":353,"date":"2022-08-03T07:16:21","date_gmt":"2022-08-03T07:16:21","guid":{"rendered":"https:\/\/wgl-demo.net\/emdene\/?page_id=353"},"modified":"2024-01-31T14:14:41","modified_gmt":"2024-01-31T14:14:41","slug":"our-blog","status":"publish","type":"page","link":"https:\/\/chateaudelhospital.fr\/en_us\/our-blog\/","title":{"rendered":"Our Blog"},"content":{"rendered":"\t\t<div data-elementor-type=\"wp-page\" data-elementor-id=\"353\" class=\"elementor elementor-353\" data-elementor-post-type=\"page\">\n\t\t\t\t\t\t<section class=\"elementor-section elementor-top-section elementor-element elementor-element-b5f7505 elementor-section-boxed elementor-section-height-default elementor-section-height-default\" data-id=\"b5f7505\" data-element_type=\"section\">\n\t\t\t\t\t\t<div class=\"elementor-container elementor-column-gap-default\">\n\t\t\t\t\t<div class=\"elementor-column elementor-col-100 elementor-top-column elementor-element elementor-element-b848438\" data-id=\"b848438\" data-element_type=\"column\">\n\t\t\t<div class=\"elementor-widget-wrap elementor-element-populated\">\n\t\t\t\t\t\t<div class=\"elementor-element elementor-element-9c304ae elementor-widget elementor-widget-wgl-blog\" data-id=\"9c304ae\" data-element_type=\"widget\" data-settings=\"{&quot;blog_columns&quot;:&quot;4&quot;}\" data-widget_type=\"wgl-blog.default\">\n\t\t\t\t<div class=\"elementor-widget-container\">\n\t\t\t<section class=\"wgl_cpt_section\"><div class=\"blog-posts\"><div class=\"container-grid row blog_columns-3 grid blog-style-standard\">    <div class=\"item wgl_col-4\">\r\n    <div class=\"blog-post format-standard-image\">\r\n    <div class=\"blog-post_wrapper\"><div class=\"blog-post_media\"><div class=\"blog-post_media_part\"><a href=\"https:\/\/chateaudelhospital.fr\/en_us\/gold-medal-at-the-concours-general-agricole-the-excellence-of-our-2025-white-rewarded\/\" class=\"media-link image-overlay\"><img decoding=\"async\" src=\"https:\/\/chateaudelhospital.fr\/wp-content\/uploads\/2026\/03\/Chateau-de-lHospital-Blanc-1170x700.png\" alt=\"Ch\u00e2teau de l&#8217;Hospital &#8211; Blanc\"><\/a><\/div><span class=\"post_categories\"><span><a  href=\"https:\/\/chateaudelhospital.fr\/en_us\/category\/blog\/\" >News<\/a><\/span><\/span><\/div>    <div class=\"blog-post_content\"><div class=\"post_meta-wrap\"><div class=\"meta-data\"><span class=\"post_date\">March 24, 2026<\/span><\/div><\/div><h3 class=\"blog-post_title\"><a href=\"https:\/\/chateaudelhospital.fr\/en_us\/gold-medal-at-the-concours-general-agricole-the-excellence-of-our-2025-white-rewarded\/\">Gold Medal at the Concours G\u00e9n\u00e9ral Agricole:  The Excellence of our 2025 White Rewarded!<\/a><\/h3><div class=\"blog-post_text\">It is with immense pride that we share some fantastic news for Ch\u00e2teau de l&#8217;Hospital: our 2025 White vintage has just been awarded a Gold Medal at the prestigious Concours G\u00e9n\u00e9ral Agricole in...<\/div><div class=\"clear\"><\/div><div class=\"blog-post_footer\">            <div class=\"read-more-wrap\">\r\n                <a href=\"https:\/\/chateaudelhospital.fr\/en_us\/gold-medal-at-the-concours-general-agricole-the-excellence-of-our-2025-white-rewarded\/\" class=\"button-read-more\"><span>LEARN MORE<\/span>                    <i class=\"flaticon flaticon-right-arrow read-more-icon\"><\/i>\r\n                <\/a>\r\n            <\/div>    <\/div>\r\n    <\/div>\r\n    <\/div>\r\n    <\/div>\r\n    <\/div>    <div class=\"item wgl_col-4\">\r\n    <div class=\"blog-post format-standard-image\">\r\n    <div class=\"blog-post_wrapper\"><div class=\"blog-post_media\"><div class=\"blog-post_media_part\"><a href=\"https:\/\/chateaudelhospital.fr\/en_us\/chateau-de-lhospital-a-portets\/\" class=\"media-link image-overlay\"><img decoding=\"async\" src=\"https:\/\/chateaudelhospital.fr\/wp-content\/uploads\/2026\/03\/11-1170x700.jpg\" alt=\"11\"><\/a><\/div><span class=\"post_categories\"><span><a  href=\"https:\/\/chateaudelhospital.fr\/en_us\/category\/blog\/\" >News<\/a><\/span><\/span><\/div>    <div class=\"blog-post_content\"><div class=\"post_meta-wrap\"><div class=\"meta-data\"><span class=\"post_date\">March 10, 2026<\/span><\/div><\/div><h3 class=\"blog-post_title\"><a href=\"https:\/\/chateaudelhospital.fr\/en_us\/chateau-de-lhospital-a-portets\/\">Ch\u00e2teau de l\u2019Hospital \u00e0 Portets<\/a><\/h3><div class=\"blog-post_text\">The Ch\u00e2teau de l\u2019Hospital is an emblematic place of Bordeaux\u2019s wine heritage, where history, terroir, and passion for wine come together to offer a unique experience in the heart of the Bordeaux...<\/div><div class=\"clear\"><\/div><div class=\"blog-post_footer\">            <div class=\"read-more-wrap\">\r\n                <a href=\"https:\/\/chateaudelhospital.fr\/en_us\/chateau-de-lhospital-a-portets\/\" class=\"button-read-more\"><span>LEARN MORE<\/span>                    <i class=\"flaticon flaticon-right-arrow read-more-icon\"><\/i>\r\n                <\/a>\r\n            <\/div>    <\/div>\r\n    <\/div>\r\n    <\/div>\r\n    <\/div>\r\n    <\/div>    <div class=\"item wgl_col-4\">\r\n    <div class=\"blog-post format-standard-image\">\r\n    <div class=\"blog-post_wrapper\"><div class=\"blog-post_media\"><div class=\"blog-post_media_part\"><a href=\"https:\/\/chateaudelhospital.fr\/en_us\/the-2025-harvest-at-chateau-de-lhospital-draws-to-a-close-a-blend-of-tradition-and-conviviality\/\" class=\"media-link image-overlay\"><img decoding=\"async\" src=\"https:\/\/chateaudelhospital.fr\/wp-content\/uploads\/2025\/10\/a-1170x700.jpg\" alt=\"a\"><\/a><\/div><span class=\"post_categories\"><span><a  href=\"https:\/\/chateaudelhospital.fr\/en_us\/category\/blog\/\" >News<\/a><\/span><\/span><\/div>    <div class=\"blog-post_content\"><div class=\"post_meta-wrap\"><div class=\"meta-data\"><span class=\"post_date\">October 1, 2025<\/span><\/div><\/div><h3 class=\"blog-post_title\"><a href=\"https:\/\/chateaudelhospital.fr\/en_us\/the-2025-harvest-at-chateau-de-lhospital-draws-to-a-close-a-blend-of-tradition-and-conviviality\/\">Wedding Trends 2026: authenticity, conviviality, and personalization<\/a><\/h3><div class=\"blog-post_text\">Discover the top wedding trends for 2026: authenticity, conviviality, and personalization. Organize your dream reception in a unique venue for an unforgettable celebration.\nWeddings evolve every...<\/div><div class=\"clear\"><\/div><div class=\"blog-post_footer\">            <div class=\"read-more-wrap\">\r\n                <a href=\"https:\/\/chateaudelhospital.fr\/en_us\/the-2025-harvest-at-chateau-de-lhospital-draws-to-a-close-a-blend-of-tradition-and-conviviality\/\" class=\"button-read-more\"><span>LEARN MORE<\/span>                    <i class=\"flaticon flaticon-right-arrow read-more-icon\"><\/i>\r\n                <\/a>\r\n            <\/div>    <\/div>\r\n    <\/div>\r\n    <\/div>\r\n    <\/div>\r\n    <\/div>    <div class=\"item wgl_col-4\">\r\n    <div class=\"blog-post format-standard-image\">\r\n    <div class=\"blog-post_wrapper\"><div class=\"blog-post_media\"><div class=\"blog-post_media_part\"><a href=\"https:\/\/chateaudelhospital.fr\/en_us\/join-us-for-the-gerbaude-at-chateau-de-lhospital-for-the-first-time-2\/\" class=\"media-link image-overlay\"><img decoding=\"async\" src=\"https:\/\/chateaudelhospital.fr\/wp-content\/uploads\/2025\/10\/b2-1170x700.jpg\" alt=\"b2\"><\/a><\/div><span class=\"post_categories\"><span><a  href=\"https:\/\/chateaudelhospital.fr\/en_us\/category\/blog\/\" >News<\/a><\/span><\/span><\/div>    <div class=\"blog-post_content\"><div class=\"post_meta-wrap\"><div class=\"meta-data\"><span class=\"post_date\">October 1, 2025<\/span><\/div><\/div><h3 class=\"blog-post_title\"><a href=\"https:\/\/chateaudelhospital.fr\/en_us\/join-us-for-the-gerbaude-at-chateau-de-lhospital-for-the-first-time-2\/\">The 2025 harvest at Ch\u00e2teau de l&#8217;Hospital draws to a close: a blend of tradition and conviviality<\/a><\/h3><div class=\"blog-post_text\">Today, Tuesday, September 30, 2025, marks the final day of our 2025 harvest with the harvest of our Petit Verdot. A look back at the harvest of a vintage unlike any other.<\/div><div class=\"clear\"><\/div><div class=\"blog-post_footer\">            <div class=\"read-more-wrap\">\r\n                <a href=\"https:\/\/chateaudelhospital.fr\/en_us\/join-us-for-the-gerbaude-at-chateau-de-lhospital-for-the-first-time-2\/\" class=\"button-read-more\"><span>LEARN MORE<\/span>                    <i class=\"flaticon flaticon-right-arrow read-more-icon\"><\/i>\r\n                <\/a>\r\n            <\/div>    <\/div>\r\n    <\/div>\r\n    <\/div>\r\n    <\/div>\r\n    <\/div>    <div class=\"item wgl_col-4\">\r\n    <div class=\"blog-post format-standard-image\">\r\n    <div class=\"blog-post_wrapper\"><div class=\"blog-post_media\"><div class=\"blog-post_media_part\"><a href=\"https:\/\/chateaudelhospital.fr\/en_us\/join-us-for-the-gerbaude-at-chateau-de-lhospital-for-the-first-time\/\" class=\"media-link image-overlay\"><img decoding=\"async\" src=\"https:\/\/chateaudelhospital.fr\/wp-content\/uploads\/2025\/09\/winbe-1170x700.jpg\" alt=\"winbe\"><\/a><\/div><span class=\"post_categories\"><span><a  href=\"https:\/\/chateaudelhospital.fr\/en_us\/category\/blog\/\" >News<\/a><\/span><\/span><\/div>    <div class=\"blog-post_content\"><div class=\"post_meta-wrap\"><div class=\"meta-data\"><span class=\"post_date\">September 15, 2025<\/span><\/div><\/div><h3 class=\"blog-post_title\"><a href=\"https:\/\/chateaudelhospital.fr\/en_us\/join-us-for-the-gerbaude-at-chateau-de-lhospital-for-the-first-time\/\">Join us for the Gerbaude at Ch\u00e2teau de l\u2019Hospital for the first time<\/a><\/h3><div class=\"blog-post_text\">Don\u2019t miss this unique evening in the Graves. With harvest festivities, open-fire dining, and organic wines, the Gerbaude is the must-attend event to celebrate the spirit of the vineyard together....<\/div><div class=\"clear\"><\/div><div class=\"blog-post_footer\">            <div class=\"read-more-wrap\">\r\n                <a href=\"https:\/\/chateaudelhospital.fr\/en_us\/join-us-for-the-gerbaude-at-chateau-de-lhospital-for-the-first-time\/\" class=\"button-read-more\"><span>LEARN MORE<\/span>                    <i class=\"flaticon flaticon-right-arrow read-more-icon\"><\/i>\r\n                <\/a>\r\n            <\/div>    <\/div>\r\n    <\/div>\r\n    <\/div>\r\n    <\/div>\r\n    <\/div>    <div class=\"item wgl_col-4\">\r\n    <div class=\"blog-post format-standard-image\">\r\n    <div class=\"blog-post_wrapper\"><div class=\"blog-post_media\"><div class=\"blog-post_media_part\"><a href=\"https:\/\/chateaudelhospital.fr\/en_us\/keeping-busy-in-july-with-the-wines-of-chateau-de-lhospital\/\" class=\"media-link image-overlay\"><img decoding=\"async\" src=\"https:\/\/chateaudelhospital.fr\/wp-content\/uploads\/2025\/07\/new3-1170x700.jpg\" alt=\"new3\"><\/a><\/div><span class=\"post_categories\"><span><a  href=\"https:\/\/chateaudelhospital.fr\/en_us\/category\/blog\/\" >News<\/a><\/span><\/span><\/div>    <div class=\"blog-post_content\"><div class=\"post_meta-wrap\"><div class=\"meta-data\"><span class=\"post_date\">July 10, 2025<\/span><\/div><\/div><h3 class=\"blog-post_title\"><a href=\"https:\/\/chateaudelhospital.fr\/en_us\/keeping-busy-in-july-with-the-wines-of-chateau-de-lhospital\/\">Keeping Busy in July with the Wines of Ch\u00e2teau de l&#8217;Hospital<\/a><\/h3><div class=\"blog-post_text\">A month of July full of emotions at Ch\u00e2teau de L&#8217;Hospital!\n\u00a0Looking for music, movies, gourmet discoveries, or relaxing while watching the sunset? Our summer calendar is here to inspire you \nOn...<\/div><div class=\"clear\"><\/div><div class=\"blog-post_footer\">            <div class=\"read-more-wrap\">\r\n                <a href=\"https:\/\/chateaudelhospital.fr\/en_us\/keeping-busy-in-july-with-the-wines-of-chateau-de-lhospital\/\" class=\"button-read-more\"><span>LEARN MORE<\/span>                    <i class=\"flaticon flaticon-right-arrow read-more-icon\"><\/i>\r\n                <\/a>\r\n            <\/div>    <\/div>\r\n    <\/div>\r\n    <\/div>\r\n    <\/div>\r\n    <\/div>    <div class=\"item wgl_col-4\">\r\n    <div class=\"blog-post format-standard-image\">\r\n    <div class=\"blog-post_wrapper\"><div class=\"blog-post_media\"><div class=\"blog-post_media_part\"><a href=\"https:\/\/chateaudelhospital.fr\/en_us\/the-chateau-de-lhospital-is-making-headlines\/\" class=\"media-link image-overlay\"><img decoding=\"async\" src=\"https:\/\/chateaudelhospital.fr\/wp-content\/uploads\/2025\/07\/1-1170x700.png\" alt=\"1\"><\/a><\/div><span class=\"post_categories\"><span><a  href=\"https:\/\/chateaudelhospital.fr\/en_us\/category\/blog\/\" >News<\/a><\/span><\/span><\/div>    <div class=\"blog-post_content\"><div class=\"post_meta-wrap\"><div class=\"meta-data\"><span class=\"post_date\">June 4, 2025<\/span><\/div><\/div><h3 class=\"blog-post_title\"><a href=\"https:\/\/chateaudelhospital.fr\/en_us\/the-chateau-de-lhospital-is-making-headlines\/\">The Ch\u00e2teau de l\u2019Hospital Is Making Headlines<\/a><\/h3><div class=\"blog-post_text\">We\u2019re delighted to share our joint interview featured in the \u201cWe are #Bordeauxlocal \u2014 and you?\u201d column by Vins de Bordeaux \u2013 CIVB, published in Sud Ouest newspaper. This spotlight is a wonderful...<\/div><div class=\"clear\"><\/div><div class=\"blog-post_footer\">            <div class=\"read-more-wrap\">\r\n                <a href=\"https:\/\/chateaudelhospital.fr\/en_us\/the-chateau-de-lhospital-is-making-headlines\/\" class=\"button-read-more\"><span>LEARN MORE<\/span>                    <i class=\"flaticon flaticon-right-arrow read-more-icon\"><\/i>\r\n                <\/a>\r\n            <\/div>    <\/div>\r\n    <\/div>\r\n    <\/div>\r\n    <\/div>\r\n    <\/div>    <div class=\"item wgl_col-4\">\r\n    <div class=\"blog-post format-standard-image\">\r\n    <div class=\"blog-post_wrapper\"><div class=\"blog-post_media\"><div class=\"blog-post_media_part\"><a href=\"https:\/\/chateaudelhospital.fr\/en_us\/rose-all-day-how-to-choose-the-perfect-rose-for-the-summer\/\" class=\"media-link image-overlay\"><img decoding=\"async\" src=\"https:\/\/chateaudelhospital.fr\/wp-content\/uploads\/2022\/08\/blog1-1-1170x700.jpg\" alt=\"blog1\"><\/a><\/div><span class=\"post_categories\"><span><a  href=\"https:\/\/chateaudelhospital.fr\/en_us\/category\/blog\/\" >News<\/a><\/span><\/span><\/div>    <div class=\"blog-post_content\"><div class=\"post_meta-wrap\"><div class=\"meta-data\"><span class=\"post_date\">November 25, 2023<\/span><\/div><\/div><h3 class=\"blog-post_title\"><a href=\"https:\/\/chateaudelhospital.fr\/en_us\/rose-all-day-how-to-choose-the-perfect-rose-for-the-summer\/\">Ros\u00e9 All Day: How to Choose the Perfect Ros\u00e9 for the Summer<\/a><\/h3><div class=\"blog-post_text\">The consumption of ros\u00e9 wine has grown by 53% in the last 15 years in France. According to The Connection magazine, each adult in France drinks an average of 20 bottles a year. Today refined wine...<\/div><div class=\"clear\"><\/div><div class=\"blog-post_footer\">            <div class=\"read-more-wrap\">\r\n                <a href=\"https:\/\/chateaudelhospital.fr\/en_us\/rose-all-day-how-to-choose-the-perfect-rose-for-the-summer\/\" class=\"button-read-more\"><span>LEARN MORE<\/span>                    <i class=\"flaticon flaticon-right-arrow read-more-icon\"><\/i>\r\n                <\/a>\r\n            <\/div>    <\/div>\r\n    <\/div>\r\n    <\/div>\r\n    <\/div>\r\n    <\/div><\/div><\/div><\/section>\t\t<\/div>\n\t\t\t\t<\/div>\n\t\t\t\t\t<\/div>\n\t\t<\/div>\n\t\t\t\t\t<\/div>\n\t\t<\/section>\n\t\t\t\t<\/div>\n\t\t","protected":false},"excerpt":{"rendered":"<p>WINE November 25, 2023 Ros\u00e9 All Day: How to Choose the Perfect Ros\u00e9 for the Summer The consumption of ros\u00e9 wine has grown by 53% in the last 15 years in France. According to The Connection magazine, each adult in France drinks an average of 20 bottles a year. Today refined wine&#8230; LEARN MORE<\/p>\n","protected":false},"author":1,"featured_media":0,"parent":0,"menu_order":0,"comment_status":"closed","ping_status":"closed","template":"","meta":{"footnotes":""},"class_list":["post-353","page","type-page","status-publish","hentry"],"acf":[],"yoast_head":"<!-- This site is optimized with the Yoast SEO plugin v24.8.1 - https:\/\/yoast.com\/wordpress\/plugins\/seo\/ -->\n<title>Our Blog - Ch\u00e2teau de L&#039;Hospital<\/title>\n<meta name=\"robots\" content=\"index, follow, max-snippet:-1, max-image-preview:large, max-video-preview:-1\" \/>\n<link rel=\"canonical\" href=\"https:\/\/chateaudelhospital.fr\/en_us\/notre-blog\/\" \/>\n<meta property=\"og:locale\" content=\"en_US\" \/>\n<meta property=\"og:type\" content=\"article\" \/>\n<meta property=\"og:title\" content=\"Our Blog - Ch\u00e2teau de L&#039;Hospital\" \/>\n<meta property=\"og:description\" content=\"WINE November 25, 2023 Ros\u00e9 All Day: How to Choose the Perfect Ros\u00e9 for the Summer The consumption of ros\u00e9 wine has grown by 53% in the last 15 years in France. According to The Connection magazine, each adult in France drinks an average of 20 bottles a year. Today refined wine&#8230; LEARN MORE\" \/>\n<meta property=\"og:url\" content=\"https:\/\/chateaudelhospital.fr\/en_us\/notre-blog\/\" \/>\n<meta property=\"og:site_name\" content=\"Ch\u00e2teau de L&#039;Hospital\" \/>\n<meta property=\"article:modified_time\" content=\"2024-01-31T14:14:41+00:00\" \/>\n<meta property=\"og:image\" content=\"https:\/\/chateaudelhospital.fr\/wp-content\/uploads\/2022\/08\/blog1-1-1170x700.jpg\" \/>\n<meta name=\"twitter:card\" content=\"summary_large_image\" \/>\n<script type=\"application\/ld+json\" class=\"yoast-schema-graph\">{\"@context\":\"https:\/\/schema.org\",\"@graph\":[{\"@type\":\"WebPage\",\"@id\":\"https:\/\/chateaudelhospital.fr\/fr\/notre-blog\/\",\"url\":\"https:\/\/chateaudelhospital.fr\/fr\/notre-blog\/\",\"name\":\"Our Blog - Ch\u00e2teau de L&#039;Hospital\",\"isPartOf\":{\"@id\":\"https:\/\/chateaudelhospital.fr\/fr\/#website\"},\"primaryImageOfPage\":{\"@id\":\"https:\/\/chateaudelhospital.fr\/fr\/notre-blog\/#primaryimage\"},\"image\":{\"@id\":\"https:\/\/chateaudelhospital.fr\/fr\/notre-blog\/#primaryimage\"},\"thumbnailUrl\":\"https:\/\/chateaudelhospital.fr\/wp-content\/uploads\/2022\/08\/blog1-1-1170x700.jpg\",\"datePublished\":\"2022-08-03T07:16:21+00:00\",\"dateModified\":\"2024-01-31T14:14:41+00:00\",\"breadcrumb\":{\"@id\":\"https:\/\/chateaudelhospital.fr\/fr\/notre-blog\/#breadcrumb\"},\"inLanguage\":\"en-US\",\"potentialAction\":[{\"@type\":\"ReadAction\",\"target\":[\"https:\/\/chateaudelhospital.fr\/fr\/notre-blog\/\"]}]},{\"@type\":\"ImageObject\",\"inLanguage\":\"en-US\",\"@id\":\"https:\/\/chateaudelhospital.fr\/fr\/notre-blog\/#primaryimage\",\"url\":\"https:\/\/chateaudelhospital.fr\/wp-content\/uploads\/2022\/08\/blog1-1-1170x700.jpg\",\"contentUrl\":\"https:\/\/chateaudelhospital.fr\/wp-content\/uploads\/2022\/08\/blog1-1-1170x700.jpg\"},{\"@type\":\"BreadcrumbList\",\"@id\":\"https:\/\/chateaudelhospital.fr\/fr\/notre-blog\/#breadcrumb\",\"itemListElement\":[{\"@type\":\"ListItem\",\"position\":1,\"name\":\"Home\",\"item\":\"https:\/\/chateaudelhospital.fr\/\"},{\"@type\":\"ListItem\",\"position\":2,\"name\":\"Our Blog\"}]},{\"@type\":\"WebSite\",\"@id\":\"https:\/\/chateaudelhospital.fr\/fr\/#website\",\"url\":\"https:\/\/chateaudelhospital.fr\/fr\/\",\"name\":\"Ch\u00e2teau de L&#039;Hospital\",\"description\":\"\",\"potentialAction\":[{\"@type\":\"SearchAction\",\"target\":{\"@type\":\"EntryPoint\",\"urlTemplate\":\"https:\/\/chateaudelhospital.fr\/fr\/?s={search_term_string}\"},\"query-input\":{\"@type\":\"PropertyValueSpecification\",\"valueRequired\":true,\"valueName\":\"search_term_string\"}}],\"inLanguage\":\"en-US\"}]}<\/script>\n<!-- \/ Yoast SEO plugin. -->","yoast_head_json":{"title":"Our Blog - Ch\u00e2teau de L&#039;Hospital","robots":{"index":"index","follow":"follow","max-snippet":"max-snippet:-1","max-image-preview":"max-image-preview:large","max-video-preview":"max-video-preview:-1"},"canonical":"https:\/\/chateaudelhospital.fr\/en_us\/notre-blog\/","og_locale":"en_US","og_type":"article","og_title":"Our Blog - Ch\u00e2teau de L&#039;Hospital","og_description":"WINE November 25, 2023 Ros\u00e9 All Day: How to Choose the Perfect Ros\u00e9 for the Summer The consumption of ros\u00e9 wine has grown by 53% in the last 15 years in France. According to The Connection magazine, each adult in France drinks an average of 20 bottles a year. Today refined wine&#8230; LEARN MORE","og_url":"https:\/\/chateaudelhospital.fr\/en_us\/notre-blog\/","og_site_name":"Ch\u00e2teau de L&#039;Hospital","article_modified_time":"2024-01-31T14:14:41+00:00","og_image":[{"url":"https:\/\/chateaudelhospital.fr\/wp-content\/uploads\/2022\/08\/blog1-1-1170x700.jpg","type":"","width":"","height":""}],"twitter_card":"summary_large_image","schema":{"@context":"https:\/\/schema.org","@graph":[{"@type":"WebPage","@id":"https:\/\/chateaudelhospital.fr\/fr\/notre-blog\/","url":"https:\/\/chateaudelhospital.fr\/fr\/notre-blog\/","name":"Our Blog - Ch\u00e2teau de L&#039;Hospital","isPartOf":{"@id":"https:\/\/chateaudelhospital.fr\/fr\/#website"},"primaryImageOfPage":{"@id":"https:\/\/chateaudelhospital.fr\/fr\/notre-blog\/#primaryimage"},"image":{"@id":"https:\/\/chateaudelhospital.fr\/fr\/notre-blog\/#primaryimage"},"thumbnailUrl":"https:\/\/chateaudelhospital.fr\/wp-content\/uploads\/2022\/08\/blog1-1-1170x700.jpg","datePublished":"2022-08-03T07:16:21+00:00","dateModified":"2024-01-31T14:14:41+00:00","breadcrumb":{"@id":"https:\/\/chateaudelhospital.fr\/fr\/notre-blog\/#breadcrumb"},"inLanguage":"en-US","potentialAction":[{"@type":"ReadAction","target":["https:\/\/chateaudelhospital.fr\/fr\/notre-blog\/"]}]},{"@type":"ImageObject","inLanguage":"en-US","@id":"https:\/\/chateaudelhospital.fr\/fr\/notre-blog\/#primaryimage","url":"https:\/\/chateaudelhospital.fr\/wp-content\/uploads\/2022\/08\/blog1-1-1170x700.jpg","contentUrl":"https:\/\/chateaudelhospital.fr\/wp-content\/uploads\/2022\/08\/blog1-1-1170x700.jpg"},{"@type":"BreadcrumbList","@id":"https:\/\/chateaudelhospital.fr\/fr\/notre-blog\/#breadcrumb","itemListElement":[{"@type":"ListItem","position":1,"name":"Home","item":"https:\/\/chateaudelhospital.fr\/"},{"@type":"ListItem","position":2,"name":"Our Blog"}]},{"@type":"WebSite","@id":"https:\/\/chateaudelhospital.fr\/fr\/#website","url":"https:\/\/chateaudelhospital.fr\/fr\/","name":"Ch\u00e2teau de L&#039;Hospital","description":"","potentialAction":[{"@type":"SearchAction","target":{"@type":"EntryPoint","urlTemplate":"https:\/\/chateaudelhospital.fr\/fr\/?s={search_term_string}"},"query-input":{"@type":"PropertyValueSpecification","valueRequired":true,"valueName":"search_term_string"}}],"inLanguage":"en-US"}]}},"_links":{"self":[{"href":"https:\/\/chateaudelhospital.fr\/en_us\/wp-json\/wp\/v2\/pages\/353","targetHints":{"allow":["GET"]}}],"collection":[{"href":"https:\/\/chateaudelhospital.fr\/en_us\/wp-json\/wp\/v2\/pages"}],"about":[{"href":"https:\/\/chateaudelhospital.fr\/en_us\/wp-json\/wp\/v2\/types\/page"}],"author":[{"embeddable":true,"href":"https:\/\/chateaudelhospital.fr\/en_us\/wp-json\/wp\/v2\/users\/1"}],"replies":[{"embeddable":true,"href":"https:\/\/chateaudelhospital.fr\/en_us\/wp-json\/wp\/v2\/comments?post=353"}],"version-history":[{"count":26,"href":"https:\/\/chateaudelhospital.fr\/en_us\/wp-json\/wp\/v2\/pages\/353\/revisions"}],"predecessor-version":[{"id":5460,"href":"https:\/\/chateaudelhospital.fr\/en_us\/wp-json\/wp\/v2\/pages\/353\/revisions\/5460"}],"wp:attachment":[{"href":"https:\/\/chateaudelhospital.fr\/en_us\/wp-json\/wp\/v2\/media?parent=353"}],"curies":[{"name":"wp","href":"https:\/\/api.w.org\/{rel}","templated":true}]}}